{"id":467,"date":"2022-05-06T15:55:54","date_gmt":"2022-05-06T15:55:54","guid":{"rendered":"http:\/\/cocosolis.com\/en\/?page_id=467"},"modified":"2023-12-15T12:09:32","modified_gmt":"2023-12-15T12:09:32","slug":"delivery","status":"publish","type":"page","link":"https:\/\/cocosolis.com\/co\/delivery\/","title":{"rendered":"Orden de pedido y entrega"},"content":{"rendered":"\n<h2 class=\"wp-block-heading\">ORDEN DE PEDIDO y ENTREGA:<\/h2>\n\n\n\n<h5 class=\"wp-block-heading\">YOU CAN ORDER:<\/h5>\n\n\n\n<ul class=\"wp-block-list\">\n<li><strong>A trav\u00e9s de nuestra tienda virtual:&nbsp;<a href=\"https:\/\/cocosolis.com\/es\/store\/\">www.cocosolis.com\/co\/store\/<\/a><\/strong><\/li>\n\n\n\n<li>Mensaje personal en el Facebook.<\/li>\n<\/ul>\n\n\n\n<p>Una vez que se ha recibido el pedido, el cliente recibe una confirmaci\u00f3n por el correo electr\u00f3nico.<\/p>\n\n\n\n<h5 class=\"wp-block-heading\">PRECIO DE ENTREGA:<\/h5>\n\n\n\n<p>El env\u00edo a Colombia es gratuito en pedidos superiores a $200.000. Para pedidos inferiores a $200.000, el coste de env\u00edo es de $12.000.<\/p>\n\n\n\n<h5 class=\"wp-block-heading\">TIEMPO DE ENTREGA:<\/h5>\n\n\n\n<p>La entrega se realizar\u00e1 hasta 2-4 d\u00edas habiles.<br><\/p>\n\n\n\n<h5 class=\"wp-block-heading\">DONDE PODEMOS ENTREGAR:<\/h5>\n\n\n\n<p>En la actualidad, trabajamos con las principales empresas de transporte. La empresa de mensajer\u00eda se asignar\u00e1 una vez realizada la compra, recibiendo toda la informaci\u00f3n correspondiente en el correo electr\u00f3nico que nos indiques.<\/p>\n\n\n\n<p>En d\u00edas h\u00e1biles los horarios de la entrega son de las 09:00am. hasta 6:00pm<\/p>\n\n\n\n<p>Si el cliente no proporciona el acceso y condiciones para la entrega de la mercanc\u00eda en la direcci\u00f3n especificada dentro del tiempo especificado para recibir la mercanc\u00eda a tiempo, el vendedor queda exento de la obligaci\u00f3n de cumplir con el pedido.<\/p>\n\n\n\n<p>Fecha de publicaci\u00f3n: 06.04.2023<\/p>\n","protected":false},"excerpt":{"rendered":"<p>ORDEN DE PEDIDO y ENTREGA: YOU CAN ORDER: Una vez que se ha recibido el pedido, el cliente recibe una confirmaci\u00f3n por el correo electr\u00f3nico. PRECIO DE ENTREGA: El env\u00edo a Colombia es gratuito en pedidos superiores a $200.000. Para pedidos inferiores a $200.000, el coste de env\u00edo es de $12.000. TIEMPO DE ENTREGA: La &hellip; <a href=\"https:\/\/cocosolis.com\/co\/delivery\/\">Continuado<\/a><\/p>\n","protected":false},"author":1,"featured_media":0,"parent":0,"menu_order":0,"comment_status":"closed","ping_status":"closed","template":"","meta":{"_acf_changed":false,"footnotes":""},"page_roles":[36],"class_list":["post-467","page","type-page","status-publish","hentry","page_roles-legal"],"acf":[],"_links":{"self":[{"href":"https:\/\/cocosolis.com\/co\/wp-json\/wp\/v2\/pages\/467","targetHints":{"allow":["GET"]}}],"collection":[{"href":"https:\/\/cocosolis.com\/co\/wp-json\/wp\/v2\/pages"}],"about":[{"href":"https:\/\/cocosolis.com\/co\/wp-json\/wp\/v2\/types\/page"}],"author":[{"embeddable":true,"href":"https:\/\/cocosolis.com\/co\/wp-json\/wp\/v2\/users\/1"}],"replies":[{"embeddable":true,"href":"https:\/\/cocosolis.com\/co\/wp-json\/wp\/v2\/comments?post=467"}],"version-history":[{"count":7,"href":"https:\/\/cocosolis.com\/co\/wp-json\/wp\/v2\/pages\/467\/revisions"}],"predecessor-version":[{"id":670,"href":"https:\/\/cocosolis.com\/co\/wp-json\/wp\/v2\/pages\/467\/revisions\/670"}],"wp:attachment":[{"href":"https:\/\/cocosolis.com\/co\/wp-json\/wp\/v2\/media?parent=467"}],"wp:term":[{"taxonomy":"page_roles","embeddable":true,"href":"https:\/\/cocosolis.com\/co\/wp-json\/wp\/v2\/page_roles?post=467"}],"curies":[{"name":"wp","href":"https:\/\/api.w.org\/{rel}","templated":true}]}}