{"id":464,"date":"2022-05-06T15:55:17","date_gmt":"2022-05-06T15:55:17","guid":{"rendered":"http:\/\/cocosolis.com\/en\/?page_id=464"},"modified":"2023-12-15T12:14:09","modified_gmt":"2023-12-15T12:14:09","slug":"terms-of-use","status":"publish","type":"page","link":"https:\/\/cocosolis.com\/co\/terms-of-use\/","title":{"rendered":"Condiciones de uso del Sitio Web"},"content":{"rendered":"\n<h2 class=\"wp-block-heading\">Condiciones de uso del Sitio Web<\/h2>\n\n\n\n<p>\u00a1Bienvenidos a nuestro Sitio Web! (\u00abcocosolis.com\u00bb). Estas Condiciones de Uso regulan el acceso a y el uso de COCOSOLIS.COM.<br>El acceso al Sitio Web y su uso y tambi\u00e9n la compra de productos de COCOSOLIS.COM se basan en el supuesto que al abrir el Sitio Web por un dispositivo final, el Usuario expresa su consentimiento a familiarizarse con las presentes Condiciones Generales de Uso del Sitio Web y sus anexos.<br>Las Condiciones que se indican a continuaci\u00f3n constituyen un acuerdo que regula las relaciones entre PURMERUL OOD en su capacidad de administrador del Sitio Web www.cocosolis.com y sus usuarios finales.<\/p>\n\n\n\n<p>El presente acuerdo se aplica a los servicios y sistemas de informaci\u00f3n accesibles mediante el Sitio Web, sus versiones m\u00f3viles y tambi\u00e9n cualquier aplicaci\u00f3n o servicio que sea o se pueda vincular al sitio web. El presente acuerdo ser\u00e1 valido hasta que el Usuario termine de utilizar los Servicios accesibles mediante el Sitio Web.<\/p>\n\n\n\n<p>PURMERUL OOD es una sociedad comercial que tiene su sede y domicilio en: Ciudad de Plovdiv 4002, regi\u00f3n Central, Calle Lyuleburgaz, 22, p. 4, ap. 9. La Sociedad est\u00e1 inscrita en el Registro Comercial y en el Registro de personas jur\u00eddicas sin \u00e1nimo de lucro en la Agencia de inscripciones bajo el n\u00famero \u00fanico de identificaci\u00f3n 201172065.<\/p>\n\n\n\n<p>Para m\u00e1s informaci\u00f3n legal, por favor lea las secciones:&nbsp;<a href=\"https:\/\/cocosolis.com\/es\/terms-of-sale\/\" target=\"_blank\" rel=\"noreferrer noopener\">Condiciones Generales de Compra<\/a>,&nbsp;<a href=\"https:\/\/cocosolis.com\/es\/return-policy\/\" target=\"_blank\" rel=\"noreferrer noopener\">Pol\u00edtica de Devoluci\u00f3n<\/a>&nbsp;y&nbsp;<a href=\"https:\/\/cocosolis.com\/es\/privacy-policy\/\" target=\"_blank\" rel=\"noreferrer noopener\">Pol\u00edtica de Datos Personales<\/a>&nbsp;de COCOSOLIS.COM.<br>La finalidad del Sitio Web consiste en las siguientes direcciones principales:<\/p>\n\n\n\n<ol class=\"wp-block-list\">\n<li>Informar los Usuarios sobre la actividad de la sociedad, su historia, visi\u00f3n, misi\u00f3n, valores, responsabilidad corporativa y social y los productos y servicios ofrecidos por la misma.<\/li>\n\n\n\n<li>Facilitar acceso a una plataforma mediante la que los Usuarios pueden realizar pedidos de mercanc\u00edas en linea, celebrar contratos de compraventa de mercanc\u00edas ofrecidas por la Sociedad y compartir comentarios y evaluaciones de las mercanc\u00edas ofrecidas.<\/li>\n\n\n\n<li>Informar los Usuarios del Sitio Web sobre los detalles de contacto de la Sociedad en el caso de que necesiten informaci\u00f3n adicional, tengan preguntas sobre los productos y los servicios ofrecidos, deseen hacer comentarios o recomendaciones y recibir informaci\u00f3n sobre sus derechos y el modo de ejercerlos.<\/li>\n<\/ol>\n\n\n\n<p>El acceso a COCOSOLIS.COM y su utilizaci\u00f3n, incluso muestra de sitios web, comunicaci\u00f3n con COCOSOLIS.COM y con los vinculados sitios web y recursos de redes sociales, la realizaci\u00f3n de compras en la p\u00e1gina web, se realizar\u00e1n por nuestros usuarios enteramente por fines personales que en ning\u00fan caso se deben relacionar con cualquier actividad comercial, econ\u00f3mica u profesional.<\/p>\n\n\n\n<p>COCOSOLIS.COM no ser\u00e1 responsable por cualquier utilizaci\u00f3n del sitio web y su contenido por cualquier de sus usuarios que no cumpla con las leyes y las disposiciones legales. En concreto, usted puede ser imputable por facilitar informaci\u00f3n o datos incorrectos o falsos respecto a terceras personas (en el caso de que la tercera parte no haya dado su consentimiento) y tambi\u00e9n por cualquier uso incorrecto de semejantes datos o informaci\u00f3n.<\/p>\n\n\n\n<h5 class=\"wp-block-heading\">1. Inscripci\u00f3n y Comunicaci\u00f3n<\/h5>\n\n\n\n<p>Si usted desea utilizar nuestros servicios, debe ser mayor de edad y debe aceptar las presentes Condiciones. Con el hecho de aceptar las presentes Condiciones el Usuario acuerda que la comunicaci\u00f3n con \u00e9l se realice mediante los facilitados canales de comunicaci\u00f3n electr\u00f3nica \u2013 tel\u00e9fono, correo electr\u00f3nico, SMS y otros canales electr\u00f3nicos. El usuario acepta ser el recipiente y recibir declaraciones electr\u00f3nicas del Sitio Web y de su administrador.<\/p>\n\n\n\n<p>Las partes aceptan que los mensajes mandados mediante correo electr\u00f3nico representan declaraciones electr\u00f3nicas y que la informaci\u00f3n que los acompa\u00f1a representa una identificaci\u00f3n del autor como el titular de estas declaraciones electr\u00f3nicas y es una firma electr\u00f3nica a la que las partes reconocen el valor de firma manuscrita en cuanto a sus relaciones.<\/p>\n\n\n\n<p>Para utilizar nuestros servicios usted tambi\u00e9n puede comprar los productos al inscribirse en el sitio web. La inscripci\u00f3n es gratuita. El usuario puede cancelar su inscripci\u00f3n en cada momento. El usuario acepta facilitar informaci\u00f3n completa, correcta y precisa como al inscribirse, as\u00ed tambi\u00e9n al realizar pedidos sin inscribirse en un perfil. Los derechos de acceso son personales y no se pueden transferir a terceras partes. Nosotros no seremos responsables para acceso no autorizado a su perfil.<\/p>\n\n\n\n<h5 class=\"wp-block-heading\">2. Derechos de Propiedad Intelectual<\/h5>\n\n\n\n<p>El usuario tendr\u00e1 el derecho de acceso en tiempo real (online) a los Servicios ofrecidos a trav\u00e9s del Sitio Web cumpliendo los requisitos de acceso.<\/p>\n\n\n\n<p>El derecho de acceso aprovisionado al Usuario no incluir\u00e1 el derecho de copiar o reproducir informaci\u00f3n o a utilizar objetos protegidos por propiedad intelectual o industrial, con la excepci\u00f3n de cantidades insignificantes de informaci\u00f3n destinadas solo para uso personal, siempre y cuando dicha utilizaci\u00f3n no da\u00f1a los intereses legales de los autores o de otros titulares de derechos de propiedad intelectual o industrial y a condici\u00f3n de que el copiado o la reproducci\u00f3n han sido realizados sin \u00e1nimo de lucro.<\/p>\n\n\n\n<p>El contenido de COCOSOLIS.COM, incluso, pero sin limitarse a, obras, im\u00e1genes, fotos, di\u00e1logos, m\u00fasica, sonidos, clips de v\u00eddeo, documentos, dibujos, figuras, logotipo y cualquier otro material publicado en COCOSOLIS.COM en cualquier formato, incluso men\u00fas, p\u00e1ginas web, gr\u00e1ficos, colores, esquemas, herramientas, fuentes, dise\u00f1o del sitio web, diagramas, planos, m\u00e9todos, procesos, funciones y software que forman parte de COCOSOLIS.COM, est\u00e1n protegidos por los derechos del autor y por cualquier otro derecho de propiedad intelectual de COCOSOLIS.COM y de los relevantes titulares de derechos. La reproducci\u00f3n de COCOSOLIS.COM y de su contenido, sea entera- o parcialmente, independientemente de la forma, no est\u00e1 permitido sin el consentimiento escrito de COCOSOLIS.COM.<\/p>\n\n\n\n<p>COCOSOLIS.COM tendr\u00e1 el derecho exclusivo a permitir o prohibir cada reproducci\u00f3n de COCOSOLIS.COM y de su contenido (sea directa o indirecta, provisional o permanente o por cualquier otra causa o en cualquier otra forma, sea entera- o parcialmente).<br>Los autores de obras publicadas en COCOSOLIS.COM en cualquier momento tendr\u00e1n el derecho de reivindicar la autor\u00eda de sus obras y de oponerse a cualquier distorsi\u00f3n u otra modificaci\u00f3n de sus obras, incluso cualquier cambio de sus obras, que puedan afectar negativamente el honor y la reputaci\u00f3n de los respectivos autores.<br>Los Usuarios de nuestro Sitio Web est\u00e1n obligados a respetar los derechos de autor de los autores que han elegido a publicar sus obras en COCOSOLIS.COM o que han cooperado con COCOSOLIS.COM para crear nuevas obras expresivas y art\u00edsticas que son destinadas para publicaci\u00f3n no solo en el sitio web o que forman parte integral del mismo.<br>De todos modos no se permitir\u00e1 la utilizaci\u00f3n de cualquier modo o bajo cualquier forma del contenido del Sitio Web o cualquier obra separada protegidos por derechos del autor u otro derecho de propiedad intelectual.<\/p>\n\n\n\n<h5 class=\"wp-block-heading\">3. Marcas y Nombres de Dominio<\/h5>\n\n\n\n<p>PURMERUL OOD is el titular exclusivo de los logotipos y la marca registrada \u00abCOCOSOLIS\u00bb y de cualquier otro signo que incluye la palabra \u00abCOCOSOLIS\u00bb y el nombre de dominio \u00abCOCOSOLIS.COM\u00bb.<br>PURMERUL OOD tendr\u00e1 el derecho de uso exclusivo de sus propias marcas.<br>No se permitir\u00e1 utilizar estas marcas para otros productos o servicios sin el consentimiento de PURMERUL OOD.<\/p>\n\n\n\n<h5 class=\"wp-block-heading\">4. Enlaces a Otros Sitios Web<\/h5>\n\n\n\n<p>Cocosolis.com contiene enlaces a otros sitios web que en ning\u00fan modo est\u00e1n vinculados a COCOSOLIS.COM.<br>COCOSOLIS.COM no controla estos sitios web o su contenido. COCOSOLIS.COM no ser\u00e1 responsable para el contenido de estos sitios web y\/o para las reglas aceptadas por ellos respecto a, sin limitarse a, los datos personales de usted, cuando visita estos sitios web. Estas terceras partes probablemente recogen datos personales de los usuarios cuando el r\u00e9gimen para esto se regula de acuerdo con las condiciones generales de uso de protecci\u00f3n de los datos personales aceptados por ellos. Le rogamos cuando abre estos sitios web a trav\u00e9s de los enlaces proporcionados en COCOSOLIS.COM, lea atentamente sus reglas y las condiciones de uso y tambi\u00e9n sus reglas de privacidad. Nuestras Condiciones de Uso y la Pol\u00edtica de Datos Personales no se aplicar\u00e1n a los sitios web de terceras personas.<\/p>\n\n\n\n<h5 class=\"wp-block-heading\">5. Condiciones de Uso de Contenido<\/h5>\n\n\n\n<p>COCOSOLIS.COM aspira a prevenir la publicaci\u00f3n en su p\u00e1gina web de contenido que se pueda considerar como violaci\u00f3n de convicciones civiles o derechos y dignidades humanos en todas sus formas y expresiones. Pero COCOSOLIS.COM no puede garantizar que el contenido del sitio web es apropiado o legal para cada tipo de p\u00fablico o que es legal en cada pa\u00eds.<br>En el caso de que este contenido se considere ilegal en alguno de estos pa\u00edses, nosotros no seremos responsables para su decisi\u00f3n de visitar y utilizar nuestro sitio web. Si a pesar de esto usted decide de utilizarlo, le informamos que la utilizaci\u00f3n de los servicios de COCOSOLIS. COM es enteramente bajo su propia responsabilidad.<br>COCOSOLIS.COM adopta medidas para garantizar que el contenido de COCOSOLIS.COM es correcto y no contiene informaci\u00f3n incorrecta o no actual. A pesar de esto COCOSOLIS.COM no puede ser responsable para la precisi\u00f3n y la totalidad del contenido publicado en su p\u00e1gina web.<br>COCOSOLIS.COM no puede garantizar que el sitio web funcionar\u00e1 continuadamente, sin interrupciones y errores por causa de Internet conexi\u00f3n. En caso de problemas al utilizar nuestro sitio web, por favor p\u00f3ngase en contacto con nosotros. Un representante de COCOSOLIS.COM ser\u00e1 a su disposici\u00f3n para ayudarle y asistirle restablecer el acceso al sitio web, si es posible y en la mayor medida posible.<br>COCOSOLIS.COM adopta medidas t\u00e9cnicas y de organizaci\u00f3n adecuadas para proporcionar seguridad de los servicios ofrecidos en COCOSOLIS.COM con el fin de prevenir uso o acceso a datos no autorizados y tambi\u00e9n para prevenir los riesgos de divulgaci\u00f3n, destrucci\u00f3n y p\u00e9rdida de datos e informaci\u00f3n confidencial respecto a los usuarios de COCOSOLIS.COM y tambi\u00e9n para evitar acceso no autorizado o ilegal a estos datos e informaci\u00f3n.<\/p>\n\n\n\n<h5 class=\"wp-block-heading\">6. Derechos y Obligaciones del Usuario<\/h5>\n\n\n\n<p>El usuario tendr\u00e1 el derecho a utilizar el sitio web seg\u00fan las limitaciones descritas en el anterior punto 2 \u2013 Derechos de Propiedad Intelectual.<\/p>\n\n\n\n<p>Al utilizar los proporcionados Servicios el usuario de obligar\u00e1 a:<br>1. No realizar actos malintencionados a los efectos de estas Condiciones de Uso;<br>2. No extraer por medios t\u00e9cnicos o de modo t\u00e9cnico ninguno de los recursos de informaci\u00f3n o partes de ellos incluidos en las bases de datos accesibles mediante el Sitio Web y crear de este modo su propia base de datos en forma electr\u00f3nica o en cualquier otra.<br>3. No representarse como otra persona o como representante de una persona que \u00e9l no esta apoderado a representar o enga\u00f1ar de otro modo el Sitio Web o terceras personas de su identidad o de su pertenencia a un especifico grupo de personas;<br>4. Notificar inmediatamente la Sociedad para cualquier caso de infracci\u00f3n cometida o descubierta al usar los ofrecidos Servicios;<br>5. No realizar actividad que incluye el uso de virus inform\u00e1ticos, bots, gusanos u otro tipo de c\u00f3digo inform\u00e1tico, archivos u programas que interrumpen, destruyen o limitan la funcionalidad de un software o hardware inform\u00e1tico o de un dispositivo de telecomunicaci\u00f3n o que permitan de otro modo el uso de o acceso no autorizado a un dispositivo inform\u00e1tico o a una red de computadoras.<\/p>\n\n\n\n<h5 class=\"wp-block-heading\">7. Responsabilidad Limitada de la Sociedad<\/h5>\n\n\n\n<p>La Sociedad proporcionar\u00e1 los Servicios mediante el Sitio Web para ser utilizados por el Usuario \u00abas\u00ed como son\u00bb y \u00abas\u00ed como son accesibles\u00bb. La Sociedad no garantizar\u00e1 ni prometer\u00e1 resultados espec\u00edficos del uso o de la posibilidad continuada de uso de los Servicios.<\/p>\n\n\n\n<p>La Sociedad no proporcionar\u00e1 garant\u00edas de que:<br>1. el uso de los Servicios por el Usuario sea ininterrumpido, oportuno, asegurado y seguro o sin errores;<br>2. los eventuales defectos en los Servicios sean corregidos;<br>3. los proporcionados Servicios o los servicios sobre los que estos han sido construidos, no tengan virus u otros componentes nocivos;<\/p>\n\n\n\n<p>La Sociedad no ser\u00e1 responsable bajo ninguna circunstancia por cualquier p\u00e9rdida, defecto o da\u00f1o originando de:<br>1. Uso de los Servicios;<br>2. Problemas o aver\u00eda t\u00e9cnica relativos al uso de los Servicios;<br>3. Materiales descargados mediante o en relaci\u00f3n con los Servicios;<br>4. Contenido de Usuarios;<br>5. Conducta de Usuarios en relaci\u00f3n con los Servicios, sea en tiempo real (online) o no (offline).<\/p>\n\n\n\n<p>La Sociedad no ser\u00e1 responsable si el Usuario no puede acceder el sitio web por causa de problemas fuera del control del Sitio Web \u2013 un problema de software, de hardware, problemas con la conexi\u00f3n al Internet o fuerza mayor.<\/p>\n\n\n\n<p>El Usuario acepta la responsabilidad para todos los gastos en cuanto al mantenimiento, la operaci\u00f3n o la conexi\u00f3n de su sistema inform\u00e1tica o de otra propiedad necesarios para la utilizaci\u00f3n de los Servicios por el Usuario.<br>La Sociedad reservar\u00e1 el derecho de realizar intervenciones sistem\u00e1ticas en la funcionalidad entera del Sitio Web, incluso, pero sin limitarse a, la terminaci\u00f3n del acceso al sitio web en la presencia de una causa razonable para hacerlo.<\/p>\n\n\n\n<h5 class=\"wp-block-heading\">8. Sanciones<\/h5>\n\n\n\n<p>De acuerdo con el mayor grado permitido por la ley, la Sociedad no ser\u00e1 responsable para da\u00f1os sufridos por un Usuario, que sean: 1. indirectos; 2. consecuentes; 3. de incidente; 4. penales, incluso para da\u00f1os de p\u00e9rdida de ganancias originando del uso o de la imposibilidad de usar los Servicios.<\/p>\n\n\n\n<p>A pesar de lo anterior, la responsabilidad de la Sociedad al usuario por cualquier acto o falta de acto relativos a o por causa del uso de los Servicios, siempre ser\u00e1 limitada a una sanci\u00f3n por el monto del valor de la compra realizada. En el caso de falta de compra la Sociedad no ser\u00e1 responsable de cualquier acto o falta de acto suyos.<\/p>\n\n\n\n<h5 class=\"wp-block-heading\">9. Modificaci\u00f3n<\/h5>\n\n\n\n<p>COCOSOLIS.COM puede modificar o actualizar todas estas \u00abCondiciones de Uso\u00bb o parte de estas. En este caso la informaci\u00f3n actual ser\u00e1 publicada en esta secci\u00f3n. Las nuevas \u00abCondiciones de Uso\u00bb entrar\u00e1n en vigor desde la fecha de su publicaci\u00f3n en COCOSOLIS.COM.<br>Si usted no est\u00e1 de acuerdo con todas las \u00abCondiciones de Uso\u00bb de COCOSOLIS.COM o parte de estas, nosotros no somos responsables de su decisi\u00f3n de visitar y usar nuestro sitio web.<br>10. Plazo y Terminaci\u00f3n<br>El presente acuerdo entrar\u00e1 en vigor inmediatamente desde el momento de su aceptaci\u00f3n por el Usuario y ser\u00e1 valido hasta \u00e9ste cesa usar los servicios.<\/p>\n\n\n\n<h5 class=\"wp-block-heading\">11. Legislaci\u00f3n Aplicable<\/h5>\n\n\n\n<p>Las partes aceptar\u00e1n como el principio principal del cumplimiento de este acuerdo el mutuo entendimiento y los compromisos razonables. En este sentido las partes aceptar\u00e1n resolver las disputas que aparezcan entre ellas en un esp\u00edritu de buena fe y mediante negociaciones.<\/p>\n\n\n\n<p>Cada disputa, desacuerdo o denuncia originando de o en relaci\u00f3n, con el cumplimiento o respectivamente con el incumplimiento de este acuerdo, se deber\u00e1 resolver por las partes mediante negociaciones y la buena fe de cada una de ellas.<\/p>\n\n\n\n<p>Si las disputas originando en relaci\u00f3n con este contrato o por causa de este contrato, su cumplimento o respectivamente incumplimiento no se pueden resolver, las partes aceptar\u00e1n a resolver estas disputas frente al competente tribunal de justicia de acuerdo con las reglas de jurisdicci\u00f3n. En caso de una disputa privada con un elemento internacional, el tribunal de justicia que es competente de examinar la disputa ser\u00e1 determinado seg\u00fan las reglas del derecho internacional privado.<\/p>\n\n\n\n<p>La legislaci\u00f3n aplicable para este acuerdo ser\u00e1 la del pa\u00eds donde esta domiciliado el administrador, en este caso la Rep\u00fablica de Bulgaria.<\/p>\n\n\n\n<p>Fecha de publicaci\u00f3n: 8.07.2020<\/p>\n","protected":false},"excerpt":{"rendered":"<p>Condiciones de uso del Sitio Web \u00a1Bienvenidos a nuestro Sitio Web! (\u00abcocosolis.com\u00bb). Estas Condiciones de Uso regulan el acceso a y el uso de COCOSOLIS.COM.El acceso al Sitio Web y su uso y tambi\u00e9n la compra de productos de COCOSOLIS.COM se basan en el supuesto que al abrir el Sitio Web por un dispositivo final, &hellip; <a href=\"https:\/\/cocosolis.com\/co\/terms-of-use\/\">Continuado<\/a><\/p>\n","protected":false},"author":1,"featured_media":0,"parent":0,"menu_order":0,"comment_status":"closed","ping_status":"closed","template":"","meta":{"_acf_changed":false,"footnotes":""},"page_roles":[36],"class_list":["post-464","page","type-page","status-publish","hentry","page_roles-legal"],"acf":[],"_links":{"self":[{"href":"https:\/\/cocosolis.com\/co\/wp-json\/wp\/v2\/pages\/464","targetHints":{"allow":["GET"]}}],"collection":[{"href":"https:\/\/cocosolis.com\/co\/wp-json\/wp\/v2\/pages"}],"about":[{"href":"https:\/\/cocosolis.com\/co\/wp-json\/wp\/v2\/types\/page"}],"author":[{"embeddable":true,"href":"https:\/\/cocosolis.com\/co\/wp-json\/wp\/v2\/users\/1"}],"replies":[{"embeddable":true,"href":"https:\/\/cocosolis.com\/co\/wp-json\/wp\/v2\/comments?post=464"}],"version-history":[{"count":6,"href":"https:\/\/cocosolis.com\/co\/wp-json\/wp\/v2\/pages\/464\/revisions"}],"predecessor-version":[{"id":674,"href":"https:\/\/cocosolis.com\/co\/wp-json\/wp\/v2\/pages\/464\/revisions\/674"}],"wp:attachment":[{"href":"https:\/\/cocosolis.com\/co\/wp-json\/wp\/v2\/media?parent=464"}],"wp:term":[{"taxonomy":"page_roles","embeddable":true,"href":"https:\/\/cocosolis.com\/co\/wp-json\/wp\/v2\/page_roles?post=464"}],"curies":[{"name":"wp","href":"https:\/\/api.w.org\/{rel}","templated":true}]}}