{"id":461,"date":"2022-05-06T15:54:55","date_gmt":"2022-05-06T15:54:55","guid":{"rendered":"http:\/\/cocosolis.com\/en\/?page_id=461"},"modified":"2023-12-15T12:12:59","modified_gmt":"2023-12-15T12:12:59","slug":"terms-of-sale","status":"publish","type":"page","link":"https:\/\/cocosolis.com\/co\/terms-of-sale\/","title":{"rendered":"Normas para la compra"},"content":{"rendered":"\n<h2 class=\"wp-block-heading\">Normas para la compra<\/h2>\n\n\n\n<p>Los siguientes t\u00e9rminos de venta rigen la oferta y la venta de los productos en nuestra pagina web (cocosolis.com). Los productos comprados en cocosolis.com se venden directamente por PURMERUL S.L., con sede en Bulgaria, 4002 Plovdiv, calle Liuleburgas, piso 4, apt. 9, CIF 201172065, registrado en IVA BG 201172065.<\/p>\n\n\n\n<h5 class=\"wp-block-heading\">1. Reglas de venta en cocosolis.com<\/h5>\n\n\n\n<p>1.1 PURMERUL S.L. ofrece productos de venta en \u201ccocosolis.com\u201d.<br>1.2 PURMERUL S.L. se reserva el derecho de no procesar y ejecutar pedidos, que no cumplan con las reglas de venta de cocosolis.com<br>1.3 Estos T\u00e9rminos de venta regulan la aceptaci\u00f3n y la ejecuci\u00f3n de \u00f3rdenes de compra que cubren los productos de cocosolis.com entre de usuarios de cocosolis.com y PURMERUL S.L.<\/p>\n\n\n\n<h5 class=\"wp-block-heading\">2. Como hacer un pedido en cocosolis.com<\/h5>\n\n\n\n<p>2.1 Para hacer un pedido de compra a de uno o m\u00e1s productos en cocosolis.com, debes rellenar el formulario para compras en internet y mandarlo a trav\u00e9s del mail, siguiendo las instrucciones.<br>2.2 El formulario del pedido (la orden) contiene informaci\u00f3n sobre las caracter\u00edsticas principales de cada producto solicitado y el precio del art\u00edculo (incluidos todos los impuestos y cargos aplicables), el tipo de pago que puede utilizar para la compra de cada producto, las condiciones de entrega de los productos comprados, costes de entrega y transporte. En la p\u00e1gina web puede encontrar enlaces a los t\u00e9rminos y condiciones para la devoluci\u00f3n de los productos comprados, costos de env\u00edo y devoluci\u00f3n, as\u00ed como los detalles para el vendedor, direcciones postales y correo electr\u00f3nico y tambi\u00e9n la fecha l\u00edmite en la cual el comerciante se compromete a entregar los productos.<br>Puedes encontrar informaci\u00f3n sobre los t\u00e9rminos y condiciones para ejecutar el derecho desistimiento, los procedimientos y plazos para la devoluci\u00f3n de la compra, informaci\u00f3n de las circunstancias en las que perder\u00eda su derecho a retirarse del acuerdo de conformidad con las leyes de protecci\u00f3n del consumidor.<br>2.3 Se considera que el pedido se ha entregado cuando PURMERUL S.L. recibe electr\u00f3nicamente el formulario de pedido y la informaci\u00f3n de este se confirm\u00f3 como correcta.<br>2.4 La transmisi\u00f3n de pedido (la orden) es una obligaci\u00f3n de pagar la cantidad especificada. El formulario de pedido se almacenar\u00e1 en nuestra base de datos durante el tiempo requerido para procesar tu pedido y seg\u00fan lo prescrito por la ley.<br>2.5 Una vez que se reciba tu formulario de pedido, PURMRUL S.L. procesar\u00e1 tu pedido.<br>2.6 PURMERUL S.L. se reserva el derecho a no procesar pedidos cuando est\u00e9n incompletos o sean inexactos. En los casos anteriores, te informaremos por correo electr\u00f3nico que el acuerdo no se ha cumplido y que PURMERUL S.L. no ha ejecutado su orden de compra indicando los motivos de ello. Si se ha enviado el formulario de pedido y se ha pagado el precio de los productos que ya no est\u00e1n disponibles, PURMERUL S.L. reembolsar\u00e1 la cantidad pagada por estos productos sin demora indebida y se dar\u00e1 por terminado el acuerdo entre las partes.<br>2.7 Al enviar el formulario de la compra (pedido) a PURMERUL S.L., aceptas sin ninguna condici\u00f3n y te comprometes a cumplir con las disposiciones de estos t\u00e9rminos y condiciones generales de venta con PURMERUL S.L. Si no est\u00e1s de acuerdo con alguna de las disposiciones de estos T\u00e9rminos de venta, no env\u00edes tu formulario de compra (orden de pedido) a cocosolis.com.<br>2.8 Una vez el acuerdo ha entrado en vigor, el vendedor te enviar\u00e1 un correo electr\u00f3nico de confirmaci\u00f3n. Al enviar el pedido de la compra aceptas y te comprometes con los T\u00e9rminos de venta, as\u00ed como los t\u00e9rminos adicionales de cocosolis.com, a trav\u00e9s de enlaces, T\u00e9rminos de uso, Pol\u00edtica de privacidad y Pol\u00edtica de devoluciones.<br>2.9 Nos gustar\u00eda recordarte que todos los productos comprados est\u00e1n destinados para el uso en el pa\u00eds desde donde se solicitan. Sin embargo, si has decidido exportar los productos a otro pa\u00eds, ser\u00e1s responsable de cumplir con la ley de exportaci\u00f3n del pa\u00eds de compra y la ley de importaci\u00f3n del pa\u00eds en el que los importas. PURMERUL S.L. no es responsable de eso.<\/p>\n\n\n\n<h5 class=\"wp-block-heading\">3. Garant\u00edas de los productos. Precios de los productos.<\/h5>\n\n\n\n<p>3.1 En cocosolis.com, ofrecemos productos de lujo y alta calidad para la venta.<br>3.2 Las principales caracter\u00edsticas de los productos se muestran en cocosolis.com en cada p\u00e1gina del producto.<br>3.3 Los precios est\u00e1n sujetos a cambios. Verifica el precio de venta final antes de enviar el formulario del pedido (la orden).<br>3.4 Los pedidos hechos en la p\u00e1gina desde pa\u00edses o direcciones a los que PURMERUL S.L. no puede realizar la entrega ser\u00e1n anulados autom\u00e1ticamente.<br>3.5 De acuerdo con las leyes de protecci\u00f3n del consumidor, ser\u00e1s responsable de cualquier reducci\u00f3n del valor de los productos comprados en cocosolis.com que sea el resultado de cualquier uso de los mismos productos que no sea el que se pretend\u00eda. Por lo tanto, has de tenerlo presente si decides ejercer tu derecho a devolver los productos comprados.<\/p>\n\n\n\n<h5 class=\"wp-block-heading\">4. Pagos<\/h5>\n\n\n\n<p>4.1 El pago de valor de los productos correspondientes a los costes de transporte y entrega se debe realizar utilizando uno de los procedimientos especificados en el formulario de pedido. Bajo ninguna circunstancia se te cobrar\u00e1 m\u00e1s del valor especificado por el Vendedor en la relaci\u00f3n con el m\u00e9todo que hayas seleccionado de antemano.<br>4.2 En el caso de pago con una tarjeta de cr\u00e9dito o de d\u00e9bito todos los detalles (por ejemplo, n\u00famero de tarjeta o fecha de vencimiento) se enviar\u00e1n mediante un protocolo encriptado al banco respectivo que proporciona servicios remotos de pago electr\u00f3nico, sin que terceros tengan acceso a ellos. Estos detalles no ser\u00e1n utilizados por PURMERUL S.L. excepto al realizar el procedimiento relacionado con tu compra o con la emisi\u00f3n de un reembolso en caso de devoluci\u00f3n de los productos de acuerdo con los derechos de devoluci\u00f3n o para la denuncia, en caso de fraude,a la polic\u00eda.<br>4.3 Los precios mostrados incluyen el Impuesto sobre el Valor A\u00f1adido (IVA) legalmente aplicable y se indican en euros. Salvo que se indique expresamente lo contrario, los precios indicados no incluyen los gastos de env\u00edo.<\/p>\n\n\n\n<h5 class=\"wp-block-heading\">5. M\u00e9todos de pago<\/h5>\n\n\n\n<p>Se ofrecen los siguientes m\u00e9todos de pago:<\/p>\n\n\n\n<ul class=\"wp-block-list\">\n<li>Contra reembolso<\/li>\n\n\n\n<li>transferencia bancaria<\/li>\n\n\n\n<li>tarjeta de cr\u00e9dito\/d\u00e9bito VISA, Master, Maestro, Discover, American Express<\/li>\n\n\n\n<li>PayPal<\/li>\n<\/ul>\n\n\n\n<p>En el caso de seleccionar transferencia bancaria, se te facilitar\u00e1n por correo electr\u00f3nico los datos de la cuenta a la que deber\u00e1s realizar la transferencia.<\/p>\n\n\n\n<h5 class=\"wp-block-heading\">6. C\u00f3digos de descuento<\/h5>\n\n\n\n<p>6.1 Los c\u00f3digos de descuento son c\u00f3digos personalizados, que le permiten aprovechar los descuentos de compra en cocosolis.com<br>6.2 Los c\u00f3digos de descuento bajo ninguna circunstancia se pueden cambiar por dinero;<\/p>\n\n\n\n<h5 class=\"wp-block-heading\">7. Indemnizaci\u00f3n<\/h5>\n\n\n\n<p>La informaci\u00f3n sobre los ingredientes utilizados en los productos cosm\u00e9ticos de COCOSOLIS.COM que aparecen en Sitio Web, no pretende ser, ni se debe interpretar como un consejo o una recomendaci\u00f3n para el uso de un producto cosm\u00e9tico. Si tienes preguntas relativas al uso de un producto cosm\u00e9tico, te rogamos que revises la etiqueta que aparece en el producto,ponte en contacto con nosotros o com\u00e9ntalo con un especialista m\u00e9dico.<\/p>\n\n\n\n<p>Al utilizar este Sitio Web confirmas y aceptas que la informaci\u00f3n mostrada aqu\u00ed, incluso cada informaci\u00f3n proporcionada por expertos o especialistas m\u00e9dicos est\u00e1 destinada solamente a la informaci\u00f3n general. Nuestros productos no pueden causar problemas de salud. Bajo tu propia responsabilidad siempre busca los consejos de un profesional m\u00e9dico u otra asistencia cualificada en cuanto a preguntas que puedas tener en relaci\u00f3n con una condici\u00f3n m\u00e9dica.<\/p>\n\n\n\n<p>La interpretaci\u00f3n de cualquier informaci\u00f3n proporcionada en este Sitio Web es bajo tu propia responsabilidad.<\/p>\n\n\n\n<h5 class=\"wp-block-heading\">8. Las Leyes<\/h5>\n\n\n\n<p>8.1 Estos T\u00e9rminos y condiciones de venta se rigen por la legislaci\u00f3n colombiana.<\/p>\n\n\n\n<h5 class=\"wp-block-heading\">9. Enmiendas y act\u00faalizaciones<\/h5>\n\n\n\n<p>Los T\u00e9rminos y condiciones de venta pueden ser modificados, debidos a nuevas leyes o regulaciones o por otros motivos. Los Nuevos T\u00e9rminos y condiciones de venta deben entrar en vigor a partir de la fecha de su publicaci\u00f3n en cocosolis.com.<\/p>\n\n\n\n<p>Fecha de publicaci\u00f3n: 8.07.2020<\/p>\n","protected":false},"excerpt":{"rendered":"<p>Normas para la compra Los siguientes t\u00e9rminos de venta rigen la oferta y la venta de los productos en nuestra pagina web (cocosolis.com). Los productos comprados en cocosolis.com se venden directamente por PURMERUL S.L., con sede en Bulgaria, 4002 Plovdiv, calle Liuleburgas, piso 4, apt. 9, CIF 201172065, registrado en IVA BG 201172065. 1. Reglas &hellip; <a href=\"https:\/\/cocosolis.com\/co\/terms-of-sale\/\">Continuado<\/a><\/p>\n","protected":false},"author":1,"featured_media":0,"parent":0,"menu_order":0,"comment_status":"closed","ping_status":"closed","template":"","meta":{"_acf_changed":false,"footnotes":""},"page_roles":[36],"class_list":["post-461","page","type-page","status-publish","hentry","page_roles-legal"],"acf":[],"_links":{"self":[{"href":"https:\/\/cocosolis.com\/co\/wp-json\/wp\/v2\/pages\/461","targetHints":{"allow":["GET"]}}],"collection":[{"href":"https:\/\/cocosolis.com\/co\/wp-json\/wp\/v2\/pages"}],"about":[{"href":"https:\/\/cocosolis.com\/co\/wp-json\/wp\/v2\/types\/page"}],"author":[{"embeddable":true,"href":"https:\/\/cocosolis.com\/co\/wp-json\/wp\/v2\/users\/1"}],"replies":[{"embeddable":true,"href":"https:\/\/cocosolis.com\/co\/wp-json\/wp\/v2\/comments?post=461"}],"version-history":[{"count":6,"href":"https:\/\/cocosolis.com\/co\/wp-json\/wp\/v2\/pages\/461\/revisions"}],"predecessor-version":[{"id":673,"href":"https:\/\/cocosolis.com\/co\/wp-json\/wp\/v2\/pages\/461\/revisions\/673"}],"wp:attachment":[{"href":"https:\/\/cocosolis.com\/co\/wp-json\/wp\/v2\/media?parent=461"}],"wp:term":[{"taxonomy":"page_roles","embeddable":true,"href":"https:\/\/cocosolis.com\/co\/wp-json\/wp\/v2\/page_roles?post=461"}],"curies":[{"name":"wp","href":"https:\/\/api.w.org\/{rel}","templated":true}]}}