{"id":457,"date":"2022-05-06T15:54:08","date_gmt":"2022-05-06T15:54:08","guid":{"rendered":"http:\/\/cocosolis.com\/en\/?page_id=457"},"modified":"2023-12-15T12:11:41","modified_gmt":"2023-12-15T12:11:41","slug":"return-policy","status":"publish","type":"page","link":"https:\/\/cocosolis.com\/co\/return-policy\/","title":{"rendered":"Derecho a devoluci\u00f3n de los productos comprados"},"content":{"rendered":"\n<h2 class=\"wp-block-heading\">Derecho a devoluci\u00f3n de los productos comprados<\/h2>\n\n\n\n<h5 class=\"wp-block-heading\">1. Derecho a devoluci\u00f3n de los productos comprados<\/h5>\n\n\n\n<p>De acuerdo con la ley de protecci\u00f3n al consumidor, puede ejercer su derecho a devolver los productos comprados por su gasto, sin ninguna penalizaci\u00f3n y sin la necesidad de indicar un motivo espec\u00edfico. Todo lo que necesita hacer es enviarnos un correo electr\u00f3nico a&nbsp;<a href=\"mailto:es@cocosolis.com\">es@cocosolis.com<\/a>&nbsp;en un plazo de 30 d\u00edas desde la fecha en que recibi\u00f3 el producto.<\/p>\n\n\n\n<p>Los productos que desea devolver deben devolverse a COCOSOLIS dentro de los 30 d\u00edas a partir de la fecha en que nos inform\u00f3 de su decisi\u00f3n a la siguiente direcci\u00f3n: Bulgaria, 1407 Sof\u00eda, boulevard Nikola Vaptsarov 53V, PURMERUL OOD.<\/p>\n\n\n\n<p>Si cumple con todos los requisitos a continuaci\u00f3n, le reembolsaremos por completo la cantidad pagada para los productos devueltos:<\/p>\n\n\n\n<p>1.1 Los productos deben estar en su embalaje original y que no hayan sido abiertos.<\/p>\n\n\n\n<p>1.2 No tienen rastros de uso, apariencia da\u00f1ada o manchas<\/p>\n\n\n\n<p>1.3 Que incluya la factura original con la que recibi\u00f3 los productos o su n\u00famero de pedido<\/p>\n\n\n\n<p>El costo de devoluci\u00f3n de los productos corre por su cuenta.<\/p>\n\n\n\n<p>Se le notificar\u00e1 si los productos devueltos no pueden ser aceptados por no cumplir con las condiciones establecidas en los puntos 1.1, 1.2 y 1.3 del p\u00e1rrafo anterior. En este caso, puede optar por entregarle de nuevo los productos por su cuenta. Si rechaza la entrega mencionada anteriormente, nos reservamos el derecho de retener los productos y la cantidad pagada por los mismos.<\/p>\n\n\n\n<p>Tenga en cuenta que todos los aranceles, impuestos y tarifas que haya pagado por la entrega de los productos comprados (si los hubiera) no son reembolsables.<\/p>\n\n\n\n<h5 class=\"wp-block-heading\">2. QUEJAS<\/h5>\n\n\n\n<p>2.1 Las quejas por env\u00edos da\u00f1ados se realizan:<\/p>\n\n\n\n<ul class=\"wp-block-list\">\n<li>en el momento de la recepci\u00f3n del env\u00edo y en presencia de un mensajero, como se indica mediante una nota en el conocimiento de embarque y una declaraci\u00f3n completa de los resultados en dos copias, firmada por el destinatario y el mensajero.<\/li>\n<\/ul>\n\n\n\n<p>o<\/p>\n\n\n\n<ul class=\"wp-block-list\">\n<li>dentro de los 3 d\u00edas h\u00e1biles siguientes a la recepci\u00f3n del env\u00edo por correo electr\u00f3nico a&nbsp;<a href=\"mailto:es@cocosolis.com\">es@cocosolis.com<\/a>, y es obligatorio mencionar el n\u00famero del pedido y se adjuntan fotos del producto \/ productos.<\/li>\n<\/ul>\n\n\n\n<p>2.2 Aunque damos una garant\u00eda del 100% para nuestros productos * y la determinaci\u00f3n del beneficio real de su uso es individual, asumimos que puede haber clientes que no est\u00e9n satisfechos con su efectividad. En este caso, cont\u00e1ctenos para ver c\u00f3mo podemos ayudarlo. Si existe un motivo v\u00e1lido para la reclamaci\u00f3n, se puede presentar hasta 30 d\u00edas desde la fecha de recepci\u00f3n del producto.<\/p>\n\n\n\n<p>Tenga en cuenta que la hipersensibilidad o reacci\u00f3n al\u00e9rgica a los productos entregados no puede considerarse en s\u00ed misma como un defecto de los productos. Del mismo modo, los defectos en los regalos u otros art\u00edculos gratuitos que proporcionamos como adici\u00f3n de su pedido no se consideran como defectos.<\/p>\n\n\n\n<p>* Para obtener los mejores resultados del uso de cada producto, puede encontrar informaci\u00f3n en nuestra p\u00e1gina web&nbsp;<a rel=\"noreferrer noopener\" href=\"https:\/\/www.cocosolis.com\/co\" target=\"_blank\">www.cocosolis.com\/co<\/a>.<\/p>\n\n\n\n<p>Si al comprar el producto que desea devolver, ven\u00eda acompa\u00f1ado de art\u00edculo (s) gratis, es necesario devolverlos en la forma apropiada (llenos y no utilizados, en su embalaje original y no abiertos).<\/p>\n\n\n\n<h5 class=\"wp-block-heading\">3. Reembolso<\/h5>\n\n\n\n<p>El procedimiento de reembolso de los productos devueltos comienza dentro de los 14 d\u00edas laborables posteriores a la fecha en que los recibimos.<\/p>\n\n\n\n<p>El plazo de reembolso de la cantidad pagada para la compra de los productos devueltos depende de la forma de pago que ha utilizado:<\/p>\n\n\n\n<ul class=\"wp-block-list\">\n<li>Compra contra reembolso: todas las cantidades pagadas al momento de la entrega o en el lugar, reembolsaremos solo mediante transferencia bancaria a su cuenta personal<\/li>\n\n\n\n<li>Compra con tarjeta de cr\u00e9dito \/ d\u00e9bito: todos los importes se devuelven a la misma cuenta (tarjeta) desde la que se realiz\u00f3 el pago. El tiempo de devoluci\u00f3n tambi\u00e9n depender\u00e1 de la pol\u00edtica del banco \/ la compa\u00f1\u00eda que la emiti\u00f3;<\/li>\n\n\n\n<li>Pago a trav\u00e9s de PayPal: los reembolsos se acreditar\u00e1n en su cuenta PayPal y ser\u00e1n visibles de inmediato. El reembolso real de la cantidad a la tarjeta de cr\u00e9dito asociada con su cuenta PayPal depende del banco \/ la compa\u00f1\u00eda que la emiti\u00f3.<\/li>\n<\/ul>\n\n\n\n<p>Fecha de publicaci\u00f3n: 29.12.2020<\/p>\n\n\n\n<p><\/p>\n","protected":false},"excerpt":{"rendered":"<p>Derecho a devoluci\u00f3n de los productos comprados 1. Derecho a devoluci\u00f3n de los productos comprados De acuerdo con la ley de protecci\u00f3n al consumidor, puede ejercer su derecho a devolver los productos comprados por su gasto, sin ninguna penalizaci\u00f3n y sin la necesidad de indicar un motivo espec\u00edfico. Todo lo que necesita hacer es enviarnos &hellip; <a href=\"https:\/\/cocosolis.com\/co\/return-policy\/\">Continuado<\/a><\/p>\n","protected":false},"author":1,"featured_media":0,"parent":0,"menu_order":0,"comment_status":"closed","ping_status":"closed","template":"","meta":{"_acf_changed":false,"footnotes":""},"page_roles":[36],"class_list":["post-457","page","type-page","status-publish","hentry","page_roles-legal"],"acf":[],"_links":{"self":[{"href":"https:\/\/cocosolis.com\/co\/wp-json\/wp\/v2\/pages\/457","targetHints":{"allow":["GET"]}}],"collection":[{"href":"https:\/\/cocosolis.com\/co\/wp-json\/wp\/v2\/pages"}],"about":[{"href":"https:\/\/cocosolis.com\/co\/wp-json\/wp\/v2\/types\/page"}],"author":[{"embeddable":true,"href":"https:\/\/cocosolis.com\/co\/wp-json\/wp\/v2\/users\/1"}],"replies":[{"embeddable":true,"href":"https:\/\/cocosolis.com\/co\/wp-json\/wp\/v2\/comments?post=457"}],"version-history":[{"count":6,"href":"https:\/\/cocosolis.com\/co\/wp-json\/wp\/v2\/pages\/457\/revisions"}],"predecessor-version":[{"id":672,"href":"https:\/\/cocosolis.com\/co\/wp-json\/wp\/v2\/pages\/457\/revisions\/672"}],"wp:attachment":[{"href":"https:\/\/cocosolis.com\/co\/wp-json\/wp\/v2\/media?parent=457"}],"wp:term":[{"taxonomy":"page_roles","embeddable":true,"href":"https:\/\/cocosolis.com\/co\/wp-json\/wp\/v2\/page_roles?post=457"}],"curies":[{"name":"wp","href":"https:\/\/api.w.org\/{rel}","templated":true}]}}