{"id":467,"date":"2022-05-06T15:55:54","date_gmt":"2022-05-06T15:55:54","guid":{"rendered":"http:\/\/cocosolis.com\/en\/?page_id=467"},"modified":"2023-04-20T17:39:11","modified_gmt":"2023-04-20T17:39:11","slug":"delivery","status":"publish","type":"page","link":"https:\/\/cocosolis.com\/ch\/delivery\/","title":{"rendered":"Commande et livraison"},"content":{"rendered":"\n<h2 class=\"wp-block-heading\">COMMANDE &amp; LIVRAISON<\/h2>\n\n\n\n<h5 class=\"wp-block-heading\">VOUS POUVEZ COMMANDER:<\/h5>\n\n\n\n<ul class=\"wp-block-list\">\n<li>sur notre site internet&nbsp;<a href=\"https:\/\/cocosolis.com\/ch\/store\/\">www.cocosolis.com\/ch\/store\/<\/a><\/li>\n\n\n\n<li>par message personnel dans Facebook:&nbsp;<a rel=\"noreferrer noopener\" href=\"https:\/\/www.facebook.com\/cocosolisfr\/\" target=\"_blank\">www.facebook.com\/cocosolisfr\/<\/a><\/li>\n\n\n\n<li>09 73 053 100<\/li>\n<\/ul>\n\n\n\n<p>D\u00e8s la prise en compte de la commande le client re\u00e7oit une confirmation par mail.<\/p>\n\n\n\n<h5 class=\"wp-block-heading\">PRIX DE LIVRAISON<\/h5>\n\n\n\n<p>Exp\u00e9dition: 3,80 CHF.<br>La livraison est gratuite \u00e0 partir de 50 CHF de commande.<\/p>\n\n\n\n<h5 class=\"wp-block-heading\">HEURE DE LIVRAISON<\/h5>\n\n\n\n<p>Livraison entre 3 \u00e0 5 jours ouvr\u00e9s.<\/p>\n\n\n\n<h5 class=\"wp-block-heading\">ADRESSE DE LIVRAISON<\/h5>\n\n\n\n<p>Les livraisons se font par Colissimo \u00e0 l\u2019adresse indiqu\u00e9e par le client.<\/p>\n\n\n\n<p>Les livraisons se font de 9:00 \u00e0 17:30 les jours ouvr\u00e9s.<\/p>\n","protected":false},"excerpt":{"rendered":"<p>COMMANDE &amp; LIVRAISON VOUS POUVEZ COMMANDER: D\u00e8s la prise en compte de la commande le client re\u00e7oit une confirmation par mail. PRIX DE LIVRAISON Exp\u00e9dition: 3,80 CHF.La livraison est gratuite \u00e0 partir de 50 CHF de commande. HEURE DE LIVRAISON Livraison entre 3 \u00e0 5 jours ouvr\u00e9s. ADRESSE DE LIVRAISON Les livraisons se font par &hellip; <a href=\"https:\/\/cocosolis.com\/ch\/delivery\/\">\u041f\u0440\u043e\u0434\u044a\u043b\u0436\u0430\u0432\u0430<\/a><\/p>\n","protected":false},"author":1,"featured_media":0,"parent":0,"menu_order":0,"comment_status":"closed","ping_status":"closed","template":"","meta":{"_acf_changed":false,"footnotes":""},"page_roles":[36],"class_list":["post-467","page","type-page","status-publish","hentry","page_roles-legal"],"acf":[],"_links":{"self":[{"href":"https:\/\/cocosolis.com\/ch\/wp-json\/wp\/v2\/pages\/467","targetHints":{"allow":["GET"]}}],"collection":[{"href":"https:\/\/cocosolis.com\/ch\/wp-json\/wp\/v2\/pages"}],"about":[{"href":"https:\/\/cocosolis.com\/ch\/wp-json\/wp\/v2\/types\/page"}],"author":[{"embeddable":true,"href":"https:\/\/cocosolis.com\/ch\/wp-json\/wp\/v2\/users\/1"}],"replies":[{"embeddable":true,"href":"https:\/\/cocosolis.com\/ch\/wp-json\/wp\/v2\/comments?post=467"}],"version-history":[{"count":5,"href":"https:\/\/cocosolis.com\/ch\/wp-json\/wp\/v2\/pages\/467\/revisions"}],"predecessor-version":[{"id":1242,"href":"https:\/\/cocosolis.com\/ch\/wp-json\/wp\/v2\/pages\/467\/revisions\/1242"}],"wp:attachment":[{"href":"https:\/\/cocosolis.com\/ch\/wp-json\/wp\/v2\/media?parent=467"}],"wp:term":[{"taxonomy":"page_roles","embeddable":true,"href":"https:\/\/cocosolis.com\/ch\/wp-json\/wp\/v2\/page_roles?post=467"}],"curies":[{"name":"wp","href":"https:\/\/api.w.org\/{rel}","templated":true}]}}