{"id":461,"date":"2022-05-06T15:54:55","date_gmt":"2022-05-06T15:54:55","guid":{"rendered":"http:\/\/cocosolis.com\/en\/?page_id=461"},"modified":"2022-08-08T12:42:07","modified_gmt":"2022-08-08T12:42:07","slug":"terms-of-sale","status":"publish","type":"page","link":"https:\/\/cocosolis.com\/ch\/terms-of-sale\/","title":{"rendered":"Conditions g\u00e9n\u00e9rales de vente"},"content":{"rendered":"\n<h2 class=\"wp-block-heading\">Conditions g\u00e9n\u00e9rales de vente<\/h2>\n\n\n\n<p>Les conditions de vente suivantes r\u00e9gissent la fourniture et la vente des produits sur notre site web (\u201ccocosolis.com\u201d). Les produits achet\u00e9s sur COCOSOLIS.COM sont vendus directement par PURMERUL Ltd., si\u00e8ge Social en Bulgarie \u00e0 l\u2019adresse : 22 Rue Liuleburgas, et. 4, apt. 9, 4002 Plovdiv, num\u00e9ro d\u2019identification : 201172065, num\u00e9ro de TVA : BG201172065.<\/p>\n\n\n\n<h5 class=\"wp-block-heading\">1. R\u00e8gles de vente sur COCOSOLIS.COM<\/h5>\n\n\n\n<p>1.1 PURMERUL propose des produits en vente sur COCOSOLIS.COM.<br>1.2 PURMERUL Ltd. se r\u00e9serve le droit de ne pas traiter et ex\u00e9cuter des commandes qui ne respectent pas les r\u00e8gles de vente de COCOSOLIS.COM.<br>1.3 Les pr\u00e9sentes conditions g\u00e9n\u00e9rales de vente r\u00e9gissent l\u2019acceptation et l\u2019ex\u00e9cution des commandes des produits de COCOSOLIS.COM entre les utilisateurs de COCOSOLIS.COM et PURMERUL.<\/p>\n\n\n\n<h5 class=\"wp-block-heading\">2. Comment passer une commande sur COCOSOLIS.COM<\/h5>\n\n\n\n<p>2.1 Pour pouvoir commander un ou plusieurs produits sur COCOSOLIS.COM, vous devez remplir le formulaire de commande en ligne et l\u2019envoyer par voie \u00e9lectronique, en suivant les instructions correspondantes.<br>2.2 Le bon de commande (commande) contient des informations sur les caract\u00e9ristiques de base de chaque produit command\u00e9 et le prix de l\u2019unit\u00e9 (toutes taxes et tous frais applicables inclus), le type de paiement que vous pouvez utiliser pour acheter chaque produit, les conditions d\u2019achat des produits achet\u00e9s, frais de livraison et de transport. Sur le site web, vous trouverez des r\u00e9f\u00e9rences aux conditions g\u00e9n\u00e9rales de retour des produits achet\u00e9s, aux frais d\u2019exp\u00e9dition et de livraison, aux coordonn\u00e9es du vendeur, les adresses postale et \u00e9lectronique, ainsi que le d\u00e9lai dans lequel le livreur s\u2019engage \u00e0 livrer les marchandises. Vous pouvez trouver des informations sur les conditions d\u2019exercice de votre droit de r\u00e9tractation, les proc\u00e9dures et les d\u00e9lais de retour de l\u2019achat, des informations sur les circonstances dans lesquelles vous perdriez le droit de vous retirer du contrat conform\u00e9ment aux lois sur la protection du consommateur.<br>2.3 La commande est r\u00e9put\u00e9e faite quand PURMERUL a re\u00e7u le bon de commande (commande) par voie \u00e9lectronique et que les informations relatives \u00e0 la commande ont \u00e9t\u00e9 confirm\u00e9es correctes.<br>2.4 La confirmation de la commande repr\u00e9sente une obligation de payer le montant indiqu\u00e9. Le formulaire de commande sera stock\u00e9 dans notre base de donn\u00e9es pendant le temps n\u00e9cessaire au traitement de votre commande et dans les conditions pr\u00e9vues par la loi.<br>2.5 Une fois votre formulaire de commande re\u00e7u, PURMERUL traitera votre commande.<br>2.6 PURMERUL Ltd. se r\u00e9serve le droit de ne pas traiter les commandes incompl\u00e8tes, inexactes ou lorsque les produits ne sont plus disponibles (en stock). Dans les cas ci-dessus, nous vous informerons par e-mail que le contrat n\u2019a pas \u00e9t\u00e9 rempli et que PURMERUL Ltd. n\u2019a pas ex\u00e9cut\u00e9 votre commande d\u2019achat en indiquant les raisons. Si les produits pr\u00e9sent\u00e9s sur COCOSOLIS.COM lors de votre derni\u00e8re visite sur le site ou apr\u00e8s r\u00e9ception de votre bon de commande par PURMERUL, ne sont plus disponibles, PURMERUL vous informera du manque de produits command\u00e9s dans les dix jours (10) jours \u00e0 compter de la date de r\u00e9ception de votre commande par PURMERUL Ltd.<br>Si le bon de commande (commande) est envoy\u00e9 et que le prix a \u00e9t\u00e9 pay\u00e9 pour les produits qui ne sont plus disponibles, PURMERUL remboursera le montant pay\u00e9 pour ces produits sans retard indu et l\u2019accord entre les parties sera consid\u00e9r\u00e9 comme r\u00e9sili\u00e9.<br>2.7 En soumettant un bon de commande (commande) \u00e0 PURMERUL Ltd., vous acceptez de respecter les dispositions des pr\u00e9sentes conditions g\u00e9n\u00e9rales de vente avec PURMERUL Ltd. Si vous \u00eates en d\u00e9saccord avec l\u2019une des dispositions des pr\u00e9sentes conditions de vente, n\u2019envoyez pas votre bon de commande (commande) \u00e0 COCOSOLIS.COM.<br>2.8 Une fois le contrat entr\u00e9 en vigueur, le Vendeur vous enverra un email de confirmation de la r\u00e9ception de la demande d\u2019achat. En soumettant un formulaire de commande, vous acceptez les conditions g\u00e9n\u00e9rales de vente, ainsi que les conditions suppl\u00e9mentaires contenues dans COCOSOLIS.COM via des liens, notamment les conditions d\u2019utilisation, la politique de confidentialit\u00e9 et la politique de retour.<br>2.9 Nous vous rappelons que tous les produits achet\u00e9s sont destin\u00e9s \u00e0 \u00eatre utilis\u00e9s dans le pays o\u00f9 ils ont \u00e9t\u00e9 command\u00e9s. Toutefois, si vous avez d\u00e9cid\u00e9 d\u2019exporter les produits vers un autre pays, vous devez vous conformer \u00e0 la loi sur l\u2019exportation du pays d\u2019achat et \u00e0 la loi sur l\u2019importation du pays dans lequel vous les importez. PURMERUL Ltd. ne pourra \u00eatre tenu responsable de cela.<\/p>\n\n\n\n<h5 class=\"wp-block-heading\">3. Garantie des produit. Prix \u200b\u200bdes produits<\/h5>\n\n\n\n<p>3.1 Chez COCOSOLIS.COM, nous proposons des produits de luxe et de haute qualit\u00e9 \u00e0 la vente.<br>3.2 Les principales caract\u00e9ristiques des produits sont pr\u00e9sent\u00e9es sur COCOSOLIS.COM sur chaque page du produit.<br>3.3 Les prix sont sujets \u00e0 changement. V\u00e9rifiez le prix de vente final avant de soumettre le formulaire de commande (commande).<br>3.4 Les commandes pass\u00e9es sur le site depuis des pays et des adresses auxquelles PURMERUL Ltd ne peut pas livrer seront automatiquement annul\u00e9es.<br>3.5 Conform\u00e9ment \u00e0 la l\u00e9gislation sur la protection des consommateurs, vous serez responsable de toute d\u00e9pr\u00e9ciation des produits achet\u00e9s sur COCOSOLIS.COM r\u00e9sultant de l\u2019utilisation incorrecte des m\u00eames produits. Par cons\u00e9quent, si vous d\u00e9cidez d\u2019exercer votre droit de retourner les produits achet\u00e9s, COCOSOLIS est en droit de ne pas accepter les produits retourn\u00e9s ou de ne pas rembourser int\u00e9gralement les sommes vers\u00e9es pour les produits achet\u00e9s qui ont \u00e9t\u00e9 alt\u00e9r\u00e9s ou endommag\u00e9s.<\/p>\n\n\n\n<h5 class=\"wp-block-heading\">4. Paiements<\/h5>\n\n\n\n<p>4.1 Le paiement de la valeur des produits et les frais de transport et de livraison correspondants doivent \u00eatre effectu\u00e9s en utilisant l\u2019une des proc\u00e9dures sp\u00e9cifi\u00e9es dans le bon de commande. En aucun cas, vous ne serez factur\u00e9 plus que le montant sp\u00e9cifi\u00e9 par le Vendeur en fonction du mode de paiement que vous aurez s\u00e9lectionn\u00e9.<br>4.2 Dans le cas d\u2019un paiement par carte de cr\u00e9dit ou de d\u00e9bit, tous les d\u00e9tails (le num\u00e9ro de carte, la date d\u2019expiration\u2026) seront envoy\u00e9s via un protocole crypt\u00e9 \u00e0 la banque concern\u00e9e qui fournit des services de paiement \u00e9lectronique \u00e0 distance sans que des tiers aient acc\u00e8s \u00e0 eux. PURMERUL Ltd. ne se servira pas de ces informations, sauf pour ex\u00e9cuter la proc\u00e9dure associ\u00e9e \u00e0 votre achat ou pour vous effectuer un remboursement en cas de retour des marchandises conform\u00e9ment aux droits de retour de votre produit ou en signalant des cas de fraude par la police.<\/p>\n\n\n\n<h5 class=\"wp-block-heading\">5. Codes de r\u00e9duction<\/h5>\n\n\n\n<p>5.1 Les codes de r\u00e9duction sont des codes personnalis\u00e9s vous permettant de b\u00e9n\u00e9ficier d\u2019une r\u00e9duction sur votre achat sur COCOSOLIS.COM.<br>5.2 Les codes de r\u00e9duction ne peuvent en aucun cas \u00eatre \u00e9chang\u00e9s contre de l\u2019argent.<br>5.3 Vous ne pouvez pas utiliser plus d\u2019un code de r\u00e9duction par commande.<\/p>\n\n\n\n<h5 class=\"wp-block-heading\">6. Exp\u00e9dition et livraison des produits<\/h5>\n\n\n\n<p>6.1 Pour les proc\u00e9dures sp\u00e9cifiques d\u2019exp\u00e9dition et de livraison du produit, veuillez lire les conditions d\u2019exp\u00e9dition de chaque produit.<\/p>\n\n\n\n<h5 class=\"wp-block-heading\">7. Droit de retour conform\u00e9ment \u00e0 la protection des consommateurs<\/h5>\n\n\n\n<p>7.1 Conform\u00e9ment \u00e0 la l\u00e9gislation sur la protection des consommateurs, vous pouvez retourner les produits achet\u00e9s sur COCOSOLIS.COM, sans aucune p\u00e9nalit\u00e9 et sans indiquer le motif, dans les quatorze (14) jours suivant la r\u00e9ception des produits achet\u00e9s sur COCOSOLIS.COM.<br>7.2 Une fois que vous avez exerc\u00e9 votre droit de r\u00e9tractation du contrat, vous devez retourner les produits au vendeur, en les envoyant \u00e0 l\u2019agent d\u2019exp\u00e9dition dans les quatorze (14) jours suivant le moment o\u00f9 vous avez inform\u00e9 le vendeur de votre d\u00e9cision de r\u00e9silier le contrat.<br>7.3 Vous trouverez plus de d\u00e9tails sur notre politique de retour dans la section Conditions de retour de notre site web.<\/p>\n\n\n\n<h5 class=\"wp-block-heading\">8. Confidentialit\u00e9<\/h5>\n\n\n\n<p>8.1 Vous trouverez des informations sur la mani\u00e8re dont nous traitons vos donn\u00e9es personnelles en cliquant sur notre Politique de confidentialit\u00e9.<\/p>\n\n\n\n<h5 class=\"wp-block-heading\">9. Indemnisation<\/h5>\n\n\n\n<p>Les informations sur les ingr\u00e9dients utilis\u00e9s dans les produits cosm\u00e9tiques de COCOSOLIS.COM figurant sur le Site ne sont pas destin\u00e9es \u00e0 \u00eatre ni ne doivent \u00eatre interpr\u00e9t\u00e9es comme des conseils ou des recommandations sur l\u2019utilisation d\u2019un produit cosm\u00e9tique. Si vous avez des questions sur l\u2019utilisation d\u2019un produit cosm\u00e9tique, veuillez consulter, s\u2019il-vous-plat, l\u2019\u00e9tiquette qui appara\u00eet sur le produit, contactez-nous ou consultez un professionnel de la sant\u00e9.<\/p>\n\n\n\n<p>En utilisant le Site, vous reconnaissez et acceptez que les informations affich\u00e9es sur le Site, y compris les informations fournies par des experts ou des professionnels de la sant\u00e9, sont uniquement \u00e0 des fins \u00e9ducatives g\u00e9n\u00e9rales. Nos produits ne peuvent pas causer de probl\u00e8mes de sant\u00e9. Demandez toujours, \u00e0 votre discr\u00e9tion, l\u2019avis d\u2019un professionnel de la sant\u00e9 ou d\u2019une autre aide qualifi\u00e9e pour toute question que vous pourriez avoir sur toute condition m\u00e9dicale.<\/p>\n\n\n\n<p>Compter sur toute information fournie par le Site est \u00e0 vos propres risques.<\/p>\n\n\n\n<h5 class=\"wp-block-heading\">10. Loi applicable<\/h5>\n\n\n\n<p>10.1 Les pr\u00e9sentes conditions g\u00e9n\u00e9rales de vente sont r\u00e9gies par le droit europ\u00e9en.<br>Veuillez noter que la Commission europ\u00e9enne fournit une plate-forme pour la r\u00e9solution extrajudiciaire alternative des litiges, disponible sur le site Web http:\/\/ec.europa.eu\/odr<\/p>\n\n\n\n<h5 class=\"wp-block-heading\">11. Amendements et mises \u00e0 jour<\/h5>\n\n\n\n<p>Les conditions g\u00e9n\u00e9rales de vente peuvent \u00eatre modifi\u00e9es de temps \u00e0 autres en raison de nouvelles lois et r\u00e9glementations ou pour d\u2019autres raisons. Les nouvelles conditions g\u00e9n\u00e9rales de vente entreront en vigueur \u00e0 compter de la date de publication sur COCOSOLIS.COM.<\/p>\n\n\n\n<p>Date de publication: Le 8 juillet 2020<\/p>\n","protected":false},"excerpt":{"rendered":"<p>Conditions g\u00e9n\u00e9rales de vente Les conditions de vente suivantes r\u00e9gissent la fourniture et la vente des produits sur notre site web (\u201ccocosolis.com\u201d). Les produits achet\u00e9s sur COCOSOLIS.COM sont vendus directement par PURMERUL Ltd., si\u00e8ge Social en Bulgarie \u00e0 l\u2019adresse : 22 Rue Liuleburgas, et. 4, apt. 9, 4002 Plovdiv, num\u00e9ro d\u2019identification : 201172065, num\u00e9ro de &hellip; <a href=\"https:\/\/cocosolis.com\/ch\/terms-of-sale\/\">\u041f\u0440\u043e\u0434\u044a\u043b\u0436\u0430\u0432\u0430<\/a><\/p>\n","protected":false},"author":1,"featured_media":0,"parent":0,"menu_order":0,"comment_status":"closed","ping_status":"closed","template":"","meta":{"_acf_changed":false,"footnotes":""},"page_roles":[36],"class_list":["post-461","page","type-page","status-publish","hentry","page_roles-legal"],"acf":[],"_links":{"self":[{"href":"https:\/\/cocosolis.com\/ch\/wp-json\/wp\/v2\/pages\/461","targetHints":{"allow":["GET"]}}],"collection":[{"href":"https:\/\/cocosolis.com\/ch\/wp-json\/wp\/v2\/pages"}],"about":[{"href":"https:\/\/cocosolis.com\/ch\/wp-json\/wp\/v2\/types\/page"}],"author":[{"embeddable":true,"href":"https:\/\/cocosolis.com\/ch\/wp-json\/wp\/v2\/users\/1"}],"replies":[{"embeddable":true,"href":"https:\/\/cocosolis.com\/ch\/wp-json\/wp\/v2\/comments?post=461"}],"version-history":[{"count":3,"href":"https:\/\/cocosolis.com\/ch\/wp-json\/wp\/v2\/pages\/461\/revisions"}],"predecessor-version":[{"id":579,"href":"https:\/\/cocosolis.com\/ch\/wp-json\/wp\/v2\/pages\/461\/revisions\/579"}],"wp:attachment":[{"href":"https:\/\/cocosolis.com\/ch\/wp-json\/wp\/v2\/media?parent=461"}],"wp:term":[{"taxonomy":"page_roles","embeddable":true,"href":"https:\/\/cocosolis.com\/ch\/wp-json\/wp\/v2\/page_roles?post=461"}],"curies":[{"name":"wp","href":"https:\/\/api.w.org\/{rel}","templated":true}]}}