{"id":408,"date":"2022-05-06T14:49:07","date_gmt":"2022-05-06T12:49:07","guid":{"rendered":"http:\/\/cocosolis.com\/en\/?post_type=product&#038;p=408"},"modified":"2026-02-25T15:03:50","modified_gmt":"2026-02-25T14:03:50","slug":"hair-oil-mask-3in1","status":"publish","type":"product","link":"https:\/\/cocosolis.com\/be\/product\/hair-oil-mask-3in1\/","title":{"rendered":"HAIR Oil Mask 3in1"},"content":{"rendered":"","protected":false},"excerpt":{"rendered":"","protected":false},"featured_media":1000004562,"template":"","meta":{"_acf_changed":false},"product_brand":[],"product_cat":[17],"product_tag":[],"product_template":[64],"class_list":{"0":"post-408","1":"product","2":"type-product","3":"status-publish","4":"has-post-thumbnail","6":"product_cat-hair","7":"product_template-v-2024-clean","9":"first","10":"instock","11":"shipping-taxable","12":"purchasable","13":"product-type-simple"},"acf":{"_v2024__listing_and_sharing_info__listing_category":"HAIR","_v2024__listing_and_sharing_info__product_type":"Oil Mask 3in1","_v2024__listing__and_sharing_info__listing_below_title_in_product_page":"Huile-masque naturelle 3 en 1 pour nourrir et r\u00e9parer intensivement les cheveux.","_v2024__listing_and_sharing_info__listing_description":"Huile-masque naturelle 3 en 1 pour nourrir et r\u00e9parer intensivement les cheveux.","_v2024__listing_and_sharing_info__image":100000381,"_v2024__product_hero__hero_type":"carousel","_v2024__product_hero__product_slider_gallery":[{"_v2024__product_hero__product_slider_gallery__image":1000006601,"_v2024__product_hero__product_slider_gallery__video_link":""},{"_v2024__product_hero__product_slider_gallery__image":1000006602,"_v2024__product_hero__product_slider_gallery__video_link":""},{"_v2024__product_hero__product_slider_gallery__image":1000006603,"_v2024__product_hero__product_slider_gallery__video_link":""},{"_v2024__product_hero__product_slider_gallery__image":1000006604,"_v2024__product_hero__product_slider_gallery__video_link":""},{"_v2024__product_hero__product_slider_gallery__image":1000006605,"_v2024__product_hero__product_slider_gallery__video_link":""},{"_v2024__product_hero__product_slider_gallery__image":1000006606,"_v2024__product_hero__product_slider_gallery__video_link":""},{"_v2024__product_hero__product_slider_gallery__image":1000006608,"_v2024__product_hero__product_slider_gallery__video_link":"https:\/\/player.vimeo.com\/progressive_redirect\/playback\/1042810721\/rendition\/720p\/file.mp4?loc=external&amp;log_user=0&amp;signature=f1112214a4063fd8341ab081415faaab00cc266bf07541d4f4f5e185457e92a4&amp;user_id=110095091"}],"_v2024__before_and_after_image":1000006531,"_v2024__before_and_after_image_mobile":1000006532,"_v2024__product_hero__quantity":"110 ML","_v2024__product_hero__product_disclamer":"","_v2024__why_use__should_show":"visible","_v2024__why_use__description_text":"Soigne et restaure les cheveux ab\u00eem\u00e9s. Pr\u00e9vient les frisottis, les pointes fourchues et les enchev\u00eatrements. Apporte brillance et douceur soyeuse.","_v2024__why_use__text_content":"<ul>\r\n \t<li>Utiliser une fois par semaine pour un traitement en profondeur du cuir chevelu et des cheveux avant le lavage afin de les soigner et de les r\u00e9parer intens\u00e9ment<\/li>\r\n \t<li>Utiliser une goutte apr\u00e8s la douche pour les pointes tr\u00e8s s\u00e8ches<\/li>\r\n \t<li>\u00c0 la plage, emp\u00eachez les cheveux de se dess\u00e9cher et de se d\u00e9shydrater tout en les nourrissant<\/li>\r\n \t<li>M\u00e9lange sp\u00e9cial de sept huiles bio naturelles enrichies de vitamine E naturelle<\/li>\r\n \t<li>Fournisseur naturel de vitamines, de min\u00e9raux, de substances bioactives et d'antioxydants<\/li>\r\n \t<li>Ar\u00f4me de lait de coco<\/li>\r\n<\/ul>","_v2024__why_use__product_notes_and_remarks":"","_v2024__why_use__background_color":"#FBF1EB","_v2024__why_use__heading_color":"#816c65","_v2024__why_use__text_color":"#816c65","_v2024__why_use__image_desktop":1000006690,"_v2024__why_use__image_mobile":1000006691,"_v2024__stats_show":false,"_v2024__stats_repeater":null,"_v2024__stats_repeater_disclaimer":null,"_v2024__benefits__icons_repeater":[{"_v2024__benefit__icons_repeater_icon":1000006749,"_v2024__benefit__icons_repeater_text":"REND LES CHEVEUX BRILLANTS ET D'UNE DOUCEUR SOYEUSE"},{"_v2024__benefit__icons_repeater_icon":1000006740,"_v2024__benefit__icons_repeater_text":"NOURRIT ET R\u00c9PARE INTENS\u00c9MENT"},{"_v2024__benefit__icons_repeater_icon":1000006746,"_v2024__benefit__icons_repeater_text":"INGR\u00c9DIENTS BIO &amp; NATURELS"},{"_v2024__benefit__icons_repeater_icon":1000006734,"_v2024__benefit__icons_repeater_text":"DOUX AR\u00d4ME DE NOIX DE COCO"}],"_v2024__image_ingreddients__intro_text":"Une combinaison d'huiles bio dont les propri\u00e9t\u00e9s se compl\u00e8tent pour apporter brillance, douceur et vitalit\u00e9 aux cheveux d\u00e8s la premi\u00e8re utilisation.","_v2024__image_ingreddients__additional_description":"","_v2024__image_ingreddients__disclamer_inner":"","_v2024__image_ingredients__repeater":[{"_v2024__image_ingredients__ingredient_image":1000006710,"_v2024__image_ingredients__ingredient_title":"HUILE DE CAM\u00c9LIA","_v2024__image_ingredients__ingredient_description":"Une huile nourrissante qui p\u00e9n\u00e8tre facilement dans les cheveux, leur apportant volume, douceur et protection durable."},{"_v2024__image_ingredients__ingredient_image":1000006728,"_v2024__image_ingredients__ingredient_title":"HUILE DE TAMANU","_v2024__image_ingredients__ingredient_description":"Apaise les irritations du cuir chevelu, p\u00e9n\u00e8tre rapidement sans r\u00e9sidus graisseux et am\u00e9liore la maniabilit\u00e9 des cheveux."},{"_v2024__image_ingredients__ingredient_image":1000006717,"_v2024__image_ingredients__ingredient_title":"HUILE DE JOJOBA","_v2024__image_ingredients__ingredient_description":"Forte r\u00e9g\u00e9n\u00e9ration et propri\u00e9t\u00e9s s\u00e9bo-\u00e9quilibrantes pour un cuir chevelu sain et des cheveux lustr\u00e9s."},{"_v2024__image_ingredients__ingredient_image":1000006707,"_v2024__image_ingredients__ingredient_title":"L'HUILE D'ARGAN","_v2024__image_ingredients__ingredient_description":"Apporte des vitamines et des acides gras aux cheveux et au cuir chevelu et les prot\u00e8ge des effets n\u00e9fastes du soleil et du vent."},{"_v2024__image_ingredients__ingredient_image":1000006712,"_v2024__image_ingredients__ingredient_title":"HUILE DE NOIX DE COCO","_v2024__image_ingredients__ingredient_description":"Nourrit et hydrate, prot\u00e8ge des dommages caus\u00e9s par le soleil et rend les cheveux soyeux et r\u00e9sistants."},{"_v2024__image_ingredients__ingredient_image":1000006724,"_v2024__image_ingredients__ingredient_title":"HUILE D'OLIVE","_v2024__image_ingredients__ingredient_description":"Hydrate, renforce et nourrit les cheveux. Elle les prot\u00e8ge du soleil et des effets des traitements thermiques tels que le pressage et le bouclage."},{"_v2024__image_ingredients__ingredient_image":1000006706,"_v2024__image_ingredients__ingredient_title":"HUILE D'AMANDE DOUCE","_v2024__image_ingredients__ingredient_description":"Favorise la croissance des cheveux et r\u00e9duit leur chute, gr\u00e2ce \u00e0 sa richesse en vitamines et en acides gras essentiels."},{"_v2024__image_ingredients__ingredient_image":1000006730,"_v2024__image_ingredients__ingredient_title":"VITAMINE E NATURELLE","_v2024__image_ingredients__ingredient_description":"Puissant antioxydant qui favorise la croissance des cheveux et la sant\u00e9 du cuir chevelu."}],"_v2024__image_ingredients__all_ingredients":"COCOS NUCIFERA OIL*, PRUNUS AMYGDALUS DULCIS OIL*, OLEA EUROPAEA FRUIT OIL*, SIMMONDSIA CHINENSIS SEED OIL*, CAMELLIA OLEIFERA SEED OIL*, ARGANIA SPINOSA KERNEL OIL*, CALOPHYLLUM INOPHYLLUM SEED OIL*, TOCOPHEROL, HELIANTHUS ANNUUS SEED OIL, PARFUM <strong>(COCONUT OIL*, SWEET ALMOND OIL*, OLIVE OIL*, JOJOBA OIL*, CAMELLIA OIL*, ARGAN OIL*, TAMANU OIL*, NATURAL VITAMIN E, SUNFLOWER SEED OIL, PARFUM)<\/strong>\r\n\r\n<em>*Ingr\u00e9dients certifi\u00e9s bio<\/em>\r\n\r\n<em>Nous vous prions de bien vouloir noter que la liste des ingr\u00e9dients peut l\u00e9g\u00e8rement varier dans le temps compte-tenu des am\u00e9liorations du produit. Voir sur l'emballage du produit pour l'information actualis\u00e9e.<\/em>","_v2024__usage_content__left_content":"<h4>MASQUE INTENSIF AVANT SHAMPOOING<\/h4>\r\n<ol>\r\n \t<li>Appliquez une quantit\u00e9 g\u00e9n\u00e9reuse d'huile sur les cheveux et le cuir chevelu.<\/li>\r\n \t<li>Enveloppez les cheveux dans du film \u00e9tirable et les recouvrir d'une serviette chaude.<\/li>\r\n \t<li>Laissez agir au moins 40 minutes ou toute la nuit.<\/li>\r\n \t<li>Rincez au shampooing.<\/li>\r\n<\/ol>\r\n<h4>NOURRISSANT APR\u00c8S LA DOUCHE<\/h4>\r\nPour plus de nutrition et de brillance, appliquez une tr\u00e8s petite quantit\u00e9 (une goutte) d'huile sur les pointes des cheveux.\r\n<h4>AU SOLEIL ET \u00c0 LA PLAGE<\/h4>\r\nAppliquez une petite quantit\u00e9 d'huile sur les pointes ou sur l'ensemble des cheveux et du cuir chevelu. N'en appliquez pas trop pour \u00e9viter de les graisser. \u00c0 la fin de la journ\u00e9e, lavez soigneusement vos cheveux.","_v2024__usage_content__right_bottom_content":"","_v2024__usage_content__note":"L'huile ne contient pas de filtre UV.","_v2024__usage_content__storage":"Conserver dans un endroit frais et sec. Ne pas r\u00e9frig\u00e9rer. Le produit durcit s'il est conserv\u00e9 dans un endroit frais ce qui emp\u00eache le contenu de sortir de la pompe. Pour le rendre liquide, laissez le flacon \u00e0 temp\u00e9rature ambiante \u00e0 plus de 25\u0421\u00b0. Ne pas ouvrir le flacon lorsque le produit a durci, car vous risquez de casser la pompe.\r\n\r\n&nbsp;\r\n\r\nA usage externe uniquement. Cesser l'utilisation en cas d'irritation. Ne pas utiliser sur le cuir chevelu ab\u00eem\u00e9 ou bless\u00e9. \u00c9viter le contact avec les yeux. Tenir hors de la port\u00e9e des enfants ! Conserver dans un endroit frais et sec."},"_links":{"self":[{"href":"https:\/\/cocosolis.com\/be\/wp-json\/wp\/v2\/product\/408","targetHints":{"allow":["GET"]}}],"collection":[{"href":"https:\/\/cocosolis.com\/be\/wp-json\/wp\/v2\/product"}],"about":[{"href":"https:\/\/cocosolis.com\/be\/wp-json\/wp\/v2\/types\/product"}],"wp:featuredmedia":[{"embeddable":true,"href":"https:\/\/cocosolis.com\/be\/wp-json\/"}],"wp:attachment":[{"href":"https:\/\/cocosolis.com\/be\/wp-json\/wp\/v2\/media?parent=408"}],"wp:term":[{"taxonomy":"product_brand","embeddable":true,"href":"https:\/\/cocosolis.com\/be\/wp-json\/wp\/v2\/product_brand?post=408"},{"taxonomy":"product_cat","embeddable":true,"href":"https:\/\/cocosolis.com\/be\/wp-json\/wp\/v2\/product_cat?post=408"},{"taxonomy":"product_tag","embeddable":true,"href":"https:\/\/cocosolis.com\/be\/wp-json\/wp\/v2\/product_tag?post=408"},{"taxonomy":"product_template","embeddable":true,"href":"https:\/\/cocosolis.com\/be\/wp-json\/wp\/v2\/product_template?post=408"}],"curies":[{"name":"wp","href":"https:\/\/api.w.org\/{rel}","templated":true}]}}