{"id":385,"date":"2022-05-06T13:10:21","date_gmt":"2022-05-06T11:10:21","guid":{"rendered":"http:\/\/cocosolis.com\/en\/?post_type=product&#038;p=385"},"modified":"2026-02-25T15:03:29","modified_gmt":"2026-02-25T14:03:29","slug":"skin-stretch-mark-dry-oil","status":"publish","type":"product","link":"https:\/\/cocosolis.com\/be\/product\/skin-stretch-mark-dry-oil\/","title":{"rendered":"SKIN Stretch Mark Dry Oil"},"content":{"rendered":"","protected":false},"excerpt":{"rendered":"","protected":false},"featured_media":1000004576,"template":"","meta":{"_acf_changed":false},"product_brand":[],"product_cat":[19],"product_tag":[],"product_template":[64],"class_list":{"0":"post-385","1":"product","2":"type-product","3":"status-publish","4":"has-post-thumbnail","6":"product_cat-skin","7":"product_template-v-2024-clean","9":"first","10":"instock","11":"shipping-taxable","12":"purchasable","13":"product-type-simple"},"acf":{"_v2024__listing_and_sharing_info__listing_category":"SKIN","_v2024__listing_and_sharing_info__product_type":"Stretch Mark Dry Oil","_v2024__listing__and_sharing_info__listing_below_title_in_product_page":"Huile s\u00e8che naturelle contre les vergetures. Convient \u00e9galement aux peaux d\u00e9shydrat\u00e9es et vieillissantes.","_v2024__listing_and_sharing_info__listing_description":"Huile s\u00e8che contre les vergetures. Convient \u00e9galement aux peaux d\u00e9hydrat\u00e9es et viellissantes.","_v2024__listing_and_sharing_info__image":100000389,"_v2024__product_hero__hero_type":"carousel","_v2024__product_hero__product_slider_gallery":[{"_v2024__product_hero__product_slider_gallery__image":1000006663,"_v2024__product_hero__product_slider_gallery__video_link":""},{"_v2024__product_hero__product_slider_gallery__image":1000006664,"_v2024__product_hero__product_slider_gallery__video_link":""},{"_v2024__product_hero__product_slider_gallery__image":1000006665,"_v2024__product_hero__product_slider_gallery__video_link":""},{"_v2024__product_hero__product_slider_gallery__image":1000006666,"_v2024__product_hero__product_slider_gallery__video_link":""},{"_v2024__product_hero__product_slider_gallery__image":1000006667,"_v2024__product_hero__product_slider_gallery__video_link":""},{"_v2024__product_hero__product_slider_gallery__image":1000006668,"_v2024__product_hero__product_slider_gallery__video_link":""},{"_v2024__product_hero__product_slider_gallery__image":1000006669,"_v2024__product_hero__product_slider_gallery__video_link":"https:\/\/player.vimeo.com\/progressive_redirect\/playback\/1042663930\/rendition\/540p\/file.mp4?loc=external&amp;log_user=0&amp;signature=78bb01a1fe3d2bf9676ed22a7bfa36db3f77502ecc6f889eb5d9c9c22c6d91f1"}],"_v2024__before_and_after_image":1000006539,"_v2024__before_and_after_image_mobile":1000006540,"_v2024__product_hero__quantity":"110 ML","_v2024__product_hero__product_disclamer":"","_v2024__why_use__should_show":"visible","_v2024__why_use__description_text":"Aide \u00e0 r\u00e9duire le risque de vergetures lors d'une grossesse, d'un changement de poids soudain ou d'une croissance rapide. Am\u00e9liore l'aspect de la peau et augmente son \u00e9lasticit\u00e9.","_v2024__why_use__text_content":"<ul>\r\n \t<li>Aide \u00e0 maintenir des niveaux \u00e9lev\u00e9s de collag\u00e8ne dans la peau<\/li>\r\n \t<li>Effet b\u00e9n\u00e9fique sur les peaux s\u00e8ches et vieillissantes<\/li>\r\n \t<li>Contient un principe actif naturel brevet\u00e9 contre les vergetures \u00e0 base d'extrait de graines de lupin blanc doux<\/li>\r\n \t<li>Formule sp\u00e9ciale naturelle et v\u00e9gan \u00e0 base d'huiles bio de haute qualit\u00e9 press\u00e9es \u00e0 froid : nourrit et restaure<\/li>\r\n \t<li>P\u00e9n\u00e8tre rapidement et en profondeur<\/li>\r\n \t<li>Convient aux peaux d\u00e9licates et sensibles<\/li>\r\n \t<li>Au doux ar\u00f4me de mandarine<\/li>\r\n<\/ul>","_v2024__why_use__product_notes_and_remarks":"","_v2024__why_use__background_color":"#FBF1EB","_v2024__why_use__heading_color":"#816c65","_v2024__why_use__text_color":"#816c65","_v2024__why_use__image_desktop":1000006700,"_v2024__why_use__image_mobile":1000006701,"_v2024__stats_show":false,"_v2024__stats_repeater":null,"_v2024__stats_repeater_disclaimer":null,"_v2024__benefits__icons_repeater":[{"_v2024__benefit__icons_repeater_icon":1000006750,"_v2024__benefit__icons_repeater_text":"PR\u00c9VIENT LES VERGETURES"},{"_v2024__benefit__icons_repeater_icon":1000006742,"_v2024__benefit__icons_repeater_text":"PRINCIPE ACTIF NATUREL BREVET\u00c9"},{"_v2024__benefit__icons_repeater_icon":1000006746,"_v2024__benefit__icons_repeater_text":"INGR\u00c9DIENTS BIO &amp; NATURELS"},{"_v2024__benefit__icons_repeater_icon":1000006751,"_v2024__benefit__icons_repeater_text":"AR\u00d4ME DE MANDARINE"}],"_v2024__image_ingreddients__intro_text":"Tous les ingr\u00e9dients sont naturels. A l'effet r\u00e9parateur, lisse la peau, stimule la production de collag\u00e8ne - des conditions qui pr\u00e9viennent l'apparition des vergetures, maintient l'\u00e9lasticit\u00e9 de la peau et la rend hydrat\u00e9e et lisse.","_v2024__image_ingreddients__additional_description":"","_v2024__image_ingreddients__disclamer_inner":"","_v2024__image_ingredients__repeater":[{"_v2024__image_ingredients__ingredient_image":1000006704,"_v2024__image_ingredients__ingredient_title":"INGR\u00c9DIENT ACTIF DU LUPIN DOUX ","_v2024__image_ingredients__ingredient_description":"Stimule la production de collag\u00e8ne de haute qualit\u00e9, am\u00e9liore l'\u00e9lasticit\u00e9 et la fermet\u00e9 de la peau, remod\u00e8le les zones cutan\u00e9es affaiss\u00e9es."},{"_v2024__image_ingredients__ingredient_image":1000006729,"_v2024__image_ingredients__ingredient_title":"HUILE ESSENTIELLE DE MANDARINE","_v2024__image_ingredients__ingredient_description":"R\u00e9g\u00e9n\u00e8re et lisse la peau, r\u00e9tablit son \u00e9quilibre et pr\u00e9vient la formation de vergetures."},{"_v2024__image_ingredients__ingredient_image":1000006727,"_v2024__image_ingredients__ingredient_title":"HUILE DE ROSIER","_v2024__image_ingredients__ingredient_description":"\u00c9claircit et unifie le teint, estompe les cicatrices. Indispensable pour une peau plus lisse et sans d\u00e9faut."},{"_v2024__image_ingredients__ingredient_image":1000006719,"_v2024__image_ingredients__ingredient_title":"EXTRAIT DE CALENDULA","_v2024__image_ingredients__ingredient_description":"Apaise et r\u00e9g\u00e9n\u00e8re la peau, rendant moins visibles les vergetures et cicatrices existantes."},{"_v2024__image_ingredients__ingredient_image":1000006708,"_v2024__image_ingredients__ingredient_title":"HUILE D'AVOCAT","_v2024__image_ingredients__ingredient_description":"Riche en acides gras essentiels et en vitamines, elle hydrate la peau en profondeur et aide \u00e0 pr\u00e9venir l'apparition des vergetures."},{"_v2024__image_ingredients__ingredient_image":1000006712,"_v2024__image_ingredients__ingredient_title":"HUILE DE NOIX DE COCO","_v2024__image_ingredients__ingredient_description":"P\u00e9n\u00e8tre facilement, hydrate en profondeur et laisse la peau douce et souple."},{"_v2024__image_ingredients__ingredient_image":1000006711,"_v2024__image_ingredients__ingredient_title":"BEURRE DE CACAO","_v2024__image_ingredients__ingredient_description":"Merveilleuse \"nourriture\" pour la peau. Il la r\u00e9g\u00e9n\u00e8re et pr\u00e9vient l'apparition des vergetures et des ridules."},{"_v2024__image_ingredients__ingredient_image":1000006706,"_v2024__image_ingredients__ingredient_title":"HUILE D'AMANDE DOUCE","_v2024__image_ingredients__ingredient_description":"Apaise et am\u00e9liore la texture et le teint de la peau. R\u00e9duit les rougeurs et l'inflammation."},{"_v2024__image_ingredients__ingredient_image":1000006724,"_v2024__image_ingredients__ingredient_title":"HUILE D'OLIVE","_v2024__image_ingredients__ingredient_description":"Hydrate la peau en profondeur, apaise et nourrit les peaux irrit\u00e9es."},{"_v2024__image_ingredients__ingredient_image":1000006705,"_v2024__image_ingredients__ingredient_title":"PRINCIPES ACTIFS","_v2024__image_ingredients__ingredient_description":"Extraite d\u2019une huile d\u2019olive de haute qualit\u00e9, elle garantit une p\u00e9n\u00e9tration rapide des huiles dans la peau."},{"_v2024__image_ingredients__ingredient_image":1000006730,"_v2024__image_ingredients__ingredient_title":"VITAMINE E NATURELLE","_v2024__image_ingredients__ingredient_description":"Antioxydant puissant qui combat les signes du vieillissement et qui renforce le processus naturel de gu\u00e9rison de la peau."}],"_v2024__image_ingredients__all_ingredients":"COCOS NUCIFERA OIL*, HELIANTHUS ANNUUS SEED OIL*, CALENDULA OFFICINALIS FLOWER EXTRACT*, SIMMONDSIA CHINENSIS SEED OIL*, PRUNUS AMYGDALUS DULCIS OIL*, THEOBROMA CACAO SEED BUTTER*, CUCUMIS SATIVUS SEED OIL*, ARGANIA SPINOSA KERNEL OIL*, OCTYLDODECYL OLIVATE, CAPRYLIC\/ CAPRIC TRIGLYCERIDE, TOCOPHEROL, MENTHA VIRIDIS LEAF OIL*, LIMONENE <strong>(COCONUT OIL*, SUNFLOWER SEED OIL*, CALENDULA FLOWER EXTRACT*, JOJOBA OIL*, SWEET ALMOND OIL*, CACAO SEED BUTTER*, CUCUMBER OIL*, ARGAN OIL*, OCTYLDODECYL OLIVATE FROM OLIVE OIL, CAPRYLIC CAPRIC TRIGLYCERIDE, NATURAL VITAMIN \u0415, SPEARMINT ESSENTIAL OIL*, LIMONENE)<\/strong>\r\n\r\n<em>*Ingr\u00e9dients certifi\u00e9s bio<\/em>\r\n\r\n<em>Nous vous prions de bien vouloir noter que la liste des ingr\u00e9dients peut l\u00e9g\u00e8rement varier dans le temps compte-tenu des am\u00e9liorations du produit. Voir sur l'emballage du produit pour l'information actualis\u00e9e.<\/em>","_v2024__usage_content__left_content":"Appliquer matin et soir sur les zones souhait\u00e9es ou sur l'ensemble du corps en effectuant des mouvements de massage.\r\n\r\nPour un effet optimal, appliquer imm\u00e9diatement apr\u00e8s la douche sur une peau humide ou s\u00e8che, lorsque les pores sont ouverts et peuvent absorber au maximum les ingr\u00e9dients de l'huile pure.","_v2024__usage_content__right_bottom_content":"","_v2024__usage_content__note":"<em>*Pendant la grossesse - il est important de le savoir : Malgr\u00e9 les ingr\u00e9dients enti\u00e8rement naturels utilis\u00e9s dans ce produit, nous recommandons un test individuel de compatibilit\u00e9 cutan\u00e9e sur une petite zone du corps 24 heures avant l'utilisation.<\/em>","_v2024__usage_content__storage":"Conserver dans un endroit frais et sec. Ne pas r\u00e9frig\u00e9rer. Le produit durcit s'il est conserv\u00e9 dans un endroit frais ce qui emp\u00eache le contenu de sortir de la pompe. Pour le rendre liquide, laissez le flacon \u00e0 temp\u00e9rature ambiante \u00e0 plus de 25\u0421\u00b0. Ne pas ouvrir le flacon lorsque le produit a durci, car vous risquez de casser la pompe.\r\n\r\n&nbsp;\r\n\r\nA usage externe uniquement. Cesser l'utilisation en cas d'irritation. Ne pas utiliser sur une peau endommag\u00e9e ou bless\u00e9e. \u00c9viter le contact avec les yeux. Tenir hors de la port\u00e9e des enfants !"},"_links":{"self":[{"href":"https:\/\/cocosolis.com\/be\/wp-json\/wp\/v2\/product\/385","targetHints":{"allow":["GET"]}}],"collection":[{"href":"https:\/\/cocosolis.com\/be\/wp-json\/wp\/v2\/product"}],"about":[{"href":"https:\/\/cocosolis.com\/be\/wp-json\/wp\/v2\/types\/product"}],"wp:featuredmedia":[{"embeddable":true,"href":"https:\/\/cocosolis.com\/be\/wp-json\/"}],"wp:attachment":[{"href":"https:\/\/cocosolis.com\/be\/wp-json\/wp\/v2\/media?parent=385"}],"wp:term":[{"taxonomy":"product_brand","embeddable":true,"href":"https:\/\/cocosolis.com\/be\/wp-json\/wp\/v2\/product_brand?post=385"},{"taxonomy":"product_cat","embeddable":true,"href":"https:\/\/cocosolis.com\/be\/wp-json\/wp\/v2\/product_cat?post=385"},{"taxonomy":"product_tag","embeddable":true,"href":"https:\/\/cocosolis.com\/be\/wp-json\/wp\/v2\/product_tag?post=385"},{"taxonomy":"product_template","embeddable":true,"href":"https:\/\/cocosolis.com\/be\/wp-json\/wp\/v2\/product_template?post=385"}],"curies":[{"name":"wp","href":"https:\/\/api.w.org\/{rel}","templated":true}]}}