{"id":1000010882,"date":"2025-03-20T10:02:39","date_gmt":"2025-03-20T09:02:39","guid":{"rendered":"https:\/\/cocosolis.com\/be\/product\/grow-hair-growth-conditioner\/"},"modified":"2026-02-25T15:04:55","modified_gmt":"2026-02-25T14:04:55","slug":"grow-hair-growth-conditioner","status":"publish","type":"product","link":"https:\/\/cocosolis.com\/be\/product\/grow-hair-growth-conditioner\/","title":{"rendered":"GROW Growth &amp; Anti-aging Conditioner"},"content":{"rendered":"","protected":false},"excerpt":{"rendered":"<p>Apr\u00e8s-shampoing pour croissance capillaire avec KERASCALP\u2122. A effet anti-\u00e2ge.<\/p>\n","protected":false},"featured_media":1000007067,"template":"","meta":{"_acf_changed":false},"product_brand":[],"product_cat":[17],"product_tag":[],"product_template":[64],"class_list":{"0":"post-1000010882","1":"product","2":"type-product","3":"status-publish","4":"has-post-thumbnail","6":"product_cat-hair","7":"product_template-v-2024-clean","9":"first","10":"instock","11":"shipping-taxable","12":"purchasable","13":"product-type-simple"},"acf":{"_v2024__listing_and_sharing_info__listing_category":"GROW","_v2024__listing_and_sharing_info__product_type":"Growth &amp; Anti-aging Conditioner","_v2024__listing__and_sharing_info__listing_below_title_in_product_page":"Apr\u00e8s-shampoing pour croissance capillaire avec KERASCALP\u2122. A effet anti-\u00e2ge. Cliniquement prouv\u00e9 pour rendre les cheveux plus denses, plus \u00e9pais et plus brillants.","_v2024__listing_and_sharing_info__listing_description":"Apr\u00e8s-shampoing pour croissance capillaire avec KERASCALP\u2122. A effet anti-\u00e2ge.","_v2024__listing_and_sharing_info__image":1000007066,"_v2024__product_hero__hero_type":"carousel","_v2024__product_hero__product_slider_gallery":[{"_v2024__product_hero__product_slider_gallery__image":1000007039,"_v2024__product_hero__product_slider_gallery__video_link":""},{"_v2024__product_hero__product_slider_gallery__image":1000007111,"_v2024__product_hero__product_slider_gallery__video_link":""},{"_v2024__product_hero__product_slider_gallery__image":1000007112,"_v2024__product_hero__product_slider_gallery__video_link":""},{"_v2024__product_hero__product_slider_gallery__image":1000007113,"_v2024__product_hero__product_slider_gallery__video_link":""},{"_v2024__product_hero__product_slider_gallery__image":"","_v2024__product_hero__product_slider_gallery__video_link":""},{"_v2024__product_hero__product_slider_gallery__image":1000007040,"_v2024__product_hero__product_slider_gallery__video_link":""},{"_v2024__product_hero__product_slider_gallery__image":"","_v2024__product_hero__product_slider_gallery__video_link":""},{"_v2024__product_hero__product_slider_gallery__image":1000007114,"_v2024__product_hero__product_slider_gallery__video_link":""}],"_v2024__before_and_after_image":1000007035,"_v2024__before_and_after_image_mobile":1000007036,"_v2024__product_hero__quantity":"200 ML","_v2024__product_hero__product_disclamer":"","_v2024__why_use__should_show":"visible","_v2024__why_use__description_text":"Cet apr\u00e8s-shampoing au KERASCALP\u2122 non seulement nourrit, mais renforce et rajeunit de la racine \u00e0 la pointe. Il en r\u00e9sulte des cheveux qui poussent facilement et qui r\u00e9sistent \u00e0 la cassure.","_v2024__why_use__text_content":"<ul>\r\n \t<li>Humecte en profondeur, adoucit, facilite le d\u00e9m\u00ealage et pr\u00e9vient les cassures<\/li>\r\n \t<li>Pour un effet maximal peut \u00eatre appliqu\u00e9 aussi sur les racines, pour des cheveux normaux et secs<\/li>\r\n \t<li>Transforme les cheveux fins et sans vie en renfor\u00e7ant les follicules<\/li>\r\n \t<li>Rajeunit le cuir chevelu et les cheveux en r\u00e9duisant consid\u00e9rablement les cheveux gris<\/li>\r\n \t<li>Convient \u00e0 tous les types de cheveux<\/li>\r\n \t<li>Ne contient pas de parab\u00e8nes, de SLES, de SLS, de paraffine, de silicones ou d'ingr\u00e9dients d'origine animale<\/li>\r\n \t<li>Captive les sens avec un parfum fruit\u00e9<\/li>\r\n<\/ul>","_v2024__why_use__product_notes_and_remarks":"","_v2024__why_use__background_color":"#FBF1EB","_v2024__why_use__heading_color":"#816c65","_v2024__why_use__text_color":"#816c65","_v2024__why_use__image_desktop":1000007060,"_v2024__why_use__image_mobile":1000007061,"_v2024__stats_show":true,"_v2024__stats_repeater":[{"_v2024__stats_repeater_id":"stats_stronger_follicles","_v2024__stats_repeater_number":60,"_v2024__stats_repeater_description_title":"follicules plus forts","_v2024__stats_repeater_description":"","_v2024__stats_repeater_asterisks":""},{"_v2024__stats_repeater_id":"stats_more_thickness","_v2024__stats_repeater_number":56,"_v2024__stats_repeater_description_title":"plus de densit\u00e9","_v2024__stats_repeater_description":"","_v2024__stats_repeater_asterisks":""},{"_v2024__stats_repeater_id":"stats_more_density","_v2024__stats_repeater_number":49,"_v2024__stats_repeater_description_title":"plus d'\u00e9paisseur","_v2024__stats_repeater_description":"","_v2024__stats_repeater_asterisks":""},{"_v2024__stats_repeater_id":"stats_more_shine","_v2024__stats_repeater_number":51,"_v2024__stats_repeater_description_title":"plus de brillance","_v2024__stats_repeater_description":"","_v2024__stats_repeater_asterisks":""}],"_v2024__stats_repeater_disclaimer":[{"_v2024__stats_repeater_disclaimer_text":"Selon tests in vitro et in vivo de l'ingr\u00e9dient actif Kerascalp\u2122"}],"_v2024__benefits__icons_repeater":[{"_v2024__benefit__icons_repeater_icon":1000007085,"_v2024__benefit__icons_repeater_text":"NOURRIT EN PROFONDEUR"},{"_v2024__benefit__icons_repeater_icon":1000007081,"_v2024__benefit__icons_repeater_text":"EFFET ANTI-\u00c2GE"},{"_v2024__benefit__icons_repeater_icon":1000007082,"_v2024__benefit__icons_repeater_text":"PLUS DE DENSIT\u00c9 ET DE BRILLANCE"},{"_v2024__benefit__icons_repeater_icon":1000007084,"_v2024__benefit__icons_repeater_text":"CR\u00c9\u00c9 PAR DES EXPERTTS"}],"_v2024__image_ingreddients__intro_text":"Au c\u0153ur de l'effet transformateur de l'apr\u00e8s-shampooing GROW se trouve l'ingr\u00e9dient actif naturel KERASCALP\u2122, qui allie les anciennes traditions ayurv\u00e9diques \u00e0 la recherche scientifique de pointe. Associ\u00e9 \u00e0 des extraits de plantes pures et \u00e0 des vitamines, il contribue \u00e0 cr\u00e9er des cheveux forts et beaux qui poussent.","_v2024__image_ingreddients__additional_description":"","_v2024__image_ingreddients__disclamer_inner":"","_v2024__image_ingredients__repeater":[{"_v2024__image_ingredients__ingredient_image":1000007073,"_v2024__image_ingredients__ingredient_title":"KERASCALP\u2122","_v2024__image_ingredients__ingredient_description":"Un ingr\u00e9dient actif naturel, extrait de fruit d'amla, connu pour ses propri\u00e9t\u00e9s adaptog\u00e8nes et anti-\u00e2ge et utilis\u00e9 dans la m\u00e9decine ayurv\u00e9dique. Stimule la production de collag\u00e8ne XVII, qui renforce les follicules et ralentit les processus d'affinement, de chute et de grisonnement des cheveux, et diminue l'activit\u00e9 de l'\u00e9lastase, qui endommage les follicules et entra\u00eene leur vieillissement. Il est cliniquement prouv\u00e9 que ce produit rend les cheveux plus \u00e9pais, plus denses, plus r\u00e9sistants et plus brillants."},{"_v2024__image_ingredients__ingredient_image":1000007074,"_v2024__image_ingredients__ingredient_title":"PANTHENOL","_v2024__image_ingredients__ingredient_description":"Hydrate et apaise le cuir chevelu, renforce les follicules, r\u00e9duit les cassures et apporte brillance et douceur aux cheveux."},{"_v2024__image_ingredients__ingredient_image":1000006712,"_v2024__image_ingredients__ingredient_title":"HUILE DE COCO","_v2024__image_ingredients__ingredient_description":"Nourrit et humecte en profondeur, renforce la structure des cheveux et les rend soyeux et r\u00e9sistants."},{"_v2024__image_ingredients__ingredient_image":1000007075,"_v2024__image_ingredients__ingredient_title":"EXTRAIT D'\u00c9GLANTIER","_v2024__image_ingredients__ingredient_description":"Nourrit les cheveux et le cuir chevelu de vitamines et d'antioxydants, les revitalisant et les rendant plus r\u00e9sistants."},{"_v2024__image_ingredients__ingredient_image":1000007072,"_v2024__image_ingredients__ingredient_title":"EXTRAIT DE BRUY\u00c8RE","_v2024__image_ingredients__ingredient_description":"Gr\u00e2ce \u00e0 ses propri\u00e9t\u00e9s antioxydantes et anti-inflammatoires, il renforce les follicules et rend les cheveux plus forts et plus \u00e9clatants."},{"_v2024__image_ingredients__ingredient_image":1000007076,"_v2024__image_ingredients__ingredient_title":"EXTRAIT DE PENS\u00c9E SAUVAGE","_v2024__image_ingredients__ingredient_description":"Nourrit intens\u00e9ment, hydrate et am\u00e9liore la circulation sanguine, favorisant ainsi la croissance des cheveux."},{"_v2024__image_ingredients__ingredient_image":1000007077,"_v2024__image_ingredients__ingredient_title":"EXTRAIT DE VERVEINE","_v2024__image_ingredients__ingredient_description":"Son action antiseptique aide \u00e0 r\u00e9g\u00e9n\u00e9rer le cuir chevelu et \u00e0 fortifier les cheveux."},{"_v2024__image_ingredients__ingredient_image":1000006730,"_v2024__image_ingredients__ingredient_title":"VITAMINE E NATURELLE","_v2024__image_ingredients__ingredient_description":"Puissant antioxydant qui favorise la croissance des cheveux et la sant\u00e9 du cuir chevelu."}],"_v2024__image_ingredients__all_ingredients":"Aqua, Myristyl Alcohol**, Glycerin**, Behentrimonium Chloride, Cetyl Palmitate, Panthenol, Cocos Nucifera Oil*, Coconut Alkanes**, Propanediol**, Phyllanthus Emblica Fruit Extract**, Rosa Canina Flower Extract*, Calluna Vulgaris Flower Extract*, Viola Tricolor Extract*, Centaurium Erythraea Flower Extract*, Verbena Officinalis Flower Extract*, Cetyl Alcohol**, Lauryl Alcohol**, Citric Acid**, Parfum, Sodium Levulinate**, Sodium Benzoate, Potassium Sorbate, Limonene, Citrus Aurantium Peel Oil, Hexyl Cinnamal, Linalool, Tetramethyl Acetyloctahydronaphthalenes, Citrus Limon Oil\r\n\r\n<i>*Certified Organic Ingredients\r\n**Ingredients From Natural Origin<\/i>\r\n\r\n<em>Nous vous prions de bien vouloir noter que la liste des ingr\u00e9dients peut l\u00e9g\u00e8rement varier dans le temps compte-tenu des am\u00e9liorations du produit. Voir sur l'emballage du produit pour l'information actualis\u00e9e.<\/em>","_v2024__usage_content__left_content":"<strong>O\u00d9<\/strong>: cheveux et cuir chevelu (ne pas appliquer sur le cuir chevelu en cas de cheveux gras)\r\n\r\n<strong>COMMENT<\/strong>: applique\u0440 sur cheveux (et le cuir chevelu) mouill\u00e9s en effectuant de l\u00e9gers massages, laisser agir au moins 5 minutes et rincer\r\n\r\n<strong>\u00c0 QUELLE FR\u00c9QUENCE<\/strong>: selon votre routine de lavage de cheveux\r\n\r\n<strong>POUR DE MEILLEURS R\u00c9SULTATS<\/strong>: combiner avec le shampooing pour la croissance capillaire GROW","_v2024__usage_content__right_bottom_content":"","_v2024__usage_content__note":"","_v2024__usage_content__storage":"A usage externe uniquement. Cesser l'utilisation en cas d'irritation. Ne pas utiliser sur le cuir chevelu ab\u00eem\u00e9 ou bless\u00e9. \u00c9viter le contact avec les yeux. Tenir hors de la port\u00e9e des enfants ! Conserver dans un endroit frais et sec."},"_links":{"self":[{"href":"https:\/\/cocosolis.com\/be\/wp-json\/wp\/v2\/product\/1000010882","targetHints":{"allow":["GET"]}}],"collection":[{"href":"https:\/\/cocosolis.com\/be\/wp-json\/wp\/v2\/product"}],"about":[{"href":"https:\/\/cocosolis.com\/be\/wp-json\/wp\/v2\/types\/product"}],"wp:featuredmedia":[{"embeddable":true,"href":"https:\/\/cocosolis.com\/be\/wp-json\/"}],"wp:attachment":[{"href":"https:\/\/cocosolis.com\/be\/wp-json\/wp\/v2\/media?parent=1000010882"}],"wp:term":[{"taxonomy":"product_brand","embeddable":true,"href":"https:\/\/cocosolis.com\/be\/wp-json\/wp\/v2\/product_brand?post=1000010882"},{"taxonomy":"product_cat","embeddable":true,"href":"https:\/\/cocosolis.com\/be\/wp-json\/wp\/v2\/product_cat?post=1000010882"},{"taxonomy":"product_tag","embeddable":true,"href":"https:\/\/cocosolis.com\/be\/wp-json\/wp\/v2\/product_tag?post=1000010882"},{"taxonomy":"product_template","embeddable":true,"href":"https:\/\/cocosolis.com\/be\/wp-json\/wp\/v2\/product_template?post=1000010882"}],"curies":[{"name":"wp","href":"https:\/\/api.w.org\/{rel}","templated":true}]}}