{"id":1000010881,"date":"2025-03-20T10:02:38","date_gmt":"2025-03-20T09:02:38","guid":{"rendered":"https:\/\/cocosolis.com\/be\/product\/grow-hair-growth-shampoo\/"},"modified":"2026-02-25T15:04:52","modified_gmt":"2026-02-25T14:04:52","slug":"grow-hair-growth-shampoo","status":"publish","type":"product","link":"https:\/\/cocosolis.com\/be\/product\/grow-hair-growth-shampoo\/","title":{"rendered":"GROW Growth &amp; Anti-aging Shampoo"},"content":{"rendered":"","protected":false},"excerpt":{"rendered":"<p>Shampoing pour la pousse des cheveux au KERASCALP\u2122. A effet anti-\u00e2ge.<\/p>\n","protected":false},"featured_media":1000007071,"template":"","meta":{"_acf_changed":false},"product_brand":[],"product_cat":[17],"product_tag":[],"product_template":[64],"class_list":{"0":"post-1000010881","1":"product","2":"type-product","3":"status-publish","4":"has-post-thumbnail","6":"product_cat-hair","7":"product_template-v-2024-clean","9":"first","10":"instock","11":"shipping-taxable","12":"purchasable","13":"product-type-simple"},"acf":{"_v2024__listing_and_sharing_info__listing_category":"GROW","_v2024__listing_and_sharing_info__product_type":"Growth &amp; Anti-aging Shampoo","_v2024__listing__and_sharing_info__listing_below_title_in_product_page":"Shampoing pour la pousse des cheveux  au KERASCALP\u2122. A effet anti-\u00e2ge. Cliniquement prouv\u00e9 pour rendre les cheveux plus denses, plus \u00e9pais et plus brillants.","_v2024__listing_and_sharing_info__listing_description":"Shampoing pour la pousse des cheveux au KERASCALP\u2122. A effet anti-\u00e2ge.","_v2024__listing_and_sharing_info__image":1000007070,"_v2024__product_hero__hero_type":"carousel","_v2024__product_hero__product_slider_gallery":[{"_v2024__product_hero__product_slider_gallery__image":1000007053,"_v2024__product_hero__product_slider_gallery__video_link":""},{"_v2024__product_hero__product_slider_gallery__image":1000007216,"_v2024__product_hero__product_slider_gallery__video_link":""},{"_v2024__product_hero__product_slider_gallery__image":1000007217,"_v2024__product_hero__product_slider_gallery__video_link":""},{"_v2024__product_hero__product_slider_gallery__image":1000007218,"_v2024__product_hero__product_slider_gallery__video_link":""},{"_v2024__product_hero__product_slider_gallery__image":1000007219,"_v2024__product_hero__product_slider_gallery__video_link":""},{"_v2024__product_hero__product_slider_gallery__image":1000007054,"_v2024__product_hero__product_slider_gallery__video_link":""},{"_v2024__product_hero__product_slider_gallery__image":1000007220,"_v2024__product_hero__product_slider_gallery__video_link":""}],"_v2024__before_and_after_image":1000007037,"_v2024__before_and_after_image_mobile":1000007038,"_v2024__product_hero__quantity":"250 ML","_v2024__product_hero__product_disclamer":"","_v2024__why_use__should_show":"visible","_v2024__why_use__description_text":"Obtenez des cheveux plus \u00e9pais, plus forts et plus brillants en renfor\u00e7ant les follicules pileux et en revitalisant le cuir chevelu gr\u00e2ce \u00e0 ce shampooing anti-\u00e2ge au KERASCALP\u2122.","_v2024__why_use__text_content":"<ul>\r\n \t<li>Lave les cheveux en douceur et en profondeur gr\u00e2ce \u00e0 sa formule naturelle cr\u00e9\u00e9e par des experts<\/li>\r\n \t<li>Cr\u00e9e des conditions optimales pour la croissance des cheveux<\/li>\r\n \t<li>Transforme les cheveux fins et sans vie et renforce les follicules<\/li>\r\n \t<li>Rajeunit le cuir chevelu et les cheveux et r\u00e9duit consid\u00e9rablement les cheveux blancs<\/li>\r\n \t<li>Convient \u00e0 tout type de cheveux<\/li>\r\n \t<li>Ne contient pas de parab\u00e8nes, de SLES, de SLS, de paraffine, de silicones ou d'ingr\u00e9dients d'origine animale<\/li>\r\n \t<li>Captive les sens avec un ar\u00f4me fruit\u00e9<\/li>\r\n<\/ul>","_v2024__why_use__product_notes_and_remarks":"","_v2024__why_use__background_color":"#FBF1EB","_v2024__why_use__heading_color":"#816c65","_v2024__why_use__text_color":"#816c65","_v2024__why_use__image_desktop":1000007064,"_v2024__why_use__image_mobile":1000007065,"_v2024__stats_show":true,"_v2024__stats_repeater":[{"_v2024__stats_repeater_id":"stats_stronger_follicles","_v2024__stats_repeater_number":60,"_v2024__stats_repeater_description_title":"follicules plus forts","_v2024__stats_repeater_description":"","_v2024__stats_repeater_asterisks":""},{"_v2024__stats_repeater_id":"stats_more_thickness","_v2024__stats_repeater_number":56,"_v2024__stats_repeater_description_title":"plus de densit\u00e9","_v2024__stats_repeater_description":"","_v2024__stats_repeater_asterisks":""},{"_v2024__stats_repeater_id":"stats_more_density","_v2024__stats_repeater_number":49,"_v2024__stats_repeater_description_title":"plus d'\u00e9paisseur","_v2024__stats_repeater_description":"","_v2024__stats_repeater_asterisks":""},{"_v2024__stats_repeater_id":"stats_more_shine","_v2024__stats_repeater_number":51,"_v2024__stats_repeater_description_title":"plus de brillance","_v2024__stats_repeater_description":"","_v2024__stats_repeater_asterisks":""}],"_v2024__stats_repeater_disclaimer":[{"_v2024__stats_repeater_disclaimer_text":"Selon tests in vitro et in vivo de l'ingr\u00e9dient actif Kerascalp\u2122"}],"_v2024__benefits__icons_repeater":[{"_v2024__benefit__icons_repeater_icon":1000007083,"_v2024__benefit__icons_repeater_text":"CROISSANCE ACC\u00c9L\u00c9R\u00c9E"},{"_v2024__benefit__icons_repeater_icon":1000007081,"_v2024__benefit__icons_repeater_text":"EFFET ANTI-\u00c2GE"},{"_v2024__benefit__icons_repeater_icon":1000007082,"_v2024__benefit__icons_repeater_text":"PLUS DE DENSIT\u00c9 ET DE BRILLANCE"},{"_v2024__benefit__icons_repeater_icon":1000007084,"_v2024__benefit__icons_repeater_text":"CR\u00c9\u00c9 PAR DES EXPERTTS"}],"_v2024__image_ingreddients__intro_text":"Au c\u0153ur de l'effet transformateur du shampooing GROW se trouve l'ingr\u00e9dient actif naturel KERASCALP\u2122, une combinaison de milliers d'ann\u00e9es de tradition ayurv\u00e9dique et de recherche scientifique de pointe. Associ\u00e9 \u00e0 des extraits de plantes purs et \u00e0 des vitamines, il garantit des cheveux forts et beaux qui poussent.","_v2024__image_ingreddients__additional_description":"","_v2024__image_ingreddients__disclamer_inner":"","_v2024__image_ingredients__repeater":[{"_v2024__image_ingredients__ingredient_image":1000007073,"_v2024__image_ingredients__ingredient_title":"KERASCALP\u2122","_v2024__image_ingredients__ingredient_description":"Un ingr\u00e9dient actif naturel, extrait de fruit d'amla, connu pour ses propri\u00e9t\u00e9s adaptog\u00e8nes et anti-\u00e2ge et utilis\u00e9 dans la m\u00e9decine ayurv\u00e9dique. Stimule la production de collag\u00e8ne XVII, qui renforce les follicules et ralentit les processus d'affinement, de chute et de grisonnement des cheveux, et diminue l'activit\u00e9 de l'\u00e9lastase, qui endommage les follicules et entra\u00eene leur vieillissement. Il est cliniquement prouv\u00e9 que ce produit rend les cheveux plus \u00e9pais, plus denses, plus r\u00e9sistants et plus brillants."},{"_v2024__image_ingredients__ingredient_image":1000007074,"_v2024__image_ingredients__ingredient_title":"PANTENOL","_v2024__image_ingredients__ingredient_description":"Hydrate et apaise le cuir chevelu, renforce les follicules et r\u00e9duit les frisottis, laissant les cheveux brillants et lisses."},{"_v2024__image_ingredients__ingredient_image":1000006707,"_v2024__image_ingredients__ingredient_title":"L'HUILE D'ARGAN","_v2024__image_ingredients__ingredient_description":"Apporte des vitamines et des acides gras aux cheveux et au cuir chevelu et les prot\u00e8ge des effets n\u00e9fastes du soleil et du vent."},{"_v2024__image_ingredients__ingredient_image":1000006712,"_v2024__image_ingredients__ingredient_title":"EXTRAIT DE NOIX DE COCO","_v2024__image_ingredients__ingredient_description":"Hydrate sans graisser ni alourdir les cheveux. Nourrit et stimule le r\u00e9tablissement de l'\u00e9quilibre naturel du cuir chevelu."},{"_v2024__image_ingredients__ingredient_image":1000007075,"_v2024__image_ingredients__ingredient_title":"EXTRAIT D'\u00c9GLANTIER","_v2024__image_ingredients__ingredient_description":"Nourrit les cheveux et le cuir chevelu de vitamines et d'antioxydants, les revitalise et les rend plus r\u00e9sistants."},{"_v2024__image_ingredients__ingredient_image":1000007072,"_v2024__image_ingredients__ingredient_title":"EXTRAIT DE BRUY\u00c8RE","_v2024__image_ingredients__ingredient_description":"Gr\u00e2ce \u00e0 ses propri\u00e9t\u00e9s antioxydantes et anti-inflammatoires, il renforce les follicules et rend les cheveux plus forts et plus vibrants."},{"_v2024__image_ingredients__ingredient_image":1000007076,"_v2024__image_ingredients__ingredient_title":"EXTRAIR DE PENS\u00c9E SAUVAGE","_v2024__image_ingredients__ingredient_description":"Nourrit, hydrate et am\u00e9liore la circulation sanguine de mani\u00e8re intensive, ce qui favorise la croissance des cheveux."},{"_v2024__image_ingredients__ingredient_image":1000007077,"_v2024__image_ingredients__ingredient_title":"EXTRAIT DE VERVEINE","_v2024__image_ingredients__ingredient_description":"Son action antiseptique aide \u00e0 restaurer le cuir chevelu et \u00e0 renforcer les cheveux."},{"_v2024__image_ingredients__ingredient_image":1000006730,"_v2024__image_ingredients__ingredient_title":"VITAMINE E NATURELLE","_v2024__image_ingredients__ingredient_description":"Puissant antioxydant qui favorise la croissance des cheveux et la sant\u00e9 du cuir chevelu."}],"_v2024__image_ingredients__all_ingredients":"Aqua, Sodium Coco-Sulfate**, Cocamidopropyl Betaine**, Propanediol**, Coco-Glucoside**, Glyceryl Oleate**, Phyllanthus Emblica Fruit Extract**, Panthenol, Glycerin**, Argania Spinosa Kernel Oil*, Cocos Nucifera Fruit Extract*, Rosa Canina Flower Extract*, Calluna Vulgaris Flower Extract*, Viola Tricolor Extract*, Centaurium Erythraea Flower Extract*, Verbena Officinalis Flower Extract*, Hydrogenated Vegetable Glycerides Citrate**, Tocopherol**, Citric Acid**, Lactic Acid**, Parfum, Sodium Benzoate, Potassium Sorbate, Benzyl Alcohol, Limonene, Citrus Aurantium Peel Oil, Hexyl Cinnamal, Linalool, Tetramethyl Acetyloctahydronaphthalenes, Citrus Limon Oil\r\n\r\n<i>*Certified Organic Ingredients\r\n**Ingredients From Natural Origin<\/i>\r\n\r\n<em>Nous vous prions de bien vouloir noter que la liste des ingr\u00e9dients peut l\u00e9g\u00e8rement varier dans le temps compte-tenu des am\u00e9liorations du produit. Voir sur l'emballage du produit pour l'information actualis\u00e9e.<\/em>","_v2024__usage_content__left_content":"<strong>O\u00d9<\/strong>: cuir chevelu et cheveux\r\n\r\n<strong>COMMENT<\/strong>: appliquer sur le cuir chevelu et les cheveux mouill\u00e9s en effectuant de l\u00e9gers mouvements de massage, laisser agir au moins 2 minutes et rincer.\r\n\r\n<strong>A QUELLE FR\u00c9QUENCE<\/strong>: en fonction de votre routine de lavage des cheveux, peut \u00eatre utilis\u00e9 quotidiennement.\r\n\r\n<strong>POUR DE MEILLEURS R\u00c9SULTATS<\/strong>: combiner avec l'apr\u00e8s-shampoing GROW","_v2024__usage_content__right_bottom_content":"","_v2024__usage_content__note":"","_v2024__usage_content__storage":"A usage externe uniquement. Cesser l'utilisation en cas d'irritation. Ne pas utiliser sur le cuir chevelu ab\u00eem\u00e9 ou bless\u00e9. \u00c9viter le contact avec les yeux. Tenir hors de la port\u00e9e des enfants ! Conserver dans un endroit frais et sec."},"_links":{"self":[{"href":"https:\/\/cocosolis.com\/be\/wp-json\/wp\/v2\/product\/1000010881","targetHints":{"allow":["GET"]}}],"collection":[{"href":"https:\/\/cocosolis.com\/be\/wp-json\/wp\/v2\/product"}],"about":[{"href":"https:\/\/cocosolis.com\/be\/wp-json\/wp\/v2\/types\/product"}],"wp:featuredmedia":[{"embeddable":true,"href":"https:\/\/cocosolis.com\/be\/wp-json\/"}],"wp:attachment":[{"href":"https:\/\/cocosolis.com\/be\/wp-json\/wp\/v2\/media?parent=1000010881"}],"wp:term":[{"taxonomy":"product_brand","embeddable":true,"href":"https:\/\/cocosolis.com\/be\/wp-json\/wp\/v2\/product_brand?post=1000010881"},{"taxonomy":"product_cat","embeddable":true,"href":"https:\/\/cocosolis.com\/be\/wp-json\/wp\/v2\/product_cat?post=1000010881"},{"taxonomy":"product_tag","embeddable":true,"href":"https:\/\/cocosolis.com\/be\/wp-json\/wp\/v2\/product_tag?post=1000010881"},{"taxonomy":"product_template","embeddable":true,"href":"https:\/\/cocosolis.com\/be\/wp-json\/wp\/v2\/product_template?post=1000010881"}],"curies":[{"name":"wp","href":"https:\/\/api.w.org\/{rel}","templated":true}]}}