{"id":467,"date":"2022-05-06T15:55:54","date_gmt":"2022-05-06T13:55:54","guid":{"rendered":"http:\/\/cocosolis.com\/en\/?page_id=467"},"modified":"2025-10-27T13:48:16","modified_gmt":"2025-10-27T12:48:16","slug":"delivery","status":"publish","type":"page","link":"https:\/\/cocosolis.com\/be\/delivery\/","title":{"rendered":"COMMANDE &amp; LIVRAISON"},"content":{"rendered":"\n<p>Les commandes peuvent \u00eatre effectu\u00e9es sur notre site internet <a href=\"http:\/\/www.cocosolis.com\/be\/store\/\" target=\"_blank\" rel=\"noreferrer noopener\">www.cocosolis.com\/be\/store\/<\/a><\/p>\n\n\n\n<p>D\u00e8s la prise en compte de la commande le client re\u00e7oit une confirmation par mail.<\/p>\n\n\n\n<h5 class=\"wp-block-heading\">FRAIS DE LIVRAISON<\/h5>\n\n\n\n<p>Pour une livraison standard par Post Netherlands : livraison gratuite pour toutes les commandes sup\u00e9rieures \u00e0 45 \u20ac. Pour les commandes inf\u00e9rieures \u00e0 45 \u20ac, les frais de livraison sont fix\u00e9s \u00e0 4,90 \u20ac. Pour une livraison express par DHL: la livraison est fix\u00e9e \u00e0 9,90 \u20ac pour les commandes jusqu&rsquo;\u00e0 45 \u20ac, et \u00e0 5 \u20ac pour les commandes sup\u00e9rieures \u00e0 45 \u20ac. Si le client n\u2019assure pas un acc\u00e8s ou des conditions n\u00e9cessaires \u00e0 la livraison \u00e0 l\u2019adresse indiqu\u00e9e dans l&rsquo;intervalle stipul\u00e9 ou ne va pas r\u00e9cup\u00e9rer sa commande au point relais indiqu\u00e9 par Post Netherlands ou par DHL, le vendeur est lib\u00e9r\u00e9 de toute obligation de livraison.<\/p>\n\n\n\n<h5 class=\"wp-block-heading\">D\u00c9LAI DE LIVRAISON<\/h5>\n\n\n\n<p>Livraisons effectu\u00e9es par Post Netherlands : d\u00e9lai de livraison de 4 \u00e0 6 jours ouvr\u00e9s Livraisons effectu\u00e9es par DHL : 24 \u00e0 48h pour toute commande effectu\u00e9e avant 12h en jours ouvr\u00e9s. DHL ne livre pas les samedis, dimanches et jours f\u00e9ri\u00e9s.<\/p>\n\n\n\n<h5 class=\"wp-block-heading\">POUR NOUS CONTACTER:<\/h5>\n\n\n\n<ul class=\"wp-block-list\">\n<li>par t\u00e9l\u00e9phone: 09 73 053 100<\/li>\n\n\n\n<li>via Facebook: <a href=\"https:\/\/www.facebook.com\/cocosolisfr\/\" target=\"_blank\" rel=\"noreferrer noopener\">Facebook COCOSOLIS | Paris<\/a><\/li>\n<\/ul>\n\n\n\n<p>&nbsp;Date de publication: 10.10.2025<\/p>\n","protected":false},"excerpt":{"rendered":"<p>Les commandes peuvent \u00eatre effectu\u00e9es sur notre site internet www.cocosolis.com\/be\/store\/ D\u00e8s la prise en compte de la commande le client re\u00e7oit une confirmation par mail. FRAIS DE LIVRAISON Pour une livraison standard par Post Netherlands : livraison gratuite pour toutes les commandes sup\u00e9rieures \u00e0 45 \u20ac. Pour les commandes inf\u00e9rieures \u00e0 45 \u20ac, les frais &hellip; <a href=\"https:\/\/cocosolis.com\/be\/delivery\/\">Continued<\/a><\/p>\n","protected":false},"author":1,"featured_media":0,"parent":0,"menu_order":0,"comment_status":"closed","ping_status":"closed","template":"","meta":{"_acf_changed":false,"footnotes":""},"page_roles":[36],"class_list":["post-467","page","type-page","status-publish","hentry","page_roles-legal"],"acf":[],"_links":{"self":[{"href":"https:\/\/cocosolis.com\/be\/wp-json\/wp\/v2\/pages\/467","targetHints":{"allow":["GET"]}}],"collection":[{"href":"https:\/\/cocosolis.com\/be\/wp-json\/wp\/v2\/pages"}],"about":[{"href":"https:\/\/cocosolis.com\/be\/wp-json\/wp\/v2\/types\/page"}],"author":[{"embeddable":true,"href":"https:\/\/cocosolis.com\/be\/wp-json\/wp\/v2\/users\/1"}],"replies":[{"embeddable":true,"href":"https:\/\/cocosolis.com\/be\/wp-json\/wp\/v2\/comments?post=467"}],"version-history":[{"count":7,"href":"https:\/\/cocosolis.com\/be\/wp-json\/wp\/v2\/pages\/467\/revisions"}],"predecessor-version":[{"id":1000016418,"href":"https:\/\/cocosolis.com\/be\/wp-json\/wp\/v2\/pages\/467\/revisions\/1000016418"}],"wp:attachment":[{"href":"https:\/\/cocosolis.com\/be\/wp-json\/wp\/v2\/media?parent=467"}],"wp:term":[{"taxonomy":"page_roles","embeddable":true,"href":"https:\/\/cocosolis.com\/be\/wp-json\/wp\/v2\/page_roles?post=467"}],"curies":[{"name":"wp","href":"https:\/\/api.w.org\/{rel}","templated":true}]}}