{"id":457,"date":"2022-05-06T15:54:08","date_gmt":"2022-05-06T13:54:08","guid":{"rendered":"http:\/\/cocosolis.com\/en\/?page_id=457"},"modified":"2022-06-17T13:18:28","modified_gmt":"2022-06-17T11:18:28","slug":"return-policy","status":"publish","type":"page","link":"https:\/\/cocosolis.com\/be\/return-policy\/","title":{"rendered":"Droit de r\u00e9tractation"},"content":{"rendered":"\n<h1 class=\"wp-block-heading\">Droit de retour des marchandises achet\u00e9es<\/h1>\n\n\n\n<h5 class=\"wp-block-heading\">1. Droit de retour des marchandises achet\u00e9es<\/h5>\n\n\n\n<p>Conform\u00e9ment \u00e0 la loi sur la protection des consommateurs, vous pouvez exercer votre droit de retourner les produits achet\u00e9s \u00e0 vos frais, sans aucune sanction et sans qu\u2019il soit n\u00e9cessaire d\u2019indiquer une raison particuli\u00e8re. Tout ce que vous avez \u00e0 faire est de nous envoyer un e-mail \u00e0&nbsp;<a href=\"mailto:be@cocosolis.com\">be@cocosolis.com<\/a>&nbsp;dans les 30 jours suivant la date \u00e0 laquelle vous avez re\u00e7u le produit.<\/p>\n\n\n\n<p>Les produits que vous souhaitez retourner doivent \u00eatre renvoy\u00e9s dans les 30 jours \u00e0 compter de la date \u00e0 laquelle vous nous avez inform\u00e9s de votre d\u00e9cision \u00e0 l\u2019adresse suivante: Bulgarie, Sofia 1407, 53B Nikola Vaptsarov Blvd.<br>Si toutes les conditions mentionn\u00e9es ci-dessous sont remplies nous vous rembourserons int\u00e9gralement le montant r\u00e9gl\u00e9 pour les produits retourn\u00e9s:<\/p>\n\n\n\n<p>1.1 Les produits ne doivent pas \u00eatre ouverts et doivent \u00eatre dans leur emballage d\u2019origine<\/p>\n\n\n\n<p>1.2 Ils doivent \u00eatre sans traces d\u2019utilisation, d\u2019apparence endommag\u00e9e ou de taches<\/p>\n\n\n\n<p>1.3 Vous devez joindre la facture originale avec laquelle vous avez re\u00e7u les produits, ou \u00e0 d\u00e9faut votre num\u00e9ro de commande<\/p>\n\n\n\n<p>Les frais de retour des produits sont \u00e0 votre charge.<\/p>\n\n\n\n<p>Si les produits retourn\u00e9s ne peuvent \u00eatre accept\u00e9s car ils ne remplissent pas les conditions \u00e9nonc\u00e9es aux points 1.1, 1.2 et 1.3 du paragraphe pr\u00e9c\u00e9dent vous en serez avertis. Dans ce cas, vous pouvez choisir de vous faire livrer les produits \u00e0 vos frais. Si vous refusez la livraison, nous nous r\u00e9servons le droit de conserver les produits et le montant r\u00e9gl\u00e9 pour ces derniers.<br>Veuillez noter que tous les droits, taxes et frais que vous avez pay\u00e9s pour la livraison des produits achet\u00e9s (le cas \u00e9ch\u00e9ant) ne sont pas rembours\u00e9s.<\/p>\n\n\n\n<h5 class=\"wp-block-heading\">2. R\u00e9clamations<\/h5>\n\n\n\n<p>2.1 Toute r\u00e9clamation concernant une commande endommag\u00e9e se fait :<\/p>\n\n\n\n<ul class=\"wp-block-list\"><li>au moment de la r\u00e9ception de la commande et en pr\u00e9sence du coursier le dommage constat\u00e9 doit \u00eatre not\u00e9 en commentaire dans le document de suivi de livraison et un constat en 2 exemplaires doit \u00eatre sign\u00e9 par le destinataire et par le coursier.<\/li><\/ul>\n\n\n\n<p>Ou<\/p>\n\n\n\n<ul class=\"wp-block-list\"><li>dans un d\u00e9lai de trois (3) jours ouvr\u00e9s \u00e0 compter de la r\u00e9ception de l\u2019envoi par e-mail \u00e0&nbsp;<a href=\"mailto:be@cocosolis.com\">be@cocosolis.com<\/a>, le num\u00e9ro de commande ainsi que des photos du \/ des produit (s) devant \u00eatre obligatoirement fournis.<\/li><\/ul>\n\n\n\n<p>2.2 Bien que nous garantissions nos produits \u00e0 100% * et que le constat de leur r\u00e9sultat r\u00e9el de leur utilisation soit individuel, nous supposons qu\u2019il peut y avoir des clients insatisafaits de leur efficacit\u00e9. Dans ce cas nous vous invitons \u00e0 nous contacter pour voir comment nous pouvons vous aider. S\u2019il existe un motif valable de r\u00e9clamation, celui-ci peut \u00eatre faite dans une d\u00e9lai de 30 jours \u00e0 compter de la date de r\u00e9ception du produit.<\/p>\n\n\n\n<p>Veuillez noter qu\u2019une hypersensibilit\u00e9 ou une r\u00e9action allergique aux produits livr\u00e9s ne peut en elle-m\u00eame \u00eatre consid\u00e9r\u00e9e comme un d\u00e9faut des produits. De m\u00eame, d\u2019\u00e9ventuels d\u00e9fauts de cadeaux et autres articles gratuits que nous fournissons en plus de votre commande ne sont pas consid\u00e9r\u00e9s comme tels.<\/p>\n\n\n\n<p>* Pour de meilleurs r\u00e9sultats d\u2019utilisation de chaque produit, vous pouvez trouver l\u2019information necessaire sur notre site Web&nbsp;<a href=\"https:\/\/www.cocosolis.com\/be\" target=\"_blank\" rel=\"noreferrer noopener\">www.cocosolis.com\/be<\/a>.<\/p>\n\n\n\n<p>Si lors de l\u2019achat du produit que vous souhaitez retourner, celui-ci \u00e9tait accompagn\u00e9 d\u2019articles gratuits, il est n\u00e9cessaire de les renvoyer \u00e9galement dans le m\u00eame \u00e9tat (pleins et non utilis\u00e9s, dans leur emballage d\u2019origine intact)<\/p>\n\n\n\n<h5 class=\"wp-block-heading\">3. Remboursement<\/h5>\n\n\n\n<p>La proc\u00e9dure de remboursement des produits retourn\u00e9s commence dans les quatorze (14) jours ouvr\u00e9s suivant la date \u00e0 laquelle nous les avons re\u00e7us.<\/p>\n\n\n\n<p>La p\u00e9riode de remboursement du montant que vous avez r\u00e9gl\u00e9 pour acheter les produits retourn\u00e9s d\u00e9pend du mode de paiement que vous avez utilis\u00e9:<\/p>\n\n\n\n<ul class=\"wp-block-list\"><li>Achat en esp\u00e8ces \u00e0 la livraison: tous les montants pay\u00e9s \u00e0 la livraison ou sur place sont rembours\u00e9s uniquement par virement bancaire sur votre compte personnel<\/li><li>Achat par carte de cr\u00e9dit \/ d\u00e9bit: tous les montants sont rembours\u00e9s sur le m\u00eame compte (carte) \u00e0 partir duquel le paiement a \u00e9t\u00e9 effectu\u00e9. Le temps de r\u00e9cup\u00e9ration d\u00e9pendra \u00e9galement de la politique de l\u2019entreprise \u00e9metrice la carte;<\/li><li>Paiement via PayPal: les remboursements seront cr\u00e9dit\u00e9s sur votre compte PayPal et seront visibles imm\u00e9diatement. Le remboursement r\u00e9el du montant de la carte de cr\u00e9dit associ\u00e9 \u00e0 votre compte PayPal d\u00e9pend de la soci\u00e9t\u00e9 \u00e9metrice la carte.<\/li><\/ul>\n\n\n\n<p>Date de publication: Le 29 d\u00e9cembre 2020<\/p>\n","protected":false},"excerpt":{"rendered":"<p>Droit de retour des marchandises achet\u00e9es 1. Droit de retour des marchandises achet\u00e9es Conform\u00e9ment \u00e0 la loi sur la protection des consommateurs, vous pouvez exercer votre droit de retourner les produits achet\u00e9s \u00e0 vos frais, sans aucune sanction et sans qu\u2019il soit n\u00e9cessaire d\u2019indiquer une raison particuli\u00e8re. Tout ce que vous avez \u00e0 faire est &hellip; <a href=\"https:\/\/cocosolis.com\/be\/return-policy\/\">Continued<\/a><\/p>\n","protected":false},"author":1,"featured_media":0,"parent":0,"menu_order":0,"comment_status":"closed","ping_status":"closed","template":"","meta":{"_acf_changed":false,"footnotes":""},"page_roles":[36],"class_list":["post-457","page","type-page","status-publish","hentry","page_roles-legal"],"acf":[],"_links":{"self":[{"href":"https:\/\/cocosolis.com\/be\/wp-json\/wp\/v2\/pages\/457","targetHints":{"allow":["GET"]}}],"collection":[{"href":"https:\/\/cocosolis.com\/be\/wp-json\/wp\/v2\/pages"}],"about":[{"href":"https:\/\/cocosolis.com\/be\/wp-json\/wp\/v2\/types\/page"}],"author":[{"embeddable":true,"href":"https:\/\/cocosolis.com\/be\/wp-json\/wp\/v2\/users\/1"}],"replies":[{"embeddable":true,"href":"https:\/\/cocosolis.com\/be\/wp-json\/wp\/v2\/comments?post=457"}],"version-history":[{"count":4,"href":"https:\/\/cocosolis.com\/be\/wp-json\/wp\/v2\/pages\/457\/revisions"}],"predecessor-version":[{"id":527,"href":"https:\/\/cocosolis.com\/be\/wp-json\/wp\/v2\/pages\/457\/revisions\/527"}],"wp:attachment":[{"href":"https:\/\/cocosolis.com\/be\/wp-json\/wp\/v2\/media?parent=457"}],"wp:term":[{"taxonomy":"page_roles","embeddable":true,"href":"https:\/\/cocosolis.com\/be\/wp-json\/wp\/v2\/page_roles?post=457"}],"curies":[{"name":"wp","href":"https:\/\/api.w.org\/{rel}","templated":true}]}}