{"id":1000002347,"date":"2023-06-09T07:40:24","date_gmt":"2023-06-09T05:40:24","guid":{"rendered":"https:\/\/cocosolis.com\/be\/?page_id=1000002347"},"modified":"2023-06-09T07:40:25","modified_gmt":"2023-06-09T05:40:25","slug":"free-choco","status":"publish","type":"page","link":"https:\/\/cocosolis.com\/be\/terms-of-use\/free-choco\/","title":{"rendered":"Conditions G\u00e9n\u00e9rales de la Promotion \u201cUN CHOCO OFFERT AVEC L&rsquo;ACHAT\u201d"},"content":{"rendered":"\n<h2 class=\"wp-block-heading\">Conditions G\u00e9n\u00e9rales de la Promotion \u201cUN CHOCO OFFERT AVEC L&rsquo;ACHAT\u201d<\/h2>\n\n\n\n<ol class=\"wp-block-list\">\n<li>Organisateur de la Promotion<\/li>\n<\/ol>\n\n\n\n<p>L\u2019Organisateur de la Promotion \u201cUN CHOCO OFFERT AVEC L&rsquo;ACHAT\u201d est la soci\u00e9t\u00e9 PURMERUL Ltd., au Si\u00e8ge Social en Bulgarie \u00e0 l\u2019adresse 22, Rue Liuleburgas, et. 4, apt. 9, 4002 Plovdiv, num\u00e9ro d\u2019identification : 201172065.<\/p>\n\n\n\n<ol class=\"wp-block-list\" start=\"2\">\n<li>R\u00e8glement Officiel<\/li>\n<\/ol>\n\n\n\n<p>2.1 Les Participants \u00e0 la Promotion sont tenus de se conformer aux termes et conditions des r\u00e8gles d\u00e9crites ci-dessous, appel\u00e9s R\u00e8glement Officiel.<br>2.2 Le R\u00e8glement Officiel est publi\u00e9 avant le d\u00e9but de la promotion sur www.cocosolis.com\/be\/. Des informations compl\u00e9mentaires peuvent \u00eatre obtenues en appelant le +33 9 73 05 31 00 (le taux d&rsquo;appel est d\u00e9termin\u00e9 selon le plan tarifaire de l&rsquo;appelant) chaque jour ouvrable dans la plage horaire de 09h30 \u00e0 18h00.<br>2.3 L&rsquo;Organisateur de la Promotion se r\u00e9serve le droit de modifier ou de compl\u00e9ter le R\u00e8glement Officiel \u00e0 tout moment en l&rsquo;annon\u00e7ant publiquement.<\/p>\n\n\n\n<ol class=\"wp-block-list\" start=\"3\">\n<li>Territoire de la Promotion<\/li>\n<\/ol>\n\n\n\n<p>La Promotion est organis\u00e9e sur le territoire de la Belgie.<\/p>\n\n\n\n<ol class=\"wp-block-list\" start=\"4\">\n<li>Droit de participation<\/li>\n<\/ol>\n\n\n\n<p>4.1 Toute personne \u00e2g\u00e9e de dix-huit (18) ans ou plus r\u00e9sidant sur le territoire de la Belgie peut participer \u00e0 la Promotion.<br>4.2 Les employ\u00e9s de PURMERUL Ltd., ainsi que tous les partenaires et agences associ\u00e9s \u00e0 la Promotion, ainsi que les membres de leur famille de toutes les personnes susmentionn\u00e9es ne sont pas autoris\u00e9s \u00e0 participer \u00e0 la Promotion.<\/p>\n\n\n\n<ol class=\"wp-block-list\" start=\"5\">\n<li>Dur\u00e9e de la Promotion<\/li>\n<\/ol>\n\n\n\n<p>5.1 * La promotion est valable jusqu&rsquo;\u00e0 \u00e9puisement des stocks !<\/p>\n\n\n\n<ol class=\"wp-block-list\" start=\"6\">\n<li>Produits participants<\/li>\n<\/ol>\n\n\n\n<p>Tous tous les mod\u00e8les de maillots de bain disponibles sur le site www.cocosolis.com\/be\/ participent \u00e0 la Promotion.<\/p>\n\n\n\n<ol class=\"wp-block-list\" start=\"7\">\n<li>Description de la Promotion et m\u00e9canisme de participation \u00e0 la Promotion<\/li>\n<\/ol>\n\n\n\n<p>Cette promotion permet aux clients de recevoir un CHOCO Suntan &amp; Body Oil 110 ml offert lorsqu&rsquo;ils commandent un\/des produit(s) de leur choix sur le site https:\/\/cocosolis.com\/be\/ d&rsquo;une valeur sup\u00e9rieure \u00e0 \u20ac45.<\/p>\n\n\n\n<p>Le produit est automatiquement ajout\u00e9 au panier lorsque le montant sp\u00e9cifi\u00e9 est atteint.<\/p>\n\n\n\n<p>La livraison est effectu\u00e9e par le service Colissimo de La Poste \u00e0 l&rsquo;adresse indiqu\u00e9e par le Participant. Si l&rsquo;utilisateur ne fournit pas l&rsquo;acc\u00e8s et les conditions n\u00e9cessaires pour la livraison des marchandises \u00e0 l&rsquo;adresse indiqu\u00e9e dans le d\u00e9lai sp\u00e9cifi\u00e9 ou ne se rend pas au bureau sp\u00e9cifi\u00e9 par les services Colissimo de La Poste afin de recevoir les marchandises \u00e0 temps, l&rsquo;Organisateur sera lib\u00e9r\u00e9 de l&rsquo;obligation d&rsquo;effectuer la livraison demand\u00e9e. Cette Promotion n&rsquo;est pas cumulable avec d&rsquo;autres remises.<br>Toutes les autres offres packag\u00e9es et codes promotionnels standard et promotionnels ne sont PAS valables pendant la p\u00e9riode de la Promotion mentionn\u00e9e dans l\u2019art. 5.<\/p>\n\n\n\n<ol class=\"wp-block-list\" start=\"8\">\n<li>Litiges et responsabilit\u00e9<\/li>\n<\/ol>\n\n\n\n<ul class=\"wp-block-list\">\n<li>Les litiges entre l\u2019Organisateur de la Promotion et ses Participants se r\u00e8glent d&rsquo;un commun accord. Le non-r\u00e8glement d&rsquo;un tel diff\u00e9rend sera r\u00e9gl\u00e9 par les tribunaux comp\u00e9tents de la R\u00e9publique de Bulgarie. &#8211; L&rsquo;Organisateur n\u2019est pas responsable de la remise de prix\/cadeaux demand\u00e9s en dehors des d\u00e9lais et quantit\u00e9s sp\u00e9cifi\u00e9s dans le pr\u00e9sent r\u00e8glement.<\/li>\n\n\n\n<li>L&rsquo;organisateur de la Promotion n\u2019est pas responsable dans le cas o\u00f9 le Participant a fourni une adresse e-mail ou un num\u00e9ro de t\u00e9l\u00e9phone non valide ou non correspondant.<\/li>\n<\/ul>\n\n\n\n<ol class=\"wp-block-list\" start=\"9\">\n<li>Remplacement et retour des produits<br>Conform\u00e9ment \u00e0 la Loi sur la protection des consommateurs, le Participant a le droit de retourner les produits achet\u00e9s sans aucune p\u00e9nalit\u00e9 et sans avoir \u00e0 donner de raison. Il suffit d&rsquo;informer COCOSOLIS.COM dans les quatorze (14) jours \u00e0 compter de la date de r\u00e9ception de l&rsquo;envoi. Les produits retourn\u00e9s doivent \u00eatre renvoy\u00e9s \u00e0 COCOSOLIS dans un d\u00e9lai de sept (7) jours \u00e0 compter de la date d&rsquo;envoi des informations sur la d\u00e9cision de retour des produits achet\u00e9s. Dans certaines circonstances, il est possible d&rsquo;\u00e9changer un produit avec un autre. Veuillez lire l&rsquo;int\u00e9gralit\u00e9 des conditions de notre politique de retour et d&rsquo;\u00e9change ici: https:\/\/cocosolis.com\/be\/return-policy\/<\/li>\n\n\n\n<li>Arr\u00eat de la Promotion<\/li>\n<\/ol>\n\n\n\n<p>L&rsquo;Organisateur a le droit irr\u00e9vocable de mettre fin \u00e0 la Promotion \u00e0 tout moment, en l&rsquo;annon\u00e7ant conform\u00e9ment a l\u2019art. 2 du pr\u00e9sent R\u00e8glement Officiel, en cas d&rsquo;abus, de violation des r\u00e8gles, ainsi qu&rsquo;en cas de force majeure ou pour d&rsquo;autres raisons objectives. En cas d&rsquo;abus, de faute ou de violation du R\u00e8glement Officiel par un participant, l&rsquo;Organisateur a le droit de le disqualifier. Dans ces cas, aucune compensation n&rsquo;est due aux Participants.<\/p>\n\n\n\n<ol class=\"wp-block-list\" start=\"11\">\n<li>Protection des donn\u00e9es personnelles. Acc\u00e8s public.<\/li>\n<\/ol>\n\n\n\n<p>Veuillez lire l&rsquo;int\u00e9gralit\u00e9 des termes et Conditions G\u00e9n\u00e9rales de notre politique de confidentialit\u00e9 ici: https:\/\/cocosolis.com\/be\/privacy-policy\/<\/p>\n","protected":false},"excerpt":{"rendered":"<p>Conditions G\u00e9n\u00e9rales de la Promotion \u201cUN CHOCO OFFERT AVEC L&rsquo;ACHAT\u201d L\u2019Organisateur de la Promotion \u201cUN CHOCO OFFERT AVEC L&rsquo;ACHAT\u201d est la soci\u00e9t\u00e9 PURMERUL Ltd., au Si\u00e8ge Social en Bulgarie \u00e0 l\u2019adresse 22, Rue Liuleburgas, et. 4, apt. 9, 4002 Plovdiv, num\u00e9ro d\u2019identification : 201172065. 2.1 Les Participants \u00e0 la Promotion sont tenus de se conformer &hellip; <a href=\"https:\/\/cocosolis.com\/be\/terms-of-use\/free-choco\/\">Continued<\/a><\/p>\n","protected":false},"author":1,"featured_media":0,"parent":464,"menu_order":0,"comment_status":"closed","ping_status":"closed","template":"","meta":{"_acf_changed":false,"footnotes":""},"page_roles":[],"class_list":["post-1000002347","page","type-page","status-publish","hentry"],"acf":[],"_links":{"self":[{"href":"https:\/\/cocosolis.com\/be\/wp-json\/wp\/v2\/pages\/1000002347","targetHints":{"allow":["GET"]}}],"collection":[{"href":"https:\/\/cocosolis.com\/be\/wp-json\/wp\/v2\/pages"}],"about":[{"href":"https:\/\/cocosolis.com\/be\/wp-json\/wp\/v2\/types\/page"}],"author":[{"embeddable":true,"href":"https:\/\/cocosolis.com\/be\/wp-json\/wp\/v2\/users\/1"}],"replies":[{"embeddable":true,"href":"https:\/\/cocosolis.com\/be\/wp-json\/wp\/v2\/comments?post=1000002347"}],"version-history":[{"count":1,"href":"https:\/\/cocosolis.com\/be\/wp-json\/wp\/v2\/pages\/1000002347\/revisions"}],"predecessor-version":[{"id":1000002348,"href":"https:\/\/cocosolis.com\/be\/wp-json\/wp\/v2\/pages\/1000002347\/revisions\/1000002348"}],"up":[{"embeddable":true,"href":"https:\/\/cocosolis.com\/be\/wp-json\/wp\/v2\/pages\/464"}],"wp:attachment":[{"href":"https:\/\/cocosolis.com\/be\/wp-json\/wp\/v2\/media?parent=1000002347"}],"wp:term":[{"taxonomy":"page_roles","embeddable":true,"href":"https:\/\/cocosolis.com\/be\/wp-json\/wp\/v2\/page_roles?post=1000002347"}],"curies":[{"name":"wp","href":"https:\/\/api.w.org\/{rel}","templated":true}]}}