{"id":408,"date":"2022-05-06T14:49:07","date_gmt":"2022-05-06T12:49:07","guid":{"rendered":"http:\/\/cocosolis.com\/en\/?post_type=product&#038;p=408"},"modified":"2026-04-06T15:24:22","modified_gmt":"2026-04-06T13:24:22","slug":"hair-oil-mask-3in1","status":"publish","type":"product","link":"https:\/\/cocosolis.com\/at\/product\/hair-oil-mask-3in1\/","title":{"rendered":"HAIR Oil Mask 3in1"},"content":{"rendered":"","protected":false},"excerpt":{"rendered":"","protected":false},"featured_media":1000004562,"template":"","meta":{"_acf_changed":false},"product_brand":[],"product_cat":[17],"product_tag":[],"product_template":[66],"class_list":{"0":"post-408","1":"product","2":"type-product","3":"status-publish","4":"has-post-thumbnail","6":"product_cat-hair","7":"product_template-v-2024-clean","9":"first","10":"instock","11":"shipping-taxable","12":"purchasable","13":"product-type-simple"},"acf":{"_v2024__listing_and_sharing_info__listing_category":"HAIR","_v2024__listing_and_sharing_info__product_type":"Oil Mask 3in1","_v2024__listing__and_sharing_info__listing_below_title_in_product_page":"Nat\u00fcrliche \u00d6l-Maske 3 in 1 f\u00fcr intensive Haarpflege und \u00df Reparatur.","_v2024__listing_and_sharing_info__listing_description":"Nat\u00fcrliche \u00d6l-Maske 3 in 1 f\u00fcr intensive Haarpflege und \u00df Reparatur.","_v2024__listing_and_sharing_info__image":100000381,"_v2024__product_hero__hero_type":"carousel","_v2024__product_hero__product_slider_gallery":[{"_v2024__product_hero__product_slider_gallery__image":1000006601,"_v2024__product_hero__product_slider_gallery__video_link":""},{"_v2024__product_hero__product_slider_gallery__image":1000006602,"_v2024__product_hero__product_slider_gallery__video_link":""},{"_v2024__product_hero__product_slider_gallery__image":1000006603,"_v2024__product_hero__product_slider_gallery__video_link":""},{"_v2024__product_hero__product_slider_gallery__image":1000006604,"_v2024__product_hero__product_slider_gallery__video_link":""},{"_v2024__product_hero__product_slider_gallery__image":1000006605,"_v2024__product_hero__product_slider_gallery__video_link":""},{"_v2024__product_hero__product_slider_gallery__image":1000006606,"_v2024__product_hero__product_slider_gallery__video_link":""},{"_v2024__product_hero__product_slider_gallery__image":1000006608,"_v2024__product_hero__product_slider_gallery__video_link":"https:\/\/player.vimeo.com\/progressive_redirect\/playback\/1042810721\/rendition\/720p\/file.mp4?loc=external&amp;log_user=0&amp;signature=f1112214a4063fd8341ab081415faaab00cc266bf07541d4f4f5e185457e92a4&amp;user_id=110095091"}],"_v2024__before_and_after_image":1000006531,"_v2024__before_and_after_image_mobile":1000006532,"_v2024__product_hero__quantity":"110 ML","_v2024__product_hero__product_disclamer":"","_v2024__why_use__should_show":"visible","_v2024__why_use__description_text":"St\u00e4rkt und regeneriert gesch\u00e4digtes Haar. Beugt Haarbruch, Spliss und Knoten vor. Verleiht Glanz und seidige Weichheit.","_v2024__why_use__text_content":"<ul>\r\n \t<li>W\u00f6chentlich anwenden f\u00fcr tiefenwirksames Ein\u00f6len der Kopfhaut und des Haares vor dem Waschen, um beide zu st\u00e4rken und intensiv zu regenerieren<\/li>\r\n \t<li>Bei sehr trockenen Haarspitzen, einen Tropfen nach dem Duschen auftragen<\/li>\r\n \t<li>Sch\u00fctzt das Haar am Strand vor dem Austrocknen und Ermattung und pflegt es gleichzeitig<\/li>\r\n \t<li>Spezielle Mischung aus sieben nat\u00fcrlichen Bio-\u00d6len, angereichert mit nat\u00fcrlichem Vitamin E<\/li>\r\n \t<li>Nat\u00fcrlicher Lieferant von Vitaminen, Mineralien, biologisch aktiven Substanzen und Antioxidantien<\/li>\r\n \t<li>Mit Duft nach Kokos<\/li>\r\n<\/ul>","_v2024__why_use__product_notes_and_remarks":"","_v2024__why_use__background_color":"#FBF1EB","_v2024__why_use__heading_color":"#816c65","_v2024__why_use__text_color":"#816c65","_v2024__why_use__image_desktop":1000006690,"_v2024__why_use__image_mobile":1000006691,"_v2024__stats_show":false,"_v2024__stats_repeater":null,"_v2024__stats_repeater_disclaimer":null,"_v2024__benefits__icons_repeater":[{"_v2024__benefit__icons_repeater_icon":1000006749,"_v2024__benefit__icons_repeater_text":"VERLEIHT GLANZ UND INTENSIVE WEICHHEIT"},{"_v2024__benefit__icons_repeater_icon":1000006740,"_v2024__benefit__icons_repeater_text":"PFLEGT UND REGENERIERT INTENSIV"},{"_v2024__benefit__icons_repeater_icon":1000006746,"_v2024__benefit__icons_repeater_text":"BIO UND NAT\u00dcRLICHE INHALTSSTOFFE"},{"_v2024__benefit__icons_repeater_icon":1000006734,"_v2024__benefit__icons_repeater_text":"SANFTER DUFT NACH KOKOS"}],"_v2024__image_ingreddients__intro_text":"Eine Kombination aus Bio-\u00d6len, die ihre Eigenschaften erg\u00e4nzen und f\u00fcr sichtbar gl\u00e4nzenderes, weicheres und lebendigeres Haar nach der ersten Anwendung sorgen.","_v2024__image_ingreddients__additional_description":"","_v2024__image_ingreddients__disclamer_inner":"","_v2024__image_ingredients__repeater":[{"_v2024__image_ingredients__ingredient_image":1000006710,"_v2024__image_ingredients__ingredient_title":"KAMELIEN\u00d6L","_v2024__image_ingredients__ingredient_description":"Ein n\u00e4hrendes \u00d6l, das leicht in das Haar eindringt und f\u00fcr Volumen, Geschmeidigkeit und lang anhaltenden Schutz sorgt."},{"_v2024__image_ingredients__ingredient_image":1000006728,"_v2024__image_ingredients__ingredient_title":"TAMANU\u00d6L","_v2024__image_ingredients__ingredient_description":"Lindert Reizungen der Kopfhaut, zieht schnell ein, fettet nicht und sorgt f\u00fcr gute K\u00e4mmbarkeit."},{"_v2024__image_ingredients__ingredient_image":1000006717,"_v2024__image_ingredients__ingredient_title":"JOJOBA\u00d6L","_v2024__image_ingredients__ingredient_description":"Starke regenerierende und talgausgleichende Eigenschaften f\u00fcr gesunde Kopfhaut und gl\u00e4nzendes Haar."},{"_v2024__image_ingredients__ingredient_image":1000006707,"_v2024__image_ingredients__ingredient_title":"ARGAN\u00d6L","_v2024__image_ingredients__ingredient_description":"versorgt Haar und Kopfhaut mit Vitaminen und Fetts\u00e4uren und sch\u00fctzt vor den sch\u00e4dlichen Auswirkungen von Sonne und Wind."},{"_v2024__image_ingredients__ingredient_image":1000006712,"_v2024__image_ingredients__ingredient_title":"KOKOS\u00d6L","_v2024__image_ingredients__ingredient_description":"Pflegt und befeuchtet, sch\u00fctzt vor Sonnensch\u00e4den und macht das Haar seidig glatt und elastisch."},{"_v2024__image_ingredients__ingredient_image":1000006724,"_v2024__image_ingredients__ingredient_title":"OLIVEN\u00d6L","_v2024__image_ingredients__ingredient_description":"Hydratisiert, st\u00e4rkt und pflegt das Haar. Sch\u00fctzt vor der Sonne und vor den Auswirkungen von W\u00e4rmebehandlungen wie Gl\u00e4tteisen und Lockenstab."},{"_v2024__image_ingredients__ingredient_image":1000006706,"_v2024__image_ingredients__ingredient_title":"\u00d6L AUS S\u00dcSSER MANDEL","_v2024__image_ingredients__ingredient_description":"Dank seines hohen Gehalts an Vitaminen und essentiellen Fetts\u00e4uren unterst\u00fctzt es das Haarwachstum und reduziert Haarausfall."},{"_v2024__image_ingredients__ingredient_image":1000006730,"_v2024__image_ingredients__ingredient_title":"NAT\u00dcRLICHES VITAMIN E","_v2024__image_ingredients__ingredient_description":"Starkes Antioxidantium, welches das Haarwachstum stimuliert und f\u00fcr die Gesundheit der Kopfhaut sorgt."}],"_v2024__image_ingredients__all_ingredients":"COCOS NUCIFERA OIL*, PRUNUS AMYGDALUS DULCIS OIL*, OLEA EUROPAEA FRUIT OIL*, SIMMONDSIA CHINENSIS SEED OIL*, CAMELLIA OLEIFERA SEED OIL*, ARGANIA SPINOSA KERNEL OIL*, CALOPHYLLUM INOPHYLLUM SEED OIL*, TOCOPHEROL, HELIANTHUS ANNUUS SEED OIL, PARFUM <strong>(COCONUT OIL*, SWEET ALMOND OIL*, OLIVE OIL*, JOJOBA OIL*, CAMELLIA OIL*, ARGAN OIL*, TAMANU OIL*, NATURAL VITAMIN E, SUNFLOWER SEED OIL, PARFUM)<\/strong>\r\n\r\n<em>*Bio zertifizierte Inhaltsstoffe<\/em>\r\n\r\n<em>Bitte beachten Sie, da\u00df die Liste der Inhaltstoffe aufgrund von Produktverbesserungen im Laufe der Zeit leicht variieren kann. Die aktuellsten Informationen finden Sie auf der Produktverpackung.<\/em>","_v2024__usage_content__left_content":"<h4>INTENSIVMASKE VOR DEM DUSCHEN<\/h4>\r\n<ol>\r\n \t<li>Eine gro\u00dfz\u00fcgige Menge des \u00d6ls auf Haar und Kopfhaut auftragen.<\/li>\r\n \t<li>Mit Frischhaltefolie und warmem Frotteetuch dar\u00fcber umwickeln.<\/li>\r\n \t<li>Mindestens 40 Minuten abwarten oder \u00fcber Nacht einwirken lassen.<\/li>\r\n \t<li>Mit Shampoo abwaschen.<\/li>\r\n<\/ol>\r\n<h4>PFLEGE NACH DER DUSCHE<\/h4>\r\nF\u00fcr zus\u00e4tzliche Pflege und Glanz eine sehr kleine Menge (einen Tropfen) des \u00d6ls auf die Haarspitzen auftragen.\r\n<h4>AN DER SONNE UND AM STRAND<\/h4>\r\nEine kleine Menge des \u00d6ls auf die Haarspitzen oder auf das ganze Haar und die Kopfhaut auftragen. Nicht zu viel verwenden, um ein \u00dcber\u00f6len zu vermeiden. Am Ende des Tages die Haare gr\u00fcndlich waschen.","_v2024__usage_content__right_bottom_content":"","_v2024__usage_content__note":"Das \u00d6l enth\u00e4lt keinen UV-Filter.","_v2024__usage_content__storage":"An einem k\u00fchlen und trockenen Ort aufbewahren. Nicht im K\u00fchlschrank aufbewahren. Das Produkt verfestigt sich bei kalter Lagerung und der Inhalt der Flasche kann nicht durch die Pumpe herauskommen. Zur Verfl\u00fcssigung bitte bei Zimmertemperatur \u00fcber 25\u00b0C stehen lassen. Bitte \u00f6ffnen Sie die Flasche nicht, wenn das Produkt verfestigt ist, da dies die Pumpe besch\u00e4digen kann.\r\n\r\n&nbsp;\r\n\r\nNur f\u00fcr die \u00e4u\u00dfere Anwendung. Beenden Sie die Anwendung, wenn Reizungen auftreten. Nicht auf besch\u00e4digter oder verletzter Kopfhaut anwenden. Den Kontakt mit den Augen vermeiden. Von Kindern fernhalten! An einem k\u00fchlen und trockenen Ort aufbewahren."},"_links":{"self":[{"href":"https:\/\/cocosolis.com\/at\/wp-json\/wp\/v2\/product\/408","targetHints":{"allow":["GET"]}}],"collection":[{"href":"https:\/\/cocosolis.com\/at\/wp-json\/wp\/v2\/product"}],"about":[{"href":"https:\/\/cocosolis.com\/at\/wp-json\/wp\/v2\/types\/product"}],"wp:featuredmedia":[{"embeddable":true,"href":"https:\/\/cocosolis.com\/at\/wp-json\/"}],"wp:attachment":[{"href":"https:\/\/cocosolis.com\/at\/wp-json\/wp\/v2\/media?parent=408"}],"wp:term":[{"taxonomy":"product_brand","embeddable":true,"href":"https:\/\/cocosolis.com\/at\/wp-json\/wp\/v2\/product_brand?post=408"},{"taxonomy":"product_cat","embeddable":true,"href":"https:\/\/cocosolis.com\/at\/wp-json\/wp\/v2\/product_cat?post=408"},{"taxonomy":"product_tag","embeddable":true,"href":"https:\/\/cocosolis.com\/at\/wp-json\/wp\/v2\/product_tag?post=408"},{"taxonomy":"product_template","embeddable":true,"href":"https:\/\/cocosolis.com\/at\/wp-json\/wp\/v2\/product_template?post=408"}],"curies":[{"name":"wp","href":"https:\/\/api.w.org\/{rel}","templated":true}]}}