{"id":1000015547,"date":"2026-04-24T15:53:35","date_gmt":"2026-04-24T13:53:35","guid":{"rendered":"https:\/\/cocosolis.com\/at\/product\/one-all-in-one-leave-in-conditioner\/"},"modified":"2026-05-12T14:59:40","modified_gmt":"2026-05-12T12:59:40","slug":"one-all-in-one-leave-in-conditioner","status":"publish","type":"product","link":"https:\/\/cocosolis.com\/at\/product\/one-all-in-one-leave-in-conditioner\/","title":{"rendered":"ONE. ALL IN ONE LEAVE-IN CONDITIONER"},"content":{"rendered":"","protected":false},"excerpt":{"rendered":"","protected":false},"featured_media":10000010295,"template":"","meta":{"_acf_changed":false},"product_brand":[],"product_cat":[17],"product_tag":[],"product_template":[66],"class_list":{"0":"post-1000015547","1":"product","2":"type-product","3":"status-publish","4":"has-post-thumbnail","6":"product_cat-hair","7":"product_template-v-2024-clean","9":"first","10":"instock","11":"shipping-taxable","12":"purchasable","13":"product-type-simple"},"acf":{"_v2024__listing_and_sharing_info__listing_category":"ONE","_v2024__listing_and_sharing_info__product_type":"All-in-one Leave-in Conditioner","_v2024__listing__and_sharing_info__listing_below_title_in_product_page":"Leave-in-Conditioner mit 12 Vorteilen in einer leichten Formel. Hydratisiert und regeneriert. Gl\u00e4ttet das Haar und verleiht Glanz. Erleichtert das K\u00e4mmen und Stylen, b\u00e4ndigt Frizz und verk\u00fcrzt die Trocknungszeit. Sch\u00fctzt vor UV-Strahlen und Hitze. Bewahrt die Farbe vor dem Verblassen.","_v2024__listing_and_sharing_info__listing_description":"Leave-in-Conditioner mit 12 Vorteilen f\u00fcr dein Haar. Hydratisiert, regeneriert und sch\u00fctzt \u2013 ganz ohne zu beschweren.","_v2024__listing_and_sharing_info__image":10000010296,"_v2024__product_hero__hero_type":"carousel","_v2024__product_hero__product_slider_gallery":[{"_v2024__product_hero__product_slider_gallery__image":10000010394,"_v2024__product_hero__product_slider_gallery__video_link":""},{"_v2024__product_hero__product_slider_gallery__image":10000010395,"_v2024__product_hero__product_slider_gallery__video_link":""},{"_v2024__product_hero__product_slider_gallery__image":10000010396,"_v2024__product_hero__product_slider_gallery__video_link":""},{"_v2024__product_hero__product_slider_gallery__image":10000010392,"_v2024__product_hero__product_slider_gallery__video_link":""},{"_v2024__product_hero__product_slider_gallery__image":10000010393,"_v2024__product_hero__product_slider_gallery__video_link":""},{"_v2024__product_hero__product_slider_gallery__image":10000010391,"_v2024__product_hero__product_slider_gallery__video_link":""},{"_v2024__product_hero__product_slider_gallery__image":10000010390,"_v2024__product_hero__product_slider_gallery__video_link":""},{"_v2024__product_hero__product_slider_gallery__image":10000010397,"_v2024__product_hero__product_slider_gallery__video_link":""},{"_v2024__product_hero__product_slider_gallery__image":10000010398,"_v2024__product_hero__product_slider_gallery__video_link":""}],"_v2024__before_and_after_image":10000010294,"_v2024__before_and_after_image_mobile":10000010293,"_v2024__product_hero__quantity":"150ml","_v2024__product_hero__product_disclamer":"","_v2024__why_use__should_show":"visible","_v2024__why_use__description_text":"<p><strong>Leicht wie eine Creme, stark wie eine Kur. Innovative Formel der n\u00e4chsten Generation. Zieht sofort ein, ohne das Haar zu beschweren. Ein Must-Have f\u00fcr alle Haartypen:<\/strong><\/p>","_v2024__why_use__text_content":"<ol><li><strong>Hydration:<\/strong> Bis zu 30 % bessere Feuchtigkeitsspeicherung*<\/li><li><strong>Seidiger Glanz:<\/strong> Bis zu 51 % mehr Glanz nach 5 Anwendungen*<\/li><li><strong>Leichtes Entwirren:<\/strong> Bis zu 83 % leichteres K\u00e4mmen und Stylen*<\/li><li><strong>Frizz-Kontrolle:<\/strong> B\u00e4ndigt fliegende Haare und statische Aufladung*<\/li><li><strong>Quick-dry Effekt:<\/strong> Bis zu 42 % schnelleres Trocknen der Haare*<\/li><li><strong>Versiegelung:<\/strong> Schlie\u00dft gespaltene Spitzen mit einem sch\u00fctzenden Film*<\/li><li><strong>Regeneration:<\/strong> Repariert Mikrosch\u00e4den und die Haarstruktur, n\u00e4hrt*<\/li><li><strong>Geschmeidigkeit & Gl\u00e4ttung:<\/strong> gl\u00e4ttet die Haaroberfl\u00e4che, macht das Haar weicher*<\/li><li><strong>St\u00e4rke:<\/strong> 21 % mehr Widerstandskraft gegen Haarbruch*<\/li><li><strong>Hitzeschutz:<\/strong> Schutz bei Temperaturen bis zu 220\u202f\u00b0C*<\/li><li><strong>UV- & Antioxidantien-Schutzschild:<\/strong> Aktiver Schutz bis zu 3 Tage*<\/li><li><strong>Farbschutz:<\/strong> Bis zu 50 % besserer Farberhalt, sch\u00fctzt vor Verblassen*<\/li><\/ol>","_v2024__why_use__product_notes_and_remarks":"*Basierend auf Labor- und instrumentellen Tests der Aktiv-Wirkstoffe.","_v2024__why_use__background_color":"#FBF1EB","_v2024__why_use__heading_color":"#816c65","_v2024__why_use__text_color":"#816c65","_v2024__why_use__image_desktop":10000010297,"_v2024__why_use__image_mobile":10000010298,"_v2024__stats_show":true,"_v2024__stats_repeater":[{"_v2024__stats_repeater_id":"hydration","_v2024__stats_repeater_number":30,"_v2024__stats_repeater_description_title":"HYDRATION*","_v2024__stats_repeater_description":"","_v2024__stats_repeater_asterisks":"*"},{"_v2024__stats_repeater_id":"shine","_v2024__stats_repeater_number":51,"_v2024__stats_repeater_description_title":"MEHR GLANZ*","_v2024__stats_repeater_description":"","_v2024__stats_repeater_asterisks":"*"},{"_v2024__stats_repeater_id":"easier_detangling","_v2024__stats_repeater_number":83,"_v2024__stats_repeater_description_title":"LEICHTERES K\u00c4MMEN*","_v2024__stats_repeater_description":"","_v2024__stats_repeater_asterisks":"*"},{"_v2024__stats_repeater_id":"faster_drying","_v2024__stats_repeater_number":42,"_v2024__stats_repeater_description_title":"SCHNELLERES TROCKNEN*","_v2024__stats_repeater_description":"","_v2024__stats_repeater_asterisks":"*"}],"_v2024__stats_repeater_disclaimer":[{"_v2024__stats_repeater_disclaimer_text":"Basierend auf Labor- und instrumentellen Tests der Aktiv-Wirkstoffe."}],"_v2024__benefits__icons_repeater":[{"_v2024__benefit__icons_repeater_icon":10000010291,"_v2024__benefit__icons_repeater_text":"ST\u00c4RKUNG & HYDRATION"},{"_v2024__benefit__icons_repeater_icon":10000010289,"_v2024__benefit__icons_repeater_text":"HAAR KONTROLLE"},{"_v2024__benefit__icons_repeater_icon":10000010290,"_v2024__benefit__icons_repeater_text":"GLANZ & GESCHMEIDIGKEIT"},{"_v2024__benefit__icons_repeater_icon":10000010288,"_v2024__benefit__icons_repeater_text":"RUNDUM-SCHUTZ"}],"_v2024__image_ingreddients__intro_text":"<strong>Intelligente, nat\u00fcrliche Formel. Vier innovative Aktiv-Wirkstoffe der neuen Generation vereint mit Bio-Kokos\u00f6l st\u00e4rken das Haar von innen, bilden au\u00dfen einen Schutzfilm und machen das Haar sichtbar glatter und gl\u00e4nzender.<\/strong>","_v2024__image_ingreddients__additional_description":"","_v2024__image_ingreddients__disclamer_inner":"","_v2024__image_ingredients__repeater":[{"_v2024__image_ingredients__ingredient_image":1000008646,"_v2024__image_ingredients__ingredient_title":"BIO-STRUCTURE PRO","_v2024__image_ingredients__ingredient_description":"<p>Aktiv-Wirkstoff aus gr\u00fcnen Waln\u00fcssen, gewonnen aus patentierter Technologie f\u00fcr 100 % Bioverf\u00fcgbarkeit der n\u00fctzlichen Inhaltsstoffe. Reich an strukturellen Phenolen, wirkt er als starker Antioxidantien-Schutzschild gegen freie Radikale und sch\u00e4dliche UV-Strahlen. Sch\u00fctzt die Haarfarbe klinisch best\u00e4tigt vor Verblassen. F\u00fcr leicht k\u00e4mmbares, geschmeidiges und gl\u00e4nzendes Haar.<\/p>"},{"_v2024__image_ingredients__ingredient_image":10000010286,"_v2024__image_ingredients__ingredient_title":"HYDRO-SAVE BIO","_v2024__image_ingredients__ingredient_description":"<p>Aktiv-Wirkstoff aus Bio-Kastanien gewonnen durch ein patentiertes Enzymverfahren f\u00fcr vollst\u00e4ndige Aufnahmef\u00e4higkeit. Reich an Proteinen, Fetts\u00e4uren und Zuckern, bildet er einen unsichtbaren Schutzfilm, der die Haarstruktur versiegelt und das Haar umh\u00fcllt. Sch\u00fctzt effektiv vor Hitze, bewahrt das Haar vor dem Austrocknen und vor Sch\u00e4den durch Gl\u00e4tteisen oder F\u00f6hn. Pflegt intensiv und verbessert klinisch bewiesen die Feuchtigkeitsversorgung. Macht das Haar seidig-glatt<\/p>"},{"_v2024__image_ingredients__ingredient_image":10000010287,"_v2024__image_ingredients__ingredient_title":"QUINOA GLOSS","_v2024__image_ingredients__ingredient_description":"<p>Aktiver Wirkstoff aus Quinoasamen: nat\u00fcrlicher Protein mit vollst\u00e4ndigem Aminos\u00e4ureprofil. Dank innovativer NPNF\u2122-Technologie dringt das hydrolysierte Protein tief in die Haarfaser ein und repariert selbst stark gesch\u00e4digtes Haar. Bildet einen sch\u00fctzenden Film, der das Haar gl\u00e4ttet und ihm nat\u00fcrlichen Glanz sowie Geschmeidigkeit verleiht. Erleichtert das K\u00e4mmen und sorgt f\u00fcr definierte, wundersch\u00f6ne Locken.<\/p>"},{"_v2024__image_ingredients__ingredient_image":10000010285,"_v2024__image_ingredients__ingredient_title":"AMARANTH-SHIELD 3D","_v2024__image_ingredients__ingredient_description":"<p>Aktiv-Wirkstoff aus Amaranthsamen mit 3D-Matrix-Technologie \u2013 f\u00fcr tiefenwirksame, schrittweise Freisetzung der Inhaltsstoffe direkt ins Haar. St\u00e4rkt klinisch best\u00e4tigt die innere Haarstruktur, verbessert Elastizit\u00e4t und Widerstandskraft. Gl\u00e4ttet die Haaroberfl\u00e4che, reduziert Reibung \u2013 f\u00fcr sp\u00fcrbare Geschmeidigkeit, Glanz und leichteres K\u00e4mmen. Spart die Zeit beim F\u00f6hnen, sch\u00fctzt vor Hitzesch\u00e4den und h\u00e4lt die Feuchtigkeit optimal im Haar.<\/p>"},{"_v2024__image_ingredients__ingredient_image":1000006712,"_v2024__image_ingredients__ingredient_title":"KOKOS","_v2024__image_ingredients__ingredient_description":"<p>Kaltgepresstes Bio-\u00d6l, reich an Laurins\u00e4ure, das tief in die Haarstruktur eindringt und Proteinverlust reduziert. Hilft die Feuchtigkeit zu halten, sch\u00fctzt vor Austrocknen, Macht das Haar weicher, glatter und gl\u00e4nzender.<\/p>"}],"_v2024__image_ingredients__all_ingredients":"<p>AQUA*, MYRISTYL ALCOHOL*, COCONUT ALKANES*, BEHENTRIMONIUM CHLORIDE, COCOS NUCIFERA OIL*, PARFUM, HYDROLYZED CHESTNUT EXTRACT*, HYDROLYZED QUINOA*, HYDROLYZED WALNUT EXTRACT*, AMARANTHUS CAUDATUS SEED EXTRACT*, LYSINE*, LEVULINIC ACID*, GLYCERIN*, CETRIMONIUM CHLORIDE, SCLEROTIUM GUM*, PCA GLYCERYL OLEATE*, GLYCERYL CAPRYLATE*, ZEA MAYS STARCH*, CETYL ALCOHOL*, LAURYL ALCOHOL*, CITRIC ACID*, SODIUM LEVULINATE*, PENTYLENE GLYCOL*, SODIUM BENZOATE, POTASSIUM SORBATE, BENZYL ALCOHOL, CI 14720, BENZYL SALICYLATE<\/p><p>Bitte beachten Sie, dass die Liste der Inhaltsstoffe aufgrund von Produktverbesserungen im Laufe der Zeit leicht variieren kann. Die aktuellsten Informationen finden Sie auf der Produktverpackung.<\/p>","_v2024__usage_content__left_content":"<p><strong>WO:<\/strong> Entlang der Haarl\u00e4nge<\/p><p><strong>WIE VIEL:<\/strong><\/p><p><strong>ANWENDUNG:<\/strong> Auf das frisch gewaschene, feuchte Haar auftragen, durchk\u00e4mmen und nach Wunsch stylen<\/p><p><strong>WIE OFT:<\/strong> Nach jeder Haarw\u00e4sche anwenden; f\u00fcr die t\u00e4gliche Anwendung geeignet<\/p>","_v2024__usage_content__right_bottom_content":"","_v2024__usage_content__note":"<p><strong>BITTE BEACHTEN:<\/strong> Nur f\u00fcr die \u00e4u\u00dfere Anwendung. Beenden Sie die Anwendung, wenn Reizungen auftreten. Den Kontakt mit den Augen vermeiden. Von Kindern fernhalten! An einem k\u00fchlen und trockenen Ort aufbewahren.<\/p>","_v2024__usage_content__storage":""},"_links":{"self":[{"href":"https:\/\/cocosolis.com\/at\/wp-json\/wp\/v2\/product\/1000015547","targetHints":{"allow":["GET"]}}],"collection":[{"href":"https:\/\/cocosolis.com\/at\/wp-json\/wp\/v2\/product"}],"about":[{"href":"https:\/\/cocosolis.com\/at\/wp-json\/wp\/v2\/types\/product"}],"wp:featuredmedia":[{"embeddable":true,"href":"https:\/\/cocosolis.com\/at\/wp-json\/"}],"wp:attachment":[{"href":"https:\/\/cocosolis.com\/at\/wp-json\/wp\/v2\/media?parent=1000015547"}],"wp:term":[{"taxonomy":"product_brand","embeddable":true,"href":"https:\/\/cocosolis.com\/at\/wp-json\/wp\/v2\/product_brand?post=1000015547"},{"taxonomy":"product_cat","embeddable":true,"href":"https:\/\/cocosolis.com\/at\/wp-json\/wp\/v2\/product_cat?post=1000015547"},{"taxonomy":"product_tag","embeddable":true,"href":"https:\/\/cocosolis.com\/at\/wp-json\/wp\/v2\/product_tag?post=1000015547"},{"taxonomy":"product_template","embeddable":true,"href":"https:\/\/cocosolis.com\/at\/wp-json\/wp\/v2\/product_template?post=1000015547"}],"curies":[{"name":"wp","href":"https:\/\/api.w.org\/{rel}","templated":true}]}}