{"id":1000014504,"date":"2026-01-23T13:48:58","date_gmt":"2026-01-23T12:48:58","guid":{"rendered":"https:\/\/cocosolis.com\/at\/product\/aura-peptide-shimmer-spray-pink\/"},"modified":"2026-04-06T15:27:05","modified_gmt":"2026-04-06T13:27:05","slug":"aura-peptide-shimmer-spray-pink","status":"publish","type":"product","link":"https:\/\/cocosolis.com\/at\/product\/aura-peptide-shimmer-spray-pink\/","title":{"rendered":"AURA PINK Peptide Shimmer Spray"},"content":{"rendered":"","protected":false},"excerpt":{"rendered":"","protected":false},"featured_media":1000009419,"template":"","meta":{"_acf_changed":false},"product_brand":[],"product_cat":[63],"product_tag":[],"product_template":[66],"class_list":{"0":"post-1000014504","1":"product","2":"type-product","3":"status-publish","4":"has-post-thumbnail","6":"product_cat-shimmer","7":"product_template-v-2024-clean","9":"first","10":"instock","11":"shipping-taxable","12":"purchasable","13":"product-type-simple"},"acf":{"_v2024__listing_and_sharing_info__listing_category":"AURA PINK","_v2024__listing_and_sharing_info__product_type":"Peptide Shimmer Spray","_v2024__listing__and_sharing_info__listing_below_title_in_product_page":"Nat\u00fcrliches Schimmer-Spray mit Peptiden f\u00fcr Gesicht, K\u00f6rper und Haare. L\u00e4sst die Haut strahlen, hydratisiert, verj\u00fcngt.<br><strong>Glanz: Pink<\/strong>","_v2024__listing_and_sharing_info__listing_description":"Nat\u00fcrliches Schimmer-Spray mit Peptiden f\u00fcr Gesicht, K\u00f6rper und Haare.<br><strong>Glanz: Pink<\/strong>","_v2024__listing_and_sharing_info__image":1000009418,"_v2024__product_hero__hero_type":"carousel","_v2024__product_hero__product_slider_gallery":[{"_v2024__product_hero__product_slider_gallery__image":1000009491,"_v2024__product_hero__product_slider_gallery__video_link":""},{"_v2024__product_hero__product_slider_gallery__image":1000009490,"_v2024__product_hero__product_slider_gallery__video_link":""},{"_v2024__product_hero__product_slider_gallery__image":1000009489,"_v2024__product_hero__product_slider_gallery__video_link":""},{"_v2024__product_hero__product_slider_gallery__image":1000009488,"_v2024__product_hero__product_slider_gallery__video_link":""},{"_v2024__product_hero__product_slider_gallery__image":1000009487,"_v2024__product_hero__product_slider_gallery__video_link":""},{"_v2024__product_hero__product_slider_gallery__image":1000009486,"_v2024__product_hero__product_slider_gallery__video_link":""}],"_v2024__before_and_after_image":null,"_v2024__before_and_after_image_mobile":null,"_v2024__product_hero__quantity":"100 ML","_v2024__product_hero__product_disclamer":"","_v2024__why_use__should_show":"visible","_v2024__why_use__description_text":"<p><strong>Kombinieren Sie eleganten Glanz mit aktiver Anti-Ag\u0435-Pflege f\u00fcr Ihre Haut. F\u00fchlen Sie sich strahlend und frisch von Kopf bis Fu\u00df.<\/strong><\/p>","_v2024__why_use__text_content":"<ul><li>Sanftes Leuchten mit ultrafeinen Glimmerpartikeln<\/li><li>Hydratisiert sofort, bindet Feuchtigkeit und verj\u00fcngt die Haut<\/li><li>Kombiniert Peptide mit hohem Gehalt an Hyalurons\u00e4ure, Glycerin, Panthenol und Kokoswasser<\/li><li>Unwiderstehlicher Duft nach Erdbeer-Cheesecake<\/li><li>Ideal f\u00fcr Gesicht, K\u00f6rper und Haare<\/li><\/ul>","_v2024__why_use__product_notes_and_remarks":"","_v2024__why_use__background_color":"#eddacd","_v2024__why_use__heading_color":"#816c65","_v2024__why_use__text_color":"#816c65","_v2024__why_use__image_desktop":1000009504,"_v2024__why_use__image_mobile":1000009505,"_v2024__stats_show":false,"_v2024__stats_repeater":null,"_v2024__stats_repeater_disclaimer":null,"_v2024__benefits__icons_repeater":[{"_v2024__benefit__icons_repeater_icon":1000006749,"_v2024__benefit__icons_repeater_text":"ELEGANTES LEUCHTEN"},{"_v2024__benefit__icons_repeater_icon":1000006740,"_v2024__benefit__icons_repeater_text":"SOFORTIGE HYDRATION"},{"_v2024__benefit__icons_repeater_icon":1000004600,"_v2024__benefit__icons_repeater_text":"VERJ\u00dcNGT"},{"_v2024__benefit__icons_repeater_icon":1000009506,"_v2024__benefit__icons_repeater_text":"DUFTET NACH ERDBEER-CHEESECAKE"}],"_v2024__image_ingreddients__intro_text":"<strong>Ultrafeine nat\u00fcrliche Glimmerpartikel sorgen in Symbiose mit wirksamen Aktiv-Wirkstoffen und Kokoswasser f\u00fcr strahlende Haut und Haare.<\/strong>","_v2024__image_ingreddients__additional_description":"","_v2024__image_ingreddients__disclamer_inner":"","_v2024__image_ingredients__repeater":[{"_v2024__image_ingredients__ingredient_image":1000008648,"_v2024__image_ingredients__ingredient_title":"PEPTIDE","_v2024__image_ingredients__ingredient_description":"<p>Es ist klinisch erwiesen , dass diese nat\u00fcrliche Peptide den Alterungsprozess verlangsamen, indem sie die Kollagen- und Elastin Produktion stimulieren. Sie erfrischen und straffen sichtbar die Haut, ebnen den Teint und vermindern dunkle Flecken. Sie Verbessern die Feuchtigkeitsversorgung, indem sie die Feuchtigkeit in der Haut bewahren und erh\u00f6hen.<\/p>"},{"_v2024__image_ingredients__ingredient_image":1000004599,"_v2024__image_ingredients__ingredient_title":"HYALURONS\u00c4URE","_v2024__image_ingredients__ingredient_description":"<p>Erzeugt einen Schutzfilm, um den Wasserverlust zu reduzieren und die Barrierefunktion der Haut zu verbessern. Macht die Haut sofort straffer und glatter.<\/p>"},{"_v2024__image_ingredients__ingredient_image":1000004605,"_v2024__image_ingredients__ingredient_title":"PANTHENOL","_v2024__image_ingredients__ingredient_description":"<p>Spendet Feuchtigkeit und polstert die Haut auf, indem es Feuchtigkeit anzieht und speichert. Beruhigt, unterst\u00fctzt die nat\u00fcrlichen Heilungsprozesse und regeneriert die Haut nach Sonneneinwirkung.<\/p>"},{"_v2024__image_ingredients__ingredient_image":1000006712,"_v2024__image_ingredients__ingredient_title":"KOKOSWASSER","_v2024__image_ingredients__ingredient_description":"<p>Erfrischt und revitalisiert die Haut, sorgt f\u00fcr Hydration und versorgt sie mit Vitaminen, Mineralien und Antioxidantien. Spendet Feuchtigkeit und n\u00e4hrt das Haar und verbessert die K\u00e4mmbarkeit.<\/p>"},{"_v2024__image_ingredients__ingredient_image":1000002909,"_v2024__image_ingredients__ingredient_title":"GLYCERIN","_v2024__image_ingredients__ingredient_description":"<p>Ein starkes Feuchthaltemittel: zieht Feuchtigkeit an und bewahrt sie in der Haut. F\u00fcllt feine Linien auf und macht die Haut glatt und geschmeidig.<\/p>"}],"_v2024__image_ingredients__all_ingredients":"<p>AQUA, PENTYLENE GLYCOL*, PROPANEDIOL*, COCOS NUCIFERA WATER*, LACTOBACILLUS FERMENT*, HEXAPEPTIDE-11*, GLYCOLIPIDS*, LEUCONOSTOC\/RADISH ROOT FERMENT LYSATE FILTRATE*, SODIUM HYALURONATE*, PANTHENOL, GLYCERIN*, CITRIC ACID*, POLYGLYCERYL-6 CAPRYLATE*, POLYGLYCERYL-4 CAPRATE*, AROMA, PROPYLENE GLYCOL, SODIUM BENZOATE, MICA*, CALCIUM TITANIUM BOROSILICATE*, TIN OXIDE*, CI 77891*, CI 77491*, VANILLIN, LINALOOL<\/p><p>*Nat\u00fcrliche Inhaltsstoffe<\/p><p>**Inhaltsstoffe der nat\u00fcrlichen D\u00fcfte<\/p><p>Bitte beachten Sie, da\u00df die Liste der Inhaltstoffe aufgrund von Produktverbesserungen im Laufe der Zeit leicht variieren kann. Die aktuellsten Informationen finden Sie auf der Produktverpackung.<\/p>","_v2024__usage_content__left_content":"<p><strong>Der Glanzeffekt ist bei direktem Licht am deutlichsten sichtbar.<\/strong><\/p><p><strong>WO:<\/strong> Gesicht, K\u00f6rper und Haare<\/p><p><strong>JEDEN TAG:<\/strong> Nach dem Make-up f\u00fcr zarten Glanz<\/p><p><strong>AUF PARTYS:<\/strong> ein paar Schichten f\u00fcr den glamour\u00f6sen Auftritt<\/p><p><strong>AM STRAND:<\/strong> f\u00fcr strahlende Hydration<\/p><p><strong>NACH DEM STRAND:<\/strong> Zur Beruhigung und Regeneration der Haut<\/p><p><strong>WIE:<\/strong><\/p><ul><li>1. Vor Gebrauch gut sch\u00fctteln!<\/li><li>2. Aus einer Entfernung von 20 \u2013 50 cm spr\u00fchen, um eine gleichm\u00e4\u00dfige Abdeckung zu gew\u00e4hrleisten.<\/li><li>3. Vermeiden Sie das Auftragen mit den H\u00e4nden oder einem Pinsel.<\/li><li>4. Eine Schicht auftragen und trocknen lassen.<\/li><li>5. F\u00fcr einen intensiveren Glanz weitere Schichten auftragen.<\/li><\/ul>","_v2024__usage_content__right_bottom_content":"","_v2024__usage_content__note":"<p>BITTE BEACHTEN<\/p><p>An einem k\u00fchlen, trockenen Ort aufbewahren. Nur f\u00fcr die \u00e4u\u00dfere Anwendung. Beenden Sie die Anwendung, wenn Reizungen auftreten. Nicht auf gesch\u00e4digter oder verletzter Haut anwenden. Den Kontakt mit den Augen vermeiden. Von Kindern fernhalten!<\/p><p>Das Produkt enth\u00e4lt keinen UV-Filter. Wenn Sie direktes Sonnenlicht genie\u00dfen, ist es empfehlenswert das \u00d6l in Kombination mit einer Sonnenschutzlotion anzuwenden. Das Produkt ist kein Selbstbr\u00e4uner. \u00dcberm\u00e4\u00dfige Sonneneinstrahlung kann eine ernsthafte Bedrohung f\u00fcr Ihre Gesundheit darstellen.<\/p>","_v2024__usage_content__storage":""},"_links":{"self":[{"href":"https:\/\/cocosolis.com\/at\/wp-json\/wp\/v2\/product\/1000014504","targetHints":{"allow":["GET"]}}],"collection":[{"href":"https:\/\/cocosolis.com\/at\/wp-json\/wp\/v2\/product"}],"about":[{"href":"https:\/\/cocosolis.com\/at\/wp-json\/wp\/v2\/types\/product"}],"wp:featuredmedia":[{"embeddable":true,"href":"https:\/\/cocosolis.com\/at\/wp-json\/"}],"wp:attachment":[{"href":"https:\/\/cocosolis.com\/at\/wp-json\/wp\/v2\/media?parent=1000014504"}],"wp:term":[{"taxonomy":"product_brand","embeddable":true,"href":"https:\/\/cocosolis.com\/at\/wp-json\/wp\/v2\/product_brand?post=1000014504"},{"taxonomy":"product_cat","embeddable":true,"href":"https:\/\/cocosolis.com\/at\/wp-json\/wp\/v2\/product_cat?post=1000014504"},{"taxonomy":"product_tag","embeddable":true,"href":"https:\/\/cocosolis.com\/at\/wp-json\/wp\/v2\/product_tag?post=1000014504"},{"taxonomy":"product_template","embeddable":true,"href":"https:\/\/cocosolis.com\/at\/wp-json\/wp\/v2\/product_template?post=1000014504"}],"curies":[{"name":"wp","href":"https:\/\/api.w.org\/{rel}","templated":true}]}}