{"id":1000012100,"date":"2025-07-07T15:11:58","date_gmt":"2025-07-07T13:11:58","guid":{"rendered":"https:\/\/cocosolis.com\/at\/product\/slim-shaping-serum\/"},"modified":"2026-04-06T15:25:18","modified_gmt":"2026-04-06T13:25:18","slug":"slim-shaping-serum","status":"publish","type":"product","link":"https:\/\/cocosolis.com\/at\/product\/slim-shaping-serum\/","title":{"rendered":"SLIM+ Shaping Serum"},"content":{"rendered":"","protected":false},"excerpt":{"rendered":"","protected":false},"featured_media":1000008661,"template":"","meta":{"_acf_changed":false},"product_brand":[],"product_cat":[19],"product_tag":[],"product_template":[66],"class_list":{"0":"post-1000012100","1":"product","2":"type-product","3":"status-publish","4":"has-post-thumbnail","6":"product_cat-skin","7":"product_template-v-2024-clean","9":"first","10":"instock","11":"shipping-taxable","12":"purchasable","13":"product-type-simple"},"acf":{"_v2024__listing_and_sharing_info__listing_category":"SLIM+","_v2024__listing_and_sharing_info__product_type":"Shaping Serum","_v2024__listing__and_sharing_info__listing_below_title_in_product_page":"Formendes Serum-Konzentrat. Wirkt gezielt gegen Fett, schlaffe Haut und Dehnungsstreifen. Reduziert die Umf\u00e4nge.<br><strong>Bereich: Bauch und Arme<\/strong>","_v2024__listing_and_sharing_info__listing_description":"Formendes Serum-Konzentrat. Wirkt gezielt gegen Fett, schlaffe Haut und Dehnungsstreifen.<br><strong>Bereich: Bauch und Arme<\/strong>","_v2024__listing_and_sharing_info__image":1000008662,"_v2024__product_hero__hero_type":"carousel","_v2024__product_hero__product_slider_gallery":[{"_v2024__product_hero__product_slider_gallery__image":1000008529,"_v2024__product_hero__product_slider_gallery__video_link":""},{"_v2024__product_hero__product_slider_gallery__image":1000008543,"_v2024__product_hero__product_slider_gallery__video_link":""},{"_v2024__product_hero__product_slider_gallery__image":1000008544,"_v2024__product_hero__product_slider_gallery__video_link":""},{"_v2024__product_hero__product_slider_gallery__image":1000008545,"_v2024__product_hero__product_slider_gallery__video_link":""},{"_v2024__product_hero__product_slider_gallery__image":1000008546,"_v2024__product_hero__product_slider_gallery__video_link":""},{"_v2024__product_hero__product_slider_gallery__image":1000008547,"_v2024__product_hero__product_slider_gallery__video_link":""},{"_v2024__product_hero__product_slider_gallery__image":1000008548,"_v2024__product_hero__product_slider_gallery__video_link":""},{"_v2024__product_hero__product_slider_gallery__image":1000008530,"_v2024__product_hero__product_slider_gallery__video_link":""}],"_v2024__before_and_after_image":"","_v2024__before_and_after_image_mobile":"","_v2024__product_hero__quantity":"100 ML","_v2024__product_hero__product_disclamer":"","_v2024__why_use__should_show":"visible","_v2024__why_use__description_text":"Gezielte Formel f\u00fcr Bauch und Arme. 9 nat\u00fcrliche Inhaltsstoffe mit klinisch bewiesener Wirkung greifen das Fett an und straffen die Haut. F\u00fcr sichtbare Ergebnisse nach einem Monat.","_v2024__why_use__text_content":"<ul>\r\n \t<li><strong>Transformierende Wirkung<\/strong>: reduziert die Umf\u00e4nge, strafft und formt<\/li>\r\n \t<li><strong>Erg\u00e4nzende Wirkung<\/strong>: Erh\u00f6ht die Elastizit\u00e4t der Haut und beugt der Entstehung von Dehnungsstreifen vor<\/li>\r\n \t<li><strong>Duft<\/strong>: rote Orange<\/li>\r\n \t<li><strong>Bereich<\/strong>: Bauch und Arme<\/li>\r\n<\/ul>","_v2024__why_use__product_notes_and_remarks":"","_v2024__why_use__background_color":"#FBF1EB","_v2024__why_use__heading_color":"#816c65","_v2024__why_use__text_color":"#816c65","_v2024__why_use__image_desktop":1000008633,"_v2024__why_use__image_mobile":1000008634,"_v2024__stats_show":false,"_v2024__stats_repeater":null,"_v2024__stats_repeater_disclaimer":null,"_v2024__benefits__icons_repeater":[{"_v2024__benefit__icons_repeater_icon":1000008673,"_v2024__benefit__icons_repeater_text":"REDUZIERT UMF\u00c4NGE"},{"_v2024__benefit__icons_repeater_icon":1000008666,"_v2024__benefit__icons_repeater_text":"STRAFFT UND FORMT"},{"_v2024__benefit__icons_repeater_icon":1000008671,"_v2024__benefit__icons_repeater_text":"SCH\u00dcTZT VOR DEHNUNGSSTREIFEN"},{"_v2024__benefit__icons_repeater_icon":1000008663,"_v2024__benefit__icons_repeater_text":"DUFT NACH ROTER ORANGE"}],"_v2024__image_ingreddients__intro_text":"Reichhaltige nat\u00fcrliche Formel mit innovativen Inhaltsstoffen, die Fett verbrennen, das Kollagen stimulieren und die Haut hydratisieren. Ihre Wirkung wird durch 5 Pflanzenextrakte verst\u00e4rkt.","_v2024__image_ingreddients__additional_description":"","_v2024__image_ingreddients__disclamer_inner":"","_v2024__image_ingredients__repeater":[{"_v2024__image_ingredients__ingredient_image":1000008649,"_v2024__image_ingredients__ingredient_title":"PINK PEPPERSLIM\u2122","_v2024__image_ingredients__ingredient_description":"In doppelter Dosis enthalten, sorgt f\u00fcr aktive Fettverbrennung und Mikrozirkulation. Begrenzt die Fetteinlagerung und f\u00f6rdert die Entw\u00e4sserung."},{"_v2024__image_ingredients__ingredient_image":1000008643,"_v2024__image_ingredients__ingredient_title":"DERMOSCULPT\u2122","_v2024__image_ingredients__ingredient_description":"Die Innovation gegen Dehnungsstreifen mit 360\u00b0 Green Collagen Builder Effekt. Kraftvoller Aktiv-Wirkstoff, der die Produktion von Kollagen und wichtigen Glykosaminoglykanen (GAGs) wie Hyalurons\u00e4ure stimuliert. St\u00e4rkt die Hautstruktur, erh\u00f6ht die Elastizit\u00e4t, sorgt f\u00fcr tiefenwirksame Hydration und f\u00fcr einen Lifting-Effekt."},{"_v2024__image_ingredients__ingredient_image":1000008639,"_v2024__image_ingredients__ingredient_title":"BODYFERM\u2122","_v2024__image_ingredients__ingredient_description":"Reduziert nachweislich den Bauch- und Armumfang. Strafft Problembereiche, unterst\u00fctzt die Mikrozirkulation und l\u00f6st die Prozesse des Verbrennens von subkutanem Fett aus."},{"_v2024__image_ingredients__ingredient_image":1000002902,"_v2024__image_ingredients__ingredient_title":"AQUAXYL\u2122 + GLYCERIN","_v2024__image_ingredients__ingredient_description":"Kombination f\u00fcr kraftvolle Hydration. Synthese von Ceramiden und Anti-Aging-Wirkung. Die Haut bleibt \u00fcber 24 Stunden lang strahlend, glatt und hydratisiert."},{"_v2024__image_ingredients__ingredient_image":1000008647,"_v2024__image_ingredients__ingredient_title":"GUARANA","_v2024__image_ingredients__ingredient_description":"Koffeinreicher Extrakt, der den Fettabbau anregt und die Mikrozirkulation verbessert. Reduziert Fl\u00fcssigkeitsansammlungen."},{"_v2024__image_ingredients__ingredient_image":1000008650,"_v2024__image_ingredients__ingredient_title":"FEIGENKAKTUS","_v2024__image_ingredients__ingredient_description":"Dieser Extrakt reduziert die Sichtbarkeit von Cellulite, indem er Hautstruktur und Elastizit\u00e4t verbessert. Hydratisiert, entgiftet und unterst\u00fctzt die Regeneration."},{"_v2024__image_ingredients__ingredient_image":1000008638,"_v2024__image_ingredients__ingredient_title":"ROTE ORANGE","_v2024__image_ingredients__ingredient_description":"Ein Extrakt, der die Durchblutung stimuliert und die Fettansammlung reduziert. Reich an Antioxidantien, verbessert die Elastizit\u00e4t und Spannkraft der Haut."},{"_v2024__image_ingredients__ingredient_image":1000008645,"_v2024__image_ingredients__ingredient_title":"GR\u00dcNER KAFFEE","_v2024__image_ingredients__ingredient_description":"Ein Extrakt, der die Thermogenese stimuliert, den Stoffwechsel der Haut beschleunigt und den Fettabbau unterst\u00fctzt. Enth\u00e4lt Chlorogens\u00e4ure, die die Mikrozirkulation verbessert und das Erscheinungsbild von Cellulite reduziert."},{"_v2024__image_ingredients__ingredient_image":1000004197,"_v2024__image_ingredients__ingredient_title":"KOKOS","_v2024__image_ingredients__ingredient_description":"Tiefenwirksam hydratisierender, pflegender Extrakt f\u00fcr geschmeidige Haut. Unterst\u00fctzt die Hautbarriere, verbessert die Elastizit\u00e4t und verleiht ein glattes und straffes Aussehen."}],"_v2024__image_ingredients__all_ingredients":"AQUA*, GLYCERIN*, POLYSORBATE 20, PUNICA GRANATUM PERICARP EXTRACT*, CORYLUS AVELLANA SEED EXTRACT*, SACCHAROMYCES FERMENT LYSATE FILTRATE*, CHLORELLA VULGARIS EXTRACT*, SCHINUS TEREBINTHIFOLIA SEED EXTRACT*, XYLITYLGLUCOSIDE*, ANHYDROXYLITOL*, XYLITOL*, VACCINIUM MYRTILLUS FRUIT EXTRACT*, COFFEA ARABICA SEED EXTRACT*, OPUNTIA FICUS-INDICA FLOWER EXTRACT*, HYLOCEREUS UNDATUS FRUIT EXTRACT*, COCOS NUCIFERA FRUIT EXTRACT*, CAPSICUM FRUTESCENS FRUIT EXTRACT*, PAULLINIA CUPANA SEED EXTRACT*, CITRIC ACID*, ACACIA SENEGAL GUM*, XANTHAN GUM*, LACTIC ACID*, SODIUM LEVULINATE*, CITRUS AURANTIUM PEEL OIL*, SODIUM PHYTATE*, SODIUM BENZOATE, POTASSIUM SORBATE, LIMONENE, PINENE, LINALOOL\r\n\r\n<em>* Inhaltsstoffe nat\u00fcrlichen Ursprungs<\/em>\r\n\r\n<em>Bitte beachten Sie, dass die Liste der Inhaltsstoffe aufgrund von Produktverbesserungen im Laufe der Zeit leicht variieren kann. Die aktuellsten Informationen finden Sie auf der Produktverpackung.<\/em>","_v2024__usage_content__left_content":"<strong>WO<\/strong>: Bauch und Arme\r\n\r\n<strong>WANN<\/strong>: morgens und abends\r\n\r\n<strong>WIE<\/strong>: Mit kreisenden Bewegungen auf die saubere und trockene Haut auftragen, bis vollst\u00e4ndig eingezogen\r\n\r\n<strong>F\u00dcR OPTIMALE ERGEBNISSE<\/strong>: Mit unserem BODY GUA SHA Massageger\u00e4t und einem \u00d6l aus der SKIN-Serie kombinieren, entsprechend den Hautbed\u00fcrfnissen Ihrer Haut","_v2024__usage_content__right_bottom_content":"","_v2024__usage_content__note":"<strong>BITTE BEACHTEN<\/strong>\r\n\r\nAn einem k\u00fchlen, dunklen und trockenen Ort lagern. Nur f\u00fcr die Au\u00dfennutzung. Nicht mehr verwenden, wenn Reizungen auftreten. Nicht auf besch\u00e4digter oder verletzter Haut anwenden.","_v2024__usage_content__storage":""},"_links":{"self":[{"href":"https:\/\/cocosolis.com\/at\/wp-json\/wp\/v2\/product\/1000012100","targetHints":{"allow":["GET"]}}],"collection":[{"href":"https:\/\/cocosolis.com\/at\/wp-json\/wp\/v2\/product"}],"about":[{"href":"https:\/\/cocosolis.com\/at\/wp-json\/wp\/v2\/types\/product"}],"wp:featuredmedia":[{"embeddable":true,"href":"https:\/\/cocosolis.com\/at\/wp-json\/"}],"wp:attachment":[{"href":"https:\/\/cocosolis.com\/at\/wp-json\/wp\/v2\/media?parent=1000012100"}],"wp:term":[{"taxonomy":"product_brand","embeddable":true,"href":"https:\/\/cocosolis.com\/at\/wp-json\/wp\/v2\/product_brand?post=1000012100"},{"taxonomy":"product_cat","embeddable":true,"href":"https:\/\/cocosolis.com\/at\/wp-json\/wp\/v2\/product_cat?post=1000012100"},{"taxonomy":"product_tag","embeddable":true,"href":"https:\/\/cocosolis.com\/at\/wp-json\/wp\/v2\/product_tag?post=1000012100"},{"taxonomy":"product_template","embeddable":true,"href":"https:\/\/cocosolis.com\/at\/wp-json\/wp\/v2\/product_template?post=1000012100"}],"curies":[{"name":"wp","href":"https:\/\/api.w.org\/{rel}","templated":true}]}}