{"id":1000012099,"date":"2025-07-07T15:11:58","date_gmt":"2025-07-07T13:11:58","guid":{"rendered":"https:\/\/cocosolis.com\/at\/product\/skin-anti-cellulite-serum\/"},"modified":"2026-04-06T15:25:16","modified_gmt":"2026-04-06T13:25:16","slug":"skin-anti-cellulite-serum","status":"publish","type":"product","link":"https:\/\/cocosolis.com\/at\/product\/skin-anti-cellulite-serum\/","title":{"rendered":"SKIN+ Anti-cellulite Serum"},"content":{"rendered":"","protected":false},"excerpt":{"rendered":"","protected":false},"featured_media":1000008659,"template":"","meta":{"_acf_changed":false},"product_brand":[],"product_cat":[19],"product_tag":[],"product_template":[66],"class_list":{"0":"post-1000012099","1":"product","2":"type-product","3":"status-publish","4":"has-post-thumbnail","6":"product_cat-skin","7":"product_template-v-2024-clean","9":"first","10":"instock","11":"shipping-taxable","12":"purchasable","13":"product-type-simple"},"acf":{"_v2024__listing_and_sharing_info__listing_category":"SKIN+","_v2024__listing_and_sharing_info__product_type":"Anti-cellulite Serum","_v2024__listing__and_sharing_info__listing_below_title_in_product_page":"Anti-Cellulite-Serum-Konzentrat. Wissenschaftlich fundierte L\u00f6sung zur sichtbaren Cellulite-Reduktion, Straffung und Gl\u00e4ttung.<br><strong>Bereich: Po und Oberschenkel<\/strong>","_v2024__listing_and_sharing_info__listing_description":"Anti-Cellulite-Serum-Konzentrat. Wissenschaftlich fundierte L\u00f6sung f\u00fcr sichtbare Ergebnisse.<br><strong>Bereich: Po und Oberschenkel<\/strong>","_v2024__listing_and_sharing_info__image":1000008660,"_v2024__product_hero__hero_type":"carousel","_v2024__product_hero__product_slider_gallery":[{"_v2024__product_hero__product_slider_gallery__image":1000008437,"_v2024__product_hero__product_slider_gallery__video_link":""},{"_v2024__product_hero__product_slider_gallery__image":1000008445,"_v2024__product_hero__product_slider_gallery__video_link":""},{"_v2024__product_hero__product_slider_gallery__image":1000008446,"_v2024__product_hero__product_slider_gallery__video_link":""},{"_v2024__product_hero__product_slider_gallery__image":1000008447,"_v2024__product_hero__product_slider_gallery__video_link":""},{"_v2024__product_hero__product_slider_gallery__image":1000008448,"_v2024__product_hero__product_slider_gallery__video_link":""},{"_v2024__product_hero__product_slider_gallery__image":1000008449,"_v2024__product_hero__product_slider_gallery__video_link":""},{"_v2024__product_hero__product_slider_gallery__image":1000008450,"_v2024__product_hero__product_slider_gallery__video_link":""},{"_v2024__product_hero__product_slider_gallery__image":1000008438,"_v2024__product_hero__product_slider_gallery__video_link":""}],"_v2024__before_and_after_image":"","_v2024__before_and_after_image_mobile":"","_v2024__product_hero__quantity":"100 ML","_v2024__product_hero__product_disclamer":"","_v2024__why_use__should_show":"visible","_v2024__why_use__description_text":"Wissenschaftlich fundierte Anti-Cellulite-L\u00f6sung f\u00fcr sichtbare Ergebnisse in nur einem Monat. 10+ nat\u00fcrliche Schl\u00fcsselinhaltsstoffe in hoher Konzentration und gezielter Wirkung im Po- und Oberschenkelbereich.","_v2024__why_use__text_content":"<ul>\r\n \t<li><strong>Transformierende Wirkung<\/strong>: reduziert sichtbar Cellulite, erh\u00f6ht das Kollagen, gl\u00e4ttet und formt<\/li>\r\n \t<li><strong>Erg\u00e4nzende Wirkung<\/strong>: verbrennt Fett, f\u00f6rdert die Entw\u00e4sserung, hydratisiert, ist reich an Antioxidantien und verleiht ein gl\u00e4nzendes Finish<\/li>\r\n \t<li><strong>Duft<\/strong>: Blaubeereis<\/li>\r\n \t<li><strong>Bereich<\/strong>: Po und Oberschenkel<\/li>\r\n<\/ul>","_v2024__why_use__product_notes_and_remarks":"","_v2024__why_use__background_color":"#FBF1EB","_v2024__why_use__heading_color":"#816c65","_v2024__why_use__text_color":"#816c65","_v2024__why_use__image_desktop":1000008631,"_v2024__why_use__image_mobile":1000008632,"_v2024__stats_show":false,"_v2024__stats_repeater":null,"_v2024__stats_repeater_disclaimer":null,"_v2024__benefits__icons_repeater":[{"_v2024__benefit__icons_repeater_icon":1000008679,"_v2024__benefit__icons_repeater_text":"REDUZIERT DIE CELLULITE"},{"_v2024__benefit__icons_repeater_icon":1000008675,"_v2024__benefit__icons_repeater_text":"VERBRENNT FETT"},{"_v2024__benefit__icons_repeater_icon":1000008676,"_v2024__benefit__icons_repeater_text":"GL\u00c4TTET"},{"_v2024__benefit__icons_repeater_icon":1000008664,"_v2024__benefit__icons_repeater_text":"DUFTET NACH BLAUBEEREIS"}],"_v2024__image_ingreddients__intro_text":"Innovative Formel aus 10 nat\u00fcrlichen Inhaltsstoffen, die zusammenwirken: hohe Konzentration von Aktiv-Wirkstoffen mit klinisch bewiesener Anti-Cellulite-Wirkung, Feuchthaltemittel und Pflanzenextrakte.","_v2024__image_ingreddients__additional_description":"","_v2024__image_ingreddients__disclamer_inner":"","_v2024__image_ingredients__repeater":[{"_v2024__image_ingredients__ingredient_image":1000008637,"_v2024__image_ingredients__ingredient_title":"ACTIPORINE 8G\u2122","_v2024__image_ingredients__ingredient_description":"Die Innovation gegen Cellulite in h\u00f6chster Konzentration. Reduziert sichtbar Cellulite, indem es sie tiefenwirksam bek\u00e4mpft. Wirkt als kraftvoller Kollagen-Booster, strafft Problembereiche und gl\u00e4ttet die Hautoberfl\u00e4che."},{"_v2024__image_ingredients__ingredient_image":1000008649,"_v2024__image_ingredients__ingredient_title":"PINK PEPPERSLIM\u2122","_v2024__image_ingredients__ingredient_description":"In doppelter Dosis enthalten, sorgt f\u00fcr aktive Fettverbrennung und Mikrozirkulation. Begrenzt die Fetteinlagerung und f\u00f6rdert die Entw\u00e4sserung."},{"_v2024__image_ingredients__ingredient_image":1000008639,"_v2024__image_ingredients__ingredient_title":"BODYFERM\u2122","_v2024__image_ingredients__ingredient_description":"Reduziert nachweislich den H\u00fcft- und Oberschenkelumfang. Strafft Problembereiche, unterst\u00fctzt die Mikrozirkulation und regt die Verbrennung von subkutanem Fett an."},{"_v2024__image_ingredients__ingredient_image":1000002902,"_v2024__image_ingredients__ingredient_title":"AQUAXYL\u2122 + GLYCERIN","_v2024__image_ingredients__ingredient_description":"Kombination f\u00fcr kraftvolle Hydration. Synthese von Ceramiden und Anti-Aging-Wirkung. Die Haut bleibt \u00fcber 24 Stunden lang strahlend, glatt und hydratisiert."},{"_v2024__image_ingredients__ingredient_image":1000008647,"_v2024__image_ingredients__ingredient_title":"GUARANA","_v2024__image_ingredients__ingredient_description":"Koffeinreicher Extrakt, der den Fettabbau anregt und die Mikrozirkulation verbessert. Reduziert Fl\u00fcssigkeitsansammlungen."},{"_v2024__image_ingredients__ingredient_image":1000008650,"_v2024__image_ingredients__ingredient_title":"FEIGENKAKTUS","_v2024__image_ingredients__ingredient_description":"Dieser Extrakt reduziert die Sichtbarkeit von Cellulite, indem er Hautstruktur und Elastizit\u00e4t verbessert. Hydratisiert, entgiftet und unterst\u00fctzt die Regeneration."},{"_v2024__image_ingredients__ingredient_image":1000008646,"_v2024__image_ingredients__ingredient_title":"GR\u00dcNE WALNUSS","_v2024__image_ingredients__ingredient_description":"Ein Extrakt mit starken antioxidativen und entgiftenden Eigenschaften. Wirkt auf den Fettstoffwechsel, verbessert die Elastizit\u00e4t und formt die Silhouette."},{"_v2024__image_ingredients__ingredient_image":1000008644,"_v2024__image_ingredients__ingredient_title":"DRACHENFRUCHT","_v2024__image_ingredients__ingredient_description":"Dieser Extrakt verbessert die Elastizit\u00e4t, die Leuchtkraft und regeneriert die Hautstruktur."},{"_v2024__image_ingredients__ingredient_image":1000006709,"_v2024__image_ingredients__ingredient_title":"BLAUBEERE","_v2024__image_ingredients__ingredient_description":"Dieser Extrakt sch\u00fctzt vor freien Radikalen, unterst\u00fctzt die Entgiftung und verbessert die Mikrozirkulation. Strafft, gl\u00e4ttet und erfrischt."},{"_v2024__image_ingredients__ingredient_image":1000004197,"_v2024__image_ingredients__ingredient_title":"KOKOS","_v2024__image_ingredients__ingredient_description":"Tiefenwirksam hydratisierender, pflegender Extrakt f\u00fcr geschmeidige Haut. Unterst\u00fctzt die Hautbarriere, verbessert die Elastizit\u00e4t und verleiht ein glattes und straffes Aussehen."}],"_v2024__image_ingredients__all_ingredients":"AQUA*, GLYCERIN*, POLYSORBATE 20, JANIA RUBENS EXTRACT*, SCHINUS TEREBINTHIFOLIA SEED EXTRACT*, PUNICA GRANATUM PERICARP EXTRACT*, CORYLUS AVELLANA SEED EXTRACT*, SACCHAROMYCES FERMENT LYSATE FILTRATE*, HYDROLYZED WALNUT EXTRACT*, XYLITYLGLUCOSIDE*, ANHYDROXYLITOL*, XYLITOL*, VACCINIUM MYRTILLUS FRUIT EXTRACT*, COFFEA ARABICA SEED EXTRACT*, OPUNTIA FICUS-INDICA FLOWER EXTRACT*, HYLOCEREUS UNDATUS FRUIT EXTRACT*, COCOS NUCIFERA FRUIT EXTRACT*, CAPSICUM FRUTESCENS FRUIT EXTRACT*, PAULLINIA CUPANA SEED EXTRACT*, CITRIC ACID*, ACACIA SENEGAL GUM*, XANTHAN GUM*, LACTIC ACID*, SODIUM LEVULINATE*, AROMA, SODIUM PHYTATE*, SODIUM BENZOATE, POTASSIUM SORBATE, LINALOOL, LINALYL ACETATE, VANILLIN, CITRONELLOL\r\n\r\n*Nat\u00fcrliche Inhaltsstoffe\r\n\r\nBitte beachten Sie, dass die Liste der Inhaltsstoffe aufgrund von Produktverbesserungen im Laufe der Zeit leicht variieren kann. Die aktuellsten Informationen finden Sie auf der Produktverpackung.","_v2024__usage_content__left_content":"<strong>WO<\/strong>: Po und Oberschenkel\r\n\r\n<strong>WANN<\/strong>: Morgens und abends\r\n\r\n<strong>WIE<\/strong>: Mit kreisenden Bewegungen auf die saubere und trockene Haut auftragen, bis vollst\u00e4ndig eingezogen\r\n\r\n<strong>F\u00dcR OPTIMALE ERGEBNISSE<\/strong>: Vor dem SKIN Anti-Cellulite-Trocken\u00f6l auftragen und mit dem GUA SHA-Massageger\u00e4t kombinieren","_v2024__usage_content__right_bottom_content":"","_v2024__usage_content__note":"<strong>BITTE BEACHTEN<\/strong>\r\n\r\nAn einem k\u00fchlen, dunklen und trockenen Ort lagern. Nur f\u00fcr die Au\u00dfennutzung. Nicht mehr verwenden, wenn Reizungen auftreten. Nicht auf besch\u00e4digter oder verletzter Haut anwenden.","_v2024__usage_content__storage":""},"_links":{"self":[{"href":"https:\/\/cocosolis.com\/at\/wp-json\/wp\/v2\/product\/1000012099","targetHints":{"allow":["GET"]}}],"collection":[{"href":"https:\/\/cocosolis.com\/at\/wp-json\/wp\/v2\/product"}],"about":[{"href":"https:\/\/cocosolis.com\/at\/wp-json\/wp\/v2\/types\/product"}],"wp:featuredmedia":[{"embeddable":true,"href":"https:\/\/cocosolis.com\/at\/wp-json\/"}],"wp:attachment":[{"href":"https:\/\/cocosolis.com\/at\/wp-json\/wp\/v2\/media?parent=1000012099"}],"wp:term":[{"taxonomy":"product_brand","embeddable":true,"href":"https:\/\/cocosolis.com\/at\/wp-json\/wp\/v2\/product_brand?post=1000012099"},{"taxonomy":"product_cat","embeddable":true,"href":"https:\/\/cocosolis.com\/at\/wp-json\/wp\/v2\/product_cat?post=1000012099"},{"taxonomy":"product_tag","embeddable":true,"href":"https:\/\/cocosolis.com\/at\/wp-json\/wp\/v2\/product_tag?post=1000012099"},{"taxonomy":"product_template","embeddable":true,"href":"https:\/\/cocosolis.com\/at\/wp-json\/wp\/v2\/product_template?post=1000012099"}],"curies":[{"name":"wp","href":"https:\/\/api.w.org\/{rel}","templated":true}]}}