{"id":1000011975,"date":"2025-07-02T05:25:01","date_gmt":"2025-07-02T03:25:01","guid":{"rendered":"https:\/\/cocosolis.com\/at\/product\/body-gua-sha-anti-cellulite-sculpting-massager\/"},"modified":"2026-04-06T15:25:10","modified_gmt":"2026-04-06T13:25:10","slug":"body-gua-sha-anti-cellulite-sculpting-massager","status":"publish","type":"product","link":"https:\/\/cocosolis.com\/at\/product\/body-gua-sha-anti-cellulite-sculpting-massager\/","title":{"rendered":"BODY GUA SHA Anti-cellulite &amp; Sculpting Massager"},"content":{"rendered":"","protected":false},"excerpt":{"rendered":"<p>K\u00f6rpermassageger\u00e4t aus Naturholz. Gl\u00e4ttet Cellulite und formt die Silhouette.<\/p>\n","protected":false},"featured_media":1000008683,"template":"","meta":{"_acf_changed":false},"product_brand":[],"product_cat":[19],"product_tag":[],"product_template":[66],"class_list":{"0":"post-1000011975","1":"product","2":"type-product","3":"status-publish","4":"has-post-thumbnail","6":"product_cat-skin","7":"product_template-v-2024-clean","9":"first","10":"instock","11":"shipping-taxable","12":"purchasable","13":"product-type-simple"},"acf":{"_v2024__listing_and_sharing_info__listing_category":"BODY GUA SHA","_v2024__listing_and_sharing_info__product_type":"Anti-cellulite &amp; Sculpting Massager","_v2024__listing__and_sharing_info__listing_below_title_in_product_page":"K\u00f6rpermassageger\u00e4t aus Naturholz. Gl\u00e4ttet Cellulite und formt die Silhouette. Stimuliert die Durchblutung und die Lymphdrainage.","_v2024__listing_and_sharing_info__listing_description":"K\u00f6rpermassageger\u00e4t aus Naturholz. Gl\u00e4ttet Cellulite und formt die Silhouette.","_v2024__listing_and_sharing_info__image":1000008683,"_v2024__product_hero__hero_type":"carousel","_v2024__product_hero__product_slider_gallery":[{"_v2024__product_hero__product_slider_gallery__image":1000008055,"_v2024__product_hero__product_slider_gallery__video_link":""},{"_v2024__product_hero__product_slider_gallery__image":1000008112,"_v2024__product_hero__product_slider_gallery__video_link":""},{"_v2024__product_hero__product_slider_gallery__image":1000008056,"_v2024__product_hero__product_slider_gallery__video_link":""},{"_v2024__product_hero__product_slider_gallery__image":1000008113,"_v2024__product_hero__product_slider_gallery__video_link":""},{"_v2024__product_hero__product_slider_gallery__image":1000008114,"_v2024__product_hero__product_slider_gallery__video_link":""},{"_v2024__product_hero__product_slider_gallery__image":1000008115,"_v2024__product_hero__product_slider_gallery__video_link":""}],"_v2024__before_and_after_image":"","_v2024__before_and_after_image_mobile":"","_v2024__product_hero__quantity":"","_v2024__product_hero__product_disclamer":"","_v2024__why_use__should_show":"visible","_v2024__why_use__description_text":"","_v2024__why_use__text_content":"<ul>\r\n \t<li>Reduziert sichtbar Cellulite, indem es faserige Ablagerungen abbaut<\/li>\r\n \t<li>Wirkt gezielt gegen hartn\u00e4ckige Fettpolster an Oberschenkeln, Bauch und Po<\/li>\r\n \t<li>Formt die Silhouette und erh\u00f6ht die Hautelastizit\u00e4t<\/li>\r\n \t<li>Stimuliert die Durchblutung, die Lymphdrainage und die Entgiftung<\/li>\r\n \t<li>Bietet maximale Anti-Cellulite- und fettabbauende Wirkung in Kombination mit unserem meistverkauften SKIN Anti-Cellulite-K\u00f6rper\u00f6l<\/li>\r\n \t<li>Leicht, ergonomisch, aus hochwertigem Buchenholz mit hoher Lebensdauer<\/li>\r\n<\/ul>","_v2024__why_use__product_notes_and_remarks":"","_v2024__why_use__background_color":"#FBF1EB","_v2024__why_use__heading_color":"#816c65","_v2024__why_use__text_color":"#816c65","_v2024__why_use__image_desktop":1000008061,"_v2024__why_use__image_mobile":1000008062,"_v2024__stats_show":false,"_v2024__stats_repeater":null,"_v2024__stats_repeater_disclaimer":null,"_v2024__benefits__icons_repeater":null,"_v2024__image_ingreddients__intro_text":"","_v2024__image_ingreddients__additional_description":"","_v2024__image_ingreddients__disclamer_inner":"","_v2024__image_ingredients__repeater":null,"_v2024__image_ingredients__all_ingredients":"","_v2024__usage_content__left_content":"<strong>WO<\/strong>: Oberschenkel, Po, Bauch, Arme und Gesicht\r\n\r\n<strong>WIE OFT<\/strong>: t\u00e4glich oder mindestens 4 Mal pro Woche\r\n<p class=\"product_guaSha_advice\"><strong>TIPP: Immer mit K\u00f6rper\u00f6l verwenden, f\u00fcr maximale Wirkung empfehlen wir <a href=\"https:\/\/cocosolis.com\/de\/product\/skin-anti-cellulite-dry-oil\/\" target=\"_blank\" rel=\"noopener\">SKIN Anti-cellulite<\/a><\/strong><\/p>\r\n\r\n<ol>\r\n \t<li>Eine gro\u00dfz\u00fcgige Menge K\u00f6rper\u00f6l aus der Serie SKIN auf die saubere, trockene Haut auftragen.<\/li>\r\n \t<li>5 \u201310 Minuten pro Bereich mit sanften Bewegungen in Richtung des Lymphflusses massieren: von den \u00e4u\u00dferen K\u00f6rperteilen zur K\u00f6rpermitte hin.<\/li>\r\n \t<li>Mit einem weichen, trockenen oder leicht feuchten Tuch reinigen. Die Reinigung mit Wasser ist nicht empfohlen.<\/li>\r\n \t<li>An einem trockenen Ort aufbewahren (vorzugsweise nicht im Badezimmer) und von W\u00e4rmequellen fernhalten.<\/li>\r\n<\/ol>\r\n<h4 class=\"ingredientsAndUsage_usage_grid_left_title\">MATERIAL<\/h4>\r\n100% Buchenholz\r\n\r\n<em>Wiederverwendbar. Mit einem geeigneten K\u00f6rper\u00f6l verwenden. Nicht auf gereizter, besch\u00e4digter oder entz\u00fcndeter Haut verwenden. Bei Irritationen oder Unbehagen nicht weiter verwenden. Das Produkt ist kein Spielzeug. An einem trockenen Ort und au\u00dferhalb der Reichweite von Kindern aufbewahren, vor Feuchtigkeit und Hitze sch\u00fctzen. Nach Gebrauch mit einem weichen, trockenen oder leicht feuchten Tuch reinigen. Nicht mit Wasser absp\u00fclen. 100% Buche.<\/em>\r\n\r\n&nbsp;","_v2024__usage_content__right_bottom_content":"","_v2024__usage_content__note":"","_v2024__usage_content__storage":""},"_links":{"self":[{"href":"https:\/\/cocosolis.com\/at\/wp-json\/wp\/v2\/product\/1000011975","targetHints":{"allow":["GET"]}}],"collection":[{"href":"https:\/\/cocosolis.com\/at\/wp-json\/wp\/v2\/product"}],"about":[{"href":"https:\/\/cocosolis.com\/at\/wp-json\/wp\/v2\/types\/product"}],"wp:featuredmedia":[{"embeddable":true,"href":"https:\/\/cocosolis.com\/at\/wp-json\/"}],"wp:attachment":[{"href":"https:\/\/cocosolis.com\/at\/wp-json\/wp\/v2\/media?parent=1000011975"}],"wp:term":[{"taxonomy":"product_brand","embeddable":true,"href":"https:\/\/cocosolis.com\/at\/wp-json\/wp\/v2\/product_brand?post=1000011975"},{"taxonomy":"product_cat","embeddable":true,"href":"https:\/\/cocosolis.com\/at\/wp-json\/wp\/v2\/product_cat?post=1000011975"},{"taxonomy":"product_tag","embeddable":true,"href":"https:\/\/cocosolis.com\/at\/wp-json\/wp\/v2\/product_tag?post=1000011975"},{"taxonomy":"product_template","embeddable":true,"href":"https:\/\/cocosolis.com\/at\/wp-json\/wp\/v2\/product_template?post=1000011975"}],"curies":[{"name":"wp","href":"https:\/\/api.w.org\/{rel}","templated":true}]}}