{"id":1000010375,"date":"2025-03-20T10:02:53","date_gmt":"2025-03-20T09:02:53","guid":{"rendered":"https:\/\/cocosolis.com\/at\/product\/grow-hair-growth-massager\/"},"modified":"2026-03-23T14:56:50","modified_gmt":"2026-03-23T13:56:50","slug":"grow-hair-growth-massager","status":"publish","type":"product","link":"https:\/\/cocosolis.com\/at\/product\/grow-hair-growth-massager\/","title":{"rendered":"GROW Scalp Massager"},"content":{"rendered":"","protected":false},"excerpt":{"rendered":"<p>Kopfhautmassageb\u00fcrste Stimuliert das Haarwachstum. Reinigt sanft und gr\u00fcndlich.<\/p>\n","protected":false},"featured_media":1000007069,"template":"","meta":{"_acf_changed":false},"product_brand":[],"product_cat":[17],"product_tag":[],"product_template":[66],"class_list":{"0":"post-1000010375","1":"product","2":"type-product","3":"status-publish","4":"has-post-thumbnail","6":"product_cat-hair","7":"product_template-v-2024-clean","9":"first","10":"instock","11":"shipping-taxable","12":"purchasable","13":"product-type-simple"},"acf":{"_v2024__listing_and_sharing_info__listing_category":"GROW","_v2024__listing_and_sharing_info__product_type":"Scalp Massager","_v2024__listing__and_sharing_info__listing_below_title_in_product_page":"Kopfhautmassageb\u00fcrste. Stimuliert das Haarwachstum. Sch\u00e4umt das Shampoo f\u00fcr eine gr\u00fcndliche, sanfte Reinigung auf. Peelt.","_v2024__listing_and_sharing_info__listing_description":"Kopfhautmassageb\u00fcrste Stimuliert das Haarwachstum. Reinigt sanft und gr\u00fcndlich.","_v2024__listing_and_sharing_info__image":1000007068,"_v2024__product_hero__hero_type":"carousel","_v2024__product_hero__product_slider_gallery":[{"_v2024__product_hero__product_slider_gallery__image":1000007047,"_v2024__product_hero__product_slider_gallery__video_link":""},{"_v2024__product_hero__product_slider_gallery__image":1000007163,"_v2024__product_hero__product_slider_gallery__video_link":""},{"_v2024__product_hero__product_slider_gallery__image":1000007048,"_v2024__product_hero__product_slider_gallery__video_link":""},{"_v2024__product_hero__product_slider_gallery__image":1000007049,"_v2024__product_hero__product_slider_gallery__video_link":""},{"_v2024__product_hero__product_slider_gallery__image":1000007050,"_v2024__product_hero__product_slider_gallery__video_link":""},{"_v2024__product_hero__product_slider_gallery__image":1000007164,"_v2024__product_hero__product_slider_gallery__video_link":""}],"_v2024__before_and_after_image":"","_v2024__before_and_after_image_mobile":"","_v2024__product_hero__quantity":"","_v2024__product_hero__product_disclamer":"","_v2024__why_use__should_show":"visible","_v2024__why_use__description_text":"","_v2024__why_use__text_content":"<ul>\r\n \t<li>Erzeugt reichhaltigen Schaum f\u00fcr eine gr\u00fcndliche und gleichm\u00e4\u00dfige Reinigung<\/li>\r\n \t<li>Peelt sanft und entfernt R\u00fcckst\u00e4nde von anderen Produkten und abgestorbenen Zellen<\/li>\r\n \t<li>Regt die Durchblutung der Kopfhaut an<\/li>\r\n \t<li>Unterst\u00fctzt die Aufnahme der anschlie\u00dfend aufgetragenen Produkte, wie zum Beispiel eines Serums<\/li>\r\n \t<li>Beschleunigt das Haarwachstum<\/li>\r\n \t<li>Geeignet f\u00fcr alle Haartypen, einschlie\u00dflich feines, dickes und lockiges Haar, sowie f\u00fcr Kinder- und M\u00e4nnerhaar<\/li>\r\n \t<li>Hergestellt aus hochwertigem Soft-Touch-Silikon, mit ergonomischem Design und besonders sanften Spitzen<\/li>\r\n<\/ul>","_v2024__why_use__product_notes_and_remarks":"","_v2024__why_use__background_color":"#FBF1EB","_v2024__why_use__heading_color":"#816c65","_v2024__why_use__text_color":"#816c65","_v2024__why_use__image_desktop":1000007062,"_v2024__why_use__image_mobile":1000007063,"_v2024__stats_show":false,"_v2024__stats_repeater":null,"_v2024__stats_repeater_disclaimer":null,"_v2024__benefits__icons_repeater":null,"_v2024__image_ingreddients__intro_text":"","_v2024__image_ingreddients__additional_description":"","_v2024__image_ingreddients__disclamer_inner":"","_v2024__image_ingredients__repeater":null,"_v2024__image_ingredients__all_ingredients":"","_v2024__usage_content__left_content":"<ol>\r\n \t<li>Feuchten Sie Haar und Kopfhaut an.<\/li>\r\n \t<li>Tragen Sie das <a href=\"\/at\/product\/grow-hair-growth-shampoo\/\">Shampoo GROW<\/a> mit sanften Massagebewegungen auf.<\/li>\r\n \t<li>Verwenden Sie die Kopfhautmassageb\u00fcrste GROW. 2-3 Minuten lang vorsichtig in kleinen Kreisen bewegen.<\/li>\r\n \t<li>Das Shampoo gut aussp\u00fclen.<\/li>\r\n \t<li><a href=\"\/at\/product\/grow-hair-growth-conditioner\">GROW Sp\u00fclung<\/a> auf die Kopfhaut (wenn Sie kein fettiges Haar haben) und auf die Haarl\u00e4ngen auftragen und nach 5 Minuten aussp\u00fclen.<\/li>\r\n<\/ol>","_v2024__usage_content__right_bottom_content":"","_v2024__usage_content__note":"","_v2024__usage_content__storage":""},"_links":{"self":[{"href":"https:\/\/cocosolis.com\/at\/wp-json\/wp\/v2\/product\/1000010375","targetHints":{"allow":["GET"]}}],"collection":[{"href":"https:\/\/cocosolis.com\/at\/wp-json\/wp\/v2\/product"}],"about":[{"href":"https:\/\/cocosolis.com\/at\/wp-json\/wp\/v2\/types\/product"}],"wp:featuredmedia":[{"embeddable":true,"href":"https:\/\/cocosolis.com\/at\/wp-json\/"}],"wp:attachment":[{"href":"https:\/\/cocosolis.com\/at\/wp-json\/wp\/v2\/media?parent=1000010375"}],"wp:term":[{"taxonomy":"product_brand","embeddable":true,"href":"https:\/\/cocosolis.com\/at\/wp-json\/wp\/v2\/product_brand?post=1000010375"},{"taxonomy":"product_cat","embeddable":true,"href":"https:\/\/cocosolis.com\/at\/wp-json\/wp\/v2\/product_cat?post=1000010375"},{"taxonomy":"product_tag","embeddable":true,"href":"https:\/\/cocosolis.com\/at\/wp-json\/wp\/v2\/product_tag?post=1000010375"},{"taxonomy":"product_template","embeddable":true,"href":"https:\/\/cocosolis.com\/at\/wp-json\/wp\/v2\/product_template?post=1000010375"}],"curies":[{"name":"wp","href":"https:\/\/api.w.org\/{rel}","templated":true}]}}