{"id":1000010374,"date":"2025-03-20T10:02:52","date_gmt":"2025-03-20T09:02:52","guid":{"rendered":"https:\/\/cocosolis.com\/at\/product\/grow-hair-growth-conditioner\/"},"modified":"2026-03-23T14:56:49","modified_gmt":"2026-03-23T13:56:49","slug":"grow-hair-growth-conditioner","status":"publish","type":"product","link":"https:\/\/cocosolis.com\/at\/product\/grow-hair-growth-conditioner\/","title":{"rendered":"GROW Growth &amp; Anti-aging Conditioner"},"content":{"rendered":"","protected":false},"excerpt":{"rendered":"<p>Haarwachstum Sp\u00fclung mit KERASCALP\u2122. Mit Anti-Aging-Effekt.<\/p>\n","protected":false},"featured_media":1000007067,"template":"","meta":{"_acf_changed":false},"product_brand":[],"product_cat":[17],"product_tag":[],"product_template":[66],"class_list":{"0":"post-1000010374","1":"product","2":"type-product","3":"status-publish","4":"has-post-thumbnail","6":"product_cat-hair","7":"product_template-v-2024-clean","9":"first","10":"instock","11":"shipping-taxable","12":"purchasable","13":"product-type-simple"},"acf":{"_v2024__listing_and_sharing_info__listing_category":"GROW","_v2024__listing_and_sharing_info__product_type":"Growth &amp; Anti-aging Conditioner","_v2024__listing__and_sharing_info__listing_below_title_in_product_page":"Haarwachstum Sp\u00fclung mit KERASCALP\u2122. Mit Anti-Aging-Effekt. Macht das Haar klinisch bewiesen dichter, dicker und gl\u00e4nzender.","_v2024__listing_and_sharing_info__listing_description":"Haarwachstum Sp\u00fclung mit KERASCALP\u2122. Mit Anti-Aging-Effekt.","_v2024__listing_and_sharing_info__image":1000007066,"_v2024__product_hero__hero_type":"carousel","_v2024__product_hero__product_slider_gallery":[{"_v2024__product_hero__product_slider_gallery__image":1000007039,"_v2024__product_hero__product_slider_gallery__video_link":""},{"_v2024__product_hero__product_slider_gallery__image":1000007091,"_v2024__product_hero__product_slider_gallery__video_link":""},{"_v2024__product_hero__product_slider_gallery__image":1000007092,"_v2024__product_hero__product_slider_gallery__video_link":""},{"_v2024__product_hero__product_slider_gallery__image":1000007093,"_v2024__product_hero__product_slider_gallery__video_link":""},{"_v2024__product_hero__product_slider_gallery__image":1000007094,"_v2024__product_hero__product_slider_gallery__video_link":""},{"_v2024__product_hero__product_slider_gallery__image":1000007040,"_v2024__product_hero__product_slider_gallery__video_link":""},{"_v2024__product_hero__product_slider_gallery__image":"","_v2024__product_hero__product_slider_gallery__video_link":""},{"_v2024__product_hero__product_slider_gallery__image":1000007095,"_v2024__product_hero__product_slider_gallery__video_link":""}],"_v2024__before_and_after_image":1000007035,"_v2024__before_and_after_image_mobile":1000007036,"_v2024__product_hero__quantity":"200 ML","_v2024__product_hero__product_disclamer":"","_v2024__why_use__should_show":"visible","_v2024__why_use__description_text":"Diese Sp\u00fclung mit KERASCALP\u2122 n\u00e4hrt nicht nur, sondern wirkt auch st\u00e4rkend und verj\u00fcngend von der Wurzel bis zur Spitze. Das Ergebnis ist Haar, das leicht w\u00e4chst und schwieriger bricht.","_v2024__why_use__text_content":"<ul>\r\n \t<li>Befeuchtet tiefenwirksam, macht das Haar weich, erleichtert die K\u00e4mmbarkeit und beugt Haarbruch vor<\/li>\r\n \t<li>F\u00fcr eine maximale Wirkung kann es bei normalem und trockenem Haar auch in den Wurzeln aufgetragen werden<\/li>\r\n \t<li>Verwandelt d\u00fcnnes, lebloses Haar durch St\u00e4rkung der Follikel<\/li>\r\n \t<li>Verj\u00fcngt Kopfhaut und Haar und reduziert deutlich wei\u00dfe Haare<\/li>\r\n \t<li>Wirkt bei allen Haartypen<\/li>\r\n \t<li>Enth\u00e4lt keine Parabene, SLES, SLS, Paraffin, Silikone und Inhaltsstoffe tierischen Ursprungs<\/li>\r\n \t<li>Fesselt die Sinne mit fruchtigem Duft<\/li>\r\n<\/ul>","_v2024__why_use__product_notes_and_remarks":"","_v2024__why_use__background_color":"#FBF1EB","_v2024__why_use__heading_color":"#816c65","_v2024__why_use__text_color":"#816c65","_v2024__why_use__image_desktop":1000007060,"_v2024__why_use__image_mobile":1000007061,"_v2024__stats_show":true,"_v2024__stats_repeater":[{"_v2024__stats_repeater_id":"stats_stronger_follicles","_v2024__stats_repeater_number":60,"_v2024__stats_repeater_description_title":"st\u00e4rkere Follikel","_v2024__stats_repeater_description":"","_v2024__stats_repeater_asterisks":""},{"_v2024__stats_repeater_id":"stats_more_thickness","_v2024__stats_repeater_number":56,"_v2024__stats_repeater_description_title":"mehr Festigkeit","_v2024__stats_repeater_description":"","_v2024__stats_repeater_asterisks":""},{"_v2024__stats_repeater_id":"stats_more_density","_v2024__stats_repeater_number":49,"_v2024__stats_repeater_description_title":"mehr Dichte","_v2024__stats_repeater_description":"","_v2024__stats_repeater_asterisks":""},{"_v2024__stats_repeater_id":"stats_more_shine","_v2024__stats_repeater_number":51,"_v2024__stats_repeater_description_title":"mehr Glanz","_v2024__stats_repeater_description":"","_v2024__stats_repeater_asterisks":""}],"_v2024__stats_repeater_disclaimer":[{"_v2024__stats_repeater_disclaimer_text":"Laut In-Vitro-Test und In-Vivo-Tests des Aktiv-Wirkstoffs Kerascalp\u2122"}],"_v2024__benefits__icons_repeater":[{"_v2024__benefit__icons_repeater_icon":1000007085,"_v2024__benefit__icons_repeater_text":"TIEFENWIRKSAME PFLEGE"},{"_v2024__benefit__icons_repeater_icon":1000007081,"_v2024__benefit__icons_repeater_text":"ANTI-AGING-EFFEKT"},{"_v2024__benefit__icons_repeater_icon":1000007082,"_v2024__benefit__icons_repeater_text":"MEHR DICHTE UND GLANZ"},{"_v2024__benefit__icons_repeater_icon":1000007084,"_v2024__benefit__icons_repeater_text":"VON EXPERTEN ENTWICKELT"}],"_v2024__image_ingreddients__intro_text":"Das Kernelement der transformierenden Wirkung der Sp\u00fclung GROW ist der nat\u00fcrliche Aktiv-Wirkstoff KERASCALP\u2122, eine Verbindung der tausendj\u00e4hrigen Ayurveda-Tradition mit der aktuellen wissenschaftlichen Forschung. In Kombination mit reinen Pflanzenextrakten und Vitaminen, verhilft sie zu kr\u00e4ftigem und sch\u00f6nem Haar, das w\u00e4chst.","_v2024__image_ingreddients__additional_description":"","_v2024__image_ingreddients__disclamer_inner":"","_v2024__image_ingredients__repeater":[{"_v2024__image_ingredients__ingredient_image":1000007073,"_v2024__image_ingredients__ingredient_title":"KERASCALP\u2122","_v2024__image_ingredients__ingredient_description":"Nat\u00fcrlicher Aktiv-Wirkstoff, Amla-Fruchtextrakt, der f\u00fcr seine adaptogenen und Anti-Aging-Eigenschaften bekannt ist und in der ayurvedischen Medizin verwendet wird. Stimuliert die Produktion von Kollagen XVII, das die Follikel st\u00e4rkt und das Ausd\u00fcnnen der Haare, den Haarausfall und das Ergrauen verlangsamt. Au\u00dferdem verringert es die Aktivit\u00e4t der Elastase, welche die Follikel sch\u00e4digt und zu deren Alterung f\u00fchrt. Macht das Haar klinisch bewiesen dichter, dicker, kr\u00e4ftiger und gl\u00e4nzender."},{"_v2024__image_ingredients__ingredient_image":1000007074,"_v2024__image_ingredients__ingredient_title":"PANTHENOL","_v2024__image_ingredients__ingredient_description":"Spendet Feuchtigkeit und beruhigt die Kopfhaut, st\u00e4rkt die Follikel, reduziert Haarbruch und verleiht dem Haar Glanz und Geschmeidigkeit."},{"_v2024__image_ingredients__ingredient_image":1000006712,"_v2024__image_ingredients__ingredient_title":"KOKOS\u00d6L","_v2024__image_ingredients__ingredient_description":"N\u00e4hrt tiefenwirksam und befeuchtet, st\u00e4rkt die Struktur der Haare und macht sie seidig glatt und elastisch."},{"_v2024__image_ingredients__ingredient_image":1000007075,"_v2024__image_ingredients__ingredient_title":"EXTRAKT AUS HAGEBUTTE","_v2024__image_ingredients__ingredient_description":"Belebt Haare und Kopfhaut mit Vitaminen und Antioxidantien, revitalisiert sie und macht sie widerstandsf\u00e4higer."},{"_v2024__image_ingredients__ingredient_image":1000007072,"_v2024__image_ingredients__ingredient_title":"HEIDEKRAUT EXTRAKT","_v2024__image_ingredients__ingredient_description":"Mit seinen antioxidativen und entz\u00fcndungshemmenden Eigenschaften st\u00e4rkt es die Follikel und macht das Haar kr\u00e4ftiger und lebendiger."},{"_v2024__image_ingredients__ingredient_image":1000007076,"_v2024__image_ingredients__ingredient_title":"EXTRAKT AUS DREIFARBIGEM STIEFM\u00dcTTERCHEN","_v2024__image_ingredients__ingredient_description":"Pflegt intensiv, spendet Feuchtigkeit und verbessert die Durchblutung, was das Haarwachstum unterst\u00fctzt."},{"_v2024__image_ingredients__ingredient_image":1000007077,"_v2024__image_ingredients__ingredient_title":"EISENKRAUT-EXTRAKT","_v2024__image_ingredients__ingredient_description":"Mit antiseptischer Wirkung unterst\u00fctzt es die Regeneration der Kopfhaut und die St\u00e4rkung des Haares."},{"_v2024__image_ingredients__ingredient_image":1000006730,"_v2024__image_ingredients__ingredient_title":"NAT\u00dcRLICHES VITAMIN E","_v2024__image_ingredients__ingredient_description":"Starkes Antioxidantium, welches das Haarwachstum stimuliert und f\u00fcr die Gesundheit der Kopfhaut sorgt."}],"_v2024__image_ingredients__all_ingredients":"Aqua, Myristyl Alcohol**, Glycerin**, Behentrimonium Chloride, Cetyl Palmitate, Panthenol, Cocos Nucifera Oil*, Coconut Alkanes**, Propanediol**, Phyllanthus Emblica Fruit Extract**, Rosa Canina Flower Extract*, Calluna Vulgaris Flower Extract*, Viola Tricolor Extract*, Centaurium Erythraea Flower Extract*, Verbena Officinalis Flower Extract*, Cetyl Alcohol**, Lauryl Alcohol**, Citric Acid**, Parfum, Sodium Levulinate**, Sodium Benzoate, Potassium Sorbate, Limonene, Citrus Aurantium Peel Oil, Hexyl Cinnamal, Linalool, Tetramethyl Acetyloctahydronaphthalenes, Citrus Limon Oil\r\n\r\n<em>*Certified Organic Ingredients <\/em>\r\n<em>**Ingredients From Natural Origin<\/em>\r\n\r\n<em>Bitte beachten Sie, da\u00df die Liste der Inhaltstoffe aufgrund von Produktverbesserungen im Laufe der Zeit leicht variieren kann. Die aktuellsten Informationen finden Sie auf der Produktverpackung.<\/em>","_v2024__usage_content__left_content":"<strong>WO<\/strong>: Haar und Kopfhaut (bei fettigem Haar nicht auf die Kopfhaut auftragen)\r\n\r\n<strong>WIE<\/strong>: Mit leichten Massagebewegungen auf das feuchte Haar (und die Kopfhaut) auftragen, mindestens 5 Minuten einwirken lassen und aussp\u00fclen\r\n\r\n<strong>WIE OFT<\/strong>: entsprechend Ihrer \u00fcblichen Haarwaschroutine\r\n\r\n<strong>F\u00dcR BESTE ERGEBNISSE<\/strong>: Mit dem Haarwachstum-Shampoo GROW kombinieren","_v2024__usage_content__right_bottom_content":"","_v2024__usage_content__note":"","_v2024__usage_content__storage":"Nur f\u00fcr die \u00e4u\u00dfere Anwendung. Beenden Sie die Anwendung, wenn Reizungen auftreten. Nicht auf besch\u00e4digter oder verletzter Kopfhaut anwenden. Den Kontakt mit den Augen vermeiden. Von Kindern fernhalten! An einem k\u00fchlen und trockenen Ort aufbewahren."},"_links":{"self":[{"href":"https:\/\/cocosolis.com\/at\/wp-json\/wp\/v2\/product\/1000010374","targetHints":{"allow":["GET"]}}],"collection":[{"href":"https:\/\/cocosolis.com\/at\/wp-json\/wp\/v2\/product"}],"about":[{"href":"https:\/\/cocosolis.com\/at\/wp-json\/wp\/v2\/types\/product"}],"wp:featuredmedia":[{"embeddable":true,"href":"https:\/\/cocosolis.com\/at\/wp-json\/"}],"wp:attachment":[{"href":"https:\/\/cocosolis.com\/at\/wp-json\/wp\/v2\/media?parent=1000010374"}],"wp:term":[{"taxonomy":"product_brand","embeddable":true,"href":"https:\/\/cocosolis.com\/at\/wp-json\/wp\/v2\/product_brand?post=1000010374"},{"taxonomy":"product_cat","embeddable":true,"href":"https:\/\/cocosolis.com\/at\/wp-json\/wp\/v2\/product_cat?post=1000010374"},{"taxonomy":"product_tag","embeddable":true,"href":"https:\/\/cocosolis.com\/at\/wp-json\/wp\/v2\/product_tag?post=1000010374"},{"taxonomy":"product_template","embeddable":true,"href":"https:\/\/cocosolis.com\/at\/wp-json\/wp\/v2\/product_template?post=1000010374"}],"curies":[{"name":"wp","href":"https:\/\/api.w.org\/{rel}","templated":true}]}}