{"id":467,"date":"2022-05-06T15:55:54","date_gmt":"2022-05-06T13:55:54","guid":{"rendered":"http:\/\/cocosolis.com\/en\/?page_id=467"},"modified":"2023-04-06T15:41:04","modified_gmt":"2023-04-06T13:41:04","slug":"delivery","status":"publish","type":"page","link":"https:\/\/cocosolis.com\/at\/delivery\/","title":{"rendered":"Bestellung und Lieferung"},"content":{"rendered":"\n<h2 class=\"wp-block-heading\">BESTELLUNG UND LIEFERUNG<\/h2>\n\n\n\n<h5 class=\"wp-block-heading\">SIE K\u00d6NNEN BESTELLEN:<\/h5>\n\n\n\n<ul class=\"wp-block-list\">\n<li>\u00fcber unseren Online-Shop:&nbsp;<a href=\"https:\/\/www.cocosolis.com\/at\" target=\"_blank\" rel=\"noreferrer noopener\">www.cocosolis.com\/at<\/a><\/li>\n\n\n\n<li>\u00fcber Facebook:&nbsp;<a href=\"https:\/\/www.facebook.com\/cocosolisat\/\" target=\"_blank\" rel=\"noreferrer noopener\">www.facebook.com\/cocosolisat\/<\/a><\/li>\n<\/ul>\n\n\n\n<p>Nach erfolgter Bestellung bekommt der Kunde eine Best\u00e4tigung per E-Mail.<\/p>\n\n\n\n<h5 class=\"wp-block-heading\">LIEFERPREIS<\/h5>\n\n\n\n<p>Versand: 4.30\u20ac.<br>Die Lieferung unserer Produkte ist kostenfrei ab einem Betrag von 45\u20ac.<\/p>\n\n\n\n<h5 class=\"wp-block-heading\">LIEFERZEIT<\/h5>\n\n\n\n<p>Die Lieferung erfolgt in 4-5 Werktage.<\/p>\n\n\n\n<h5 class=\"wp-block-heading\">WOHIN KANN GELIEFERT WERDEN:<\/h5>\n\n\n\n<p>Die Sendungen werden durch unseren Versandpartner an die von Ihnen angegebene Lieferadresse zugestellt.<\/p>\n\n\n\n<p>In der Regel wird die Sendung werktags in der Zeit zwischen 9 und 17.30 ausgeliefert.<\/p>\n\n\n\n<p>Falls der Verbraucher die Sendung nicht an die von ihm angegebene Adresse annimmt, oder diese in der angegebenen Lagerfrist in der Post-Gesch\u00e4ftsstelle abholt, ist der Verk\u00e4ufer von seiner Pflicht die Lieferung auszuf\u00fchren befreit.<\/p>\n\n\n\n<p>Ver\u00f6ffentlichungsdatum: 06.04.2023.<\/p>\n","protected":false},"excerpt":{"rendered":"<p>BESTELLUNG UND LIEFERUNG SIE K\u00d6NNEN BESTELLEN: Nach erfolgter Bestellung bekommt der Kunde eine Best\u00e4tigung per E-Mail. LIEFERPREIS Versand: 4.30\u20ac.Die Lieferung unserer Produkte ist kostenfrei ab einem Betrag von 45\u20ac. LIEFERZEIT Die Lieferung erfolgt in 4-5 Werktage. WOHIN KANN GELIEFERT WERDEN: Die Sendungen werden durch unseren Versandpartner an die von Ihnen angegebene Lieferadresse zugestellt. In der &hellip; <a href=\"https:\/\/cocosolis.com\/at\/delivery\/\">Fortsetzung<\/a><\/p>\n","protected":false},"author":1,"featured_media":0,"parent":0,"menu_order":0,"comment_status":"closed","ping_status":"closed","template":"","meta":{"_acf_changed":false,"footnotes":""},"page_roles":[36],"class_list":["post-467","page","type-page","status-publish","hentry","page_roles-legal"],"acf":[],"_links":{"self":[{"href":"https:\/\/cocosolis.com\/at\/wp-json\/wp\/v2\/pages\/467","targetHints":{"allow":["GET"]}}],"collection":[{"href":"https:\/\/cocosolis.com\/at\/wp-json\/wp\/v2\/pages"}],"about":[{"href":"https:\/\/cocosolis.com\/at\/wp-json\/wp\/v2\/types\/page"}],"author":[{"embeddable":true,"href":"https:\/\/cocosolis.com\/at\/wp-json\/wp\/v2\/users\/1"}],"replies":[{"embeddable":true,"href":"https:\/\/cocosolis.com\/at\/wp-json\/wp\/v2\/comments?post=467"}],"version-history":[{"count":8,"href":"https:\/\/cocosolis.com\/at\/wp-json\/wp\/v2\/pages\/467\/revisions"}],"predecessor-version":[{"id":1000002970,"href":"https:\/\/cocosolis.com\/at\/wp-json\/wp\/v2\/pages\/467\/revisions\/1000002970"}],"wp:attachment":[{"href":"https:\/\/cocosolis.com\/at\/wp-json\/wp\/v2\/media?parent=467"}],"wp:term":[{"taxonomy":"page_roles","embeddable":true,"href":"https:\/\/cocosolis.com\/at\/wp-json\/wp\/v2\/page_roles?post=467"}],"curies":[{"name":"wp","href":"https:\/\/api.w.org\/{rel}","templated":true}]}}