{"id":461,"date":"2022-05-06T15:54:55","date_gmt":"2022-05-06T13:54:55","guid":{"rendered":"http:\/\/cocosolis.com\/en\/?page_id=461"},"modified":"2023-04-03T11:28:44","modified_gmt":"2023-04-03T09:28:44","slug":"terms-of-sale","status":"publish","type":"page","link":"https:\/\/cocosolis.com\/at\/terms-of-sale\/","title":{"rendered":"Allgemeine Gesch\u00e4ftsbedingungen"},"content":{"rendered":"\n<h2 class=\"wp-block-heading\">Allgemeine Gesch\u00e4ftsbedingungen<\/h2>\n\n\n\n<p>Die folgenden Verkaufsbedingungen regeln die Lieferung und den Verkauf von Produkten auf unserer Website (\u201ccocosolis.com\u201d). Die auf cocosolis.com gekauften Produkte werden direkt von PURMERUL Ltd., mit Sitz in Bulgarien, Liuleburgas 22, Et. 4, App. 9, 4002 Plovdiv, UIC 201172065, MwSt.-Identifikationsnummer BG201172065.<\/p>\n\n\n\n<h5 class=\"wp-block-heading\">1. Verkaufsregeln bei cocosolis.com<\/h5>\n\n\n\n<p>1.1 PURMERUL Ltd. bietet Produkte zum Verkauf an \u201ccocosolis.com\u201d.<br>1.2 PURMERUL Ltd. beh\u00e4lt sich das Recht vor, Bestellungen, die nicht den Verkaufsregeln von cocosolis.com entsprechen, nicht zu bearbeiten und auszuf\u00fchren.<br>1.3 Diese Verkaufsbedingungen regeln die Annahme und Ausf\u00fchrung von Kaufauftr\u00e4gen f\u00fcr die Produkte von cocosolis.com zwischen den Nutzern von cocosolis.com und PURMERUL Ltd.<\/p>\n\n\n\n<h5 class=\"wp-block-heading\">2. Bestellung auf cocosolis.com<\/h5>\n\n\n\n<p>2.1 Um eine Bestellung f\u00fcr ein oder mehrere Produkte bei cocosolis.com zu t\u00e4tigen, m\u00fcssen Sie das Online-Bestellformular ausf\u00fcllen und es gem\u00e4\u00df den entsprechenden Anweisungen elektronisch senden.<br>2.2 Das Bestellformular (Bestellung) enth\u00e4lt Informationen \u00fcber die Grundmerkmale jedes bestellten Produkts und den Preis der Einheit (einschlie\u00dflich aller anwendbaren Steuern und Geb\u00fchren), die Art der Zahlung, die Sie f\u00fcr den Kauf jedes Produkts verwenden k\u00f6nnen, sowie die Kaufbedingungen f\u00fcr die erworbenen Produkte, Liefer- und Transportkosten. Auf der Website finden Sie Verweise auf die Bedingungen f\u00fcr die R\u00fccksendung der gekauften Produkte, die Versandkosten sowie Angaben zu Verk\u00e4ufer, Post- und E-Mail-Adressen sowie die Frist, zu der der H\u00e4ndler die Lieferung der Waren verspricht. Sie finden Informationen zu den Bedingungen f\u00fcr die Aus\u00fcbung Ihres Widerrufsrechts, zu den Verfahren und Fristen f\u00fcr die R\u00fcckgabe des Kaufs sowie zu den Umst\u00e4nden, unter denen Sie Ihr Recht zum R\u00fccktritt vom Vertrag gem\u00e4\u00df den Verbraucherschutzgesetzen verlieren w\u00fcrden.<br>2.3 Die Bestellung gilt als \u00fcberliefert, wenn PURMERUL Ltd. das Bestellformular (Bestellung) elektronisch erhalten hat und die Bestellinformationen als korrekt best\u00e4tigt wurden.<br>2.4 Die \u00dcbermittlung des Bestellformulars ist eine Verpflichtung zur Zahlung des angegebenen Betrags. Das Bestellformular wird in der Datenbank f\u00fcr die Zeit gespeichert, die f\u00fcr die Bearbeitung Ihrer Bestellung erforderlich ist, und ist gesetzlich vorgeschrieben.<br>2.5 Nach Erhalt Ihres Bestellformulars wird PURMERUL Ltd. Ihre Bestellung bearbeiten.<br>2.6 PURMERUL Ltd. beh\u00e4lt sich das Recht vor, Bestellungen nicht zu bearbeiten, wenn sie unvollst\u00e4ndig oder ungenau sind oder die Produkte nicht mehr (auf Lager) verf\u00fcgbar sind. In den oben genannten F\u00e4llen werden wir Sie per E-Mail dar\u00fcber informieren, dass die Vereinbarung nicht erf\u00fcllt ist und dass PURMERUL Ltd. Ihe Bestellung nicht unter Angabe der Gr\u00fcnde abgeschlossen hat. Wenn die auf cocosolis.com angezeigten Produkte nicht mehr verf\u00fcgbar sind bei Ihrem letzten Besuch auf die Website oder nach PURMERUL Ltd. hat Ihr Bestellformular (Bestellung) erhalten, PURMERUL Ltd. informiert Sie innerhalb von zehn (10) Tagen ab dem Tag, an dem PURMERUL Ltd. hat Ihre Bestellung erhalten.<br>Wenn das Bestellformular (Bestellung) gesendet wird und der Preis f\u00fcr Produkte bezahlt wurde, die nicht mehr verf\u00fcgbar sind, wird PURMERUL Ltd. den f\u00fcr diese Produkte gezahlten Betrag unverz\u00fcglich zur\u00fcckerstatten, und die Vereinbarung zwischen den Parteien gilt als beendet.<br>2.7 Mit dem Absenden eines Bestellformulars an PURMERUL Ltd. stimmen Sie den Bestimmungen dieser Allgemeinen Verkaufsbedingungen mit PURMERUL Ltd. zu. Sollten Sie mit den Bestimmungen dieser Verkaufsbedingungen nicht einverstanden sein, senden Sie das Bestellformular (Bestellung) nicht an cocosolis.com.<br>2.8 Sobald der Vertrag in Kraft getreten ist, sendet Ihnen der Verk\u00e4ufer eine E-Mail-Best\u00e4tigung f\u00fcr den Eingang der Kaufanfrage. Mit dem Absenden eines Bestellformulars stimmen Sie den Verkaufsbedingungen sowie den zus\u00e4tzlichen Bedingungen in cocosolis.com durch Links zu, einschlie\u00dflich der Servicebedingungen, der Datenschutzrichtlinie und der R\u00fcckgaberichtlinie.<br>2.9 Wir m\u00f6chten Sie daran erinnern, dass alle gekauften Produkte in dem Land verwendet werden sollen, in dem sie bestellt werden. Wenn Sie sich jedoch entschlossen haben, die Produkte in ein anderes Land zu exportieren, m\u00fcssen Sie die Exportgesetze des Kauflandes und die Importgesetze des Landes einhalten, in dem Sie sie einf\u00fchren. PURMERUL Ltd. ist daf\u00fcr nicht verantwortlich.<\/p>\n\n\n\n<h5 class=\"wp-block-heading\">3. Produktgarantien. Produktpreise<\/h5>\n\n\n\n<p>3.1 Bei cocosolis.com bieten wir Luxus- und Qualit\u00e4tsprodukte zum Verkauf an.<br>3.2 Die Hauptmerkmale der Produkte werden auf cocosolis.com auf jeder Produktseite angezeigt.<br>3.3 Die Preise k\u00f6nnen sich \u00e4ndern. \u00dcberpr\u00fcfen Sie den endg\u00fcltigen Verkaufspreis, bevor Sie das Bestellformular (Bestellung) absenden.<br>3.4 Bestellungen, die auf der Website nach L\u00e4ndern und Adressen aufgegeben werden, an die PURMERUL Ltd. nicht liefern kann, werden automatisch storniert.<br>3.5 In \u00dcbereinstimmung mit den Verbraucherschutzgesetzen sind Sie f\u00fcr jede Wertminderung von auf cocosolis.com gekauften Produkten verantwortlich, die sich aus der Verwendung der gleichen Produkte als Ihrer beabsichtigten Verwendung ergibt. Wenn Sie sich entscheiden, Ihr Recht auf R\u00fcckgabe der gekauften Produkte auszu\u00fcben, ist COCOSOLIS berechtigt, die zur\u00fcckgegebenen Produkte nicht zu akzeptieren oder die Betr\u00e4ge, die f\u00fcr gekaufte Produkte bezahlt wurden, die ge\u00e4ndert oder besch\u00e4digt wurden, nicht vollst\u00e4ndig einzuziehen.<\/p>\n\n\n\n<h5 class=\"wp-block-heading\">4. Zahlungen<\/h5>\n\n\n\n<p>4.1 Die Zahlung des Warenwerts und der entsprechenden Transport- und Lieferkosten muss nach einem der im Bestellformular angegebenen Verfahren erfolgen. Unter keinen Umst\u00e4nden wird nicht mehr als der vom Verk\u00e4ufer im Zusammenhang mit der zuvor gew\u00e4hlten Zahlungsmethode angegebenen Wert berechnet.<br>4.2 Zahlungsmethoden:<br>Sie k\u00f6nnen wahlweise per Kreditkart, PayPal, SEPA Bank\u00fcberweisung, Sofort banking, Giropay oder Rechnung mit Klarna bezahlen.<br>4.3 Im Falle einer Kredit- oder Debitkartenzahlung werden alle Daten (z. B. Kartennummer oder Ablaufdatum) \u00fcber ein verschl\u00fcsseltes Protokoll an die jeweilige Bank gesendet, die elektronische Fernabwicklungsdienste bereitstellt, ohne dass Dritte Zugriff darauf haben zu ihnen.<br>Diese Daten werden von PURMERUL Ltd. nicht verwendet, es sei denn, das Verfahren wird im Zusammenhang mit Ihrem Kauf oder der Erstattung einer R\u00fcckerstattung f\u00fcr den Fall der R\u00fccksendung der Waren in \u00dcbereinstimmung mit Ihrem Recht auf R\u00fccksendung eines Produkts oder zur Anzeige von Betrugsf\u00e4llen durch die Polizei durchgef\u00fchrt.<\/p>\n\n\n\n<h5 class=\"wp-block-heading\">5. Rabattcodes<\/h5>\n\n\n\n<p>5.1 Rabattcodes sind personalisierte Codes, mit denen Sie Rabatte bei K\u00e4ufen bei cocosolis.com nutzen k\u00f6nnen.<br>5.2 Rabattcodes k\u00f6nnen unter keinen Umst\u00e4nden in Geld umgetauscht werden;<\/p>\n\n\n\n<h5 class=\"wp-block-heading\">6. Widerrufsrecht gem\u00e4\u00df den Verbraucherschutzgesetzen<\/h5>\n\n\n\n<p>6.1 Gem\u00e4\u00df den Verbraucherschutzgesetzen k\u00f6nnen Sie Produkte, die Sie bei cocosolis.com gekauft haben, ohne Sanktionen und ohne Angabe von Gr\u00fcnden innerhalb von vierzehn (14) Tagen nach Erhalt der erworbenen Produkte bei cocosolis.com zur\u00fcckgeben.<br>6.2 Sobald Sie von Ihrem Recht Gebrauch gemacht haben aus dem Vertrag zu scheiden, m\u00fcssen Sie die Produkte an den Verk\u00e4ufer zur\u00fcckgeben, indem Sie sie innerhalb von vierzehn (14) Tagen zur\u00fccksenden, und den Verk\u00e4ufer \u00fcber Ihre Entscheidung informieren aus dem Vertrag (Kauf) zu scheiden.<\/p>\n\n\n\n<h5 class=\"wp-block-heading\">7. Gesetz<\/h5>\n\n\n\n<p>7.1 Diese Allgemeinen Verkaufsbedingungen unterliegen bulgarischem Recht.<\/p>\n\n\n\n<h5 class=\"wp-block-heading\">8. \u00c4nderungen und Aktualisierungen<\/h5>\n\n\n\n<p>Die Allgemeinen Verkaufsbedingungen k\u00f6nnen aufgrund neuer Gesetze und Bestimmungen oder aus anderen Gr\u00fcnden ge\u00e4ndert werden. Die neuen Verkaufsbedingungen sollten ab dem Datum Ihrer Ver\u00f6ffentlichung auf cocosolis.com gelten.<\/p>\n\n\n\n<p>Bedingungen f\u00fcr die Nutzung der Website<\/p>\n\n\n\n<h5 class=\"wp-block-heading\">9. Haftung<\/h5>\n\n\n\n<p>Die auf der Website enthaltenen Informationen zu den in den kosmetischen Produkten von&nbsp;<a href=\"https:\/\/www.cocosolis.com\/\" target=\"_blank\" rel=\"noreferrer noopener\">COCOSOLIS.COM<\/a>&nbsp;verwendeten Inhaltsstoffen sind weder als Ratschl\u00e4ge oder Empfehlungen zur Verwendung eines kosmetischen Produkts gedacht, noch als solche zu verstehen. Wenn Sie Fragen zur Verwendung eines kosmetischen Produkts haben, lesen Sie bitte das Etikett auf dem Produkt, kontaktieren Sie uns oder wenden Sie sich an einen Arzt.<\/p>\n\n\n\n<p>Durch die Nutzung der Website best\u00e4tigen Sie und stimmen zu, dass die auf der Website angezeigten Informationen, einschlie\u00dflich aller von Experten oder Medizinern bereitgestellten Informationen, nur allgemeinen Bildungszwecken dienen. Unsere Produkte k\u00f6nnen keine gesundheitlichen Probleme verursachen. Wenn Sie Fragen zu einem gesundheitlichen Zustand haben, holen Sie sich nach Ihrem Ermessen immer einen \u00e4rztlichen Rat oder eine andere qualifizierte Hilfe ein.<\/p>\n\n\n\n<p>Das Verlassen auf Informationen jeglicher Art, die auf der Website ver\u00f6ffentlicht werden, erfolgt nur auf eigenes Risiko.<\/p>\n\n\n\n<p>Ver\u00f6ffentlichungsdatum: 7.07.2020.<\/p>\n","protected":false},"excerpt":{"rendered":"<p>Allgemeine Gesch\u00e4ftsbedingungen Die folgenden Verkaufsbedingungen regeln die Lieferung und den Verkauf von Produkten auf unserer Website (\u201ccocosolis.com\u201d). Die auf cocosolis.com gekauften Produkte werden direkt von PURMERUL Ltd., mit Sitz in Bulgarien, Liuleburgas 22, Et. 4, App. 9, 4002 Plovdiv, UIC 201172065, MwSt.-Identifikationsnummer BG201172065. 1. Verkaufsregeln bei cocosolis.com 1.1 PURMERUL Ltd. bietet Produkte zum Verkauf an &hellip; <a href=\"https:\/\/cocosolis.com\/at\/terms-of-sale\/\">Fortsetzung<\/a><\/p>\n","protected":false},"author":1,"featured_media":0,"parent":0,"menu_order":0,"comment_status":"closed","ping_status":"closed","template":"","meta":{"_acf_changed":false,"footnotes":""},"page_roles":[36],"class_list":["post-461","page","type-page","status-publish","hentry","page_roles-legal"],"acf":[],"_links":{"self":[{"href":"https:\/\/cocosolis.com\/at\/wp-json\/wp\/v2\/pages\/461","targetHints":{"allow":["GET"]}}],"collection":[{"href":"https:\/\/cocosolis.com\/at\/wp-json\/wp\/v2\/pages"}],"about":[{"href":"https:\/\/cocosolis.com\/at\/wp-json\/wp\/v2\/types\/page"}],"author":[{"embeddable":true,"href":"https:\/\/cocosolis.com\/at\/wp-json\/wp\/v2\/users\/1"}],"replies":[{"embeddable":true,"href":"https:\/\/cocosolis.com\/at\/wp-json\/wp\/v2\/comments?post=461"}],"version-history":[{"count":5,"href":"https:\/\/cocosolis.com\/at\/wp-json\/wp\/v2\/pages\/461\/revisions"}],"predecessor-version":[{"id":1000002924,"href":"https:\/\/cocosolis.com\/at\/wp-json\/wp\/v2\/pages\/461\/revisions\/1000002924"}],"wp:attachment":[{"href":"https:\/\/cocosolis.com\/at\/wp-json\/wp\/v2\/media?parent=461"}],"wp:term":[{"taxonomy":"page_roles","embeddable":true,"href":"https:\/\/cocosolis.com\/at\/wp-json\/wp\/v2\/page_roles?post=461"}],"curies":[{"name":"wp","href":"https:\/\/api.w.org\/{rel}","templated":true}]}}